{"id":865,"date":"2021-01-14T21:16:32","date_gmt":"2021-01-14T20:16:32","guid":{"rendered":"https:\/\/maelle.familledufour-lln.be\/wp\/?page_id=865"},"modified":"2026-01-29T13:02:43","modified_gmt":"2026-01-29T12:02:43","slug":"les-actes-bouillonnent-sous-les-strates-du-sol","status":"publish","type":"page","link":"https:\/\/maelledufour.be\/en\/les-actes-bouillonnent-sous-les-strates-du-sol\/","title":{"rendered":"Acts bubble under the strata of the ground"},"content":{"rendered":"<div data-elementor-type=\"wp-page\" data-elementor-id=\"865\" class=\"elementor elementor-865\">\n\t\t\t\t\t\t<section class=\"elementor-section elementor-top-section elementor-element elementor-element-0090120 elementor-section-boxed elementor-section-height-default elementor-section-height-default\" data-id=\"0090120\" data-element_type=\"section\" data-e-type=\"section\">\n\t\t\t\t\t\t<div class=\"elementor-container elementor-column-gap-default\">\n\t\t\t\t\t<div class=\"elementor-column elementor-col-16 elementor-top-column elementor-element elementor-element-54f4b6f\" data-id=\"54f4b6f\" data-element_type=\"column\" data-e-type=\"column\">\n\t\t\t<div class=\"elementor-widget-wrap elementor-element-populated\">\n\t\t\t\t\t\t<div class=\"elementor-element elementor-element-06388c2 elementor-hidden-phone elementor-widget elementor-widget-heading\" data-id=\"06388c2\" data-element_type=\"widget\" data-e-type=\"widget\" data-widget_type=\"heading.default\">\n\t\t\t\t<div class=\"elementor-widget-container\">\n\t\t\t\t\t<h2 class=\"elementor-heading-title elementor-size-small\"><a href=\"https:\/\/maelledufour.be\/en\/trop-tot-trop-tard\/\">Pr\u00e9c\u00e9dant<\/a><\/h2>\t\t\t\t<\/div>\n\t\t\t\t<\/div>\n\t\t\t\t<div class=\"elementor-element elementor-element-97627a9 elementor-view-default elementor-widget elementor-widget-icon\" data-id=\"97627a9\" data-element_type=\"widget\" data-e-type=\"widget\" data-widget_type=\"icon.default\">\n\t\t\t\t<div class=\"elementor-widget-container\">\n\t\t\t\t\t\t\t<div class=\"elementor-icon-wrapper\">\n\t\t\t<a class=\"elementor-icon\" href=\"https:\/\/maelledufour.be\/en\/trop-tot-trop-tard\/\">\n\t\t\t<i aria-hidden=\"true\" class=\"fas fa-chevron-left\"><\/i>\t\t\t<\/a>\n\t\t<\/div>\n\t\t\t\t\t\t<\/div>\n\t\t\t\t<\/div>\n\t\t\t\t\t<\/div>\n\t\t<\/div>\n\t\t\t\t<div class=\"elementor-column elementor-col-16 elementor-top-column elementor-element elementor-element-7266155\" data-id=\"7266155\" data-element_type=\"column\" data-e-type=\"column\">\n\t\t\t<div class=\"elementor-widget-wrap\">\n\t\t\t\t\t\t\t<\/div>\n\t\t<\/div>\n\t\t\t\t<div class=\"elementor-column elementor-col-16 elementor-top-column elementor-element elementor-element-5fe8934\" data-id=\"5fe8934\" data-element_type=\"column\" data-e-type=\"column\">\n\t\t\t<div class=\"elementor-widget-wrap\">\n\t\t\t\t\t\t\t<\/div>\n\t\t<\/div>\n\t\t\t\t<div class=\"elementor-column elementor-col-16 elementor-top-column elementor-element elementor-element-856c32c\" data-id=\"856c32c\" data-element_type=\"column\" data-e-type=\"column\">\n\t\t\t<div class=\"elementor-widget-wrap\">\n\t\t\t\t\t\t\t<\/div>\n\t\t<\/div>\n\t\t\t\t<div class=\"elementor-column elementor-col-16 elementor-top-column elementor-element elementor-element-7d9891c\" data-id=\"7d9891c\" data-element_type=\"column\" data-e-type=\"column\">\n\t\t\t<div class=\"elementor-widget-wrap\">\n\t\t\t\t\t\t\t<\/div>\n\t\t<\/div>\n\t\t\t\t<div class=\"elementor-column elementor-col-16 elementor-top-column elementor-element elementor-element-9957e0b\" data-id=\"9957e0b\" data-element_type=\"column\" data-e-type=\"column\">\n\t\t\t<div class=\"elementor-widget-wrap elementor-element-populated\">\n\t\t\t\t\t\t<div class=\"elementor-element elementor-element-f57a99f elementor-hidden-phone elementor-widget elementor-widget-heading\" data-id=\"f57a99f\" data-element_type=\"widget\" data-e-type=\"widget\" data-widget_type=\"heading.default\">\n\t\t\t\t<div class=\"elementor-widget-container\">\n\t\t\t\t\t<h2 class=\"elementor-heading-title elementor-size-small\"><a href=\"https:\/\/maelledufour.be\/en\/societes-dissoutes\/\">Suivant<\/a><\/h2>\t\t\t\t<\/div>\n\t\t\t\t<\/div>\n\t\t\t\t<div class=\"elementor-element elementor-element-3d41187 elementor-view-default elementor-widget elementor-widget-icon\" data-id=\"3d41187\" data-element_type=\"widget\" data-e-type=\"widget\" data-widget_type=\"icon.default\">\n\t\t\t\t<div class=\"elementor-widget-container\">\n\t\t\t\t\t\t\t<div class=\"elementor-icon-wrapper\">\n\t\t\t<a class=\"elementor-icon\" href=\"https:\/\/maelledufour.be\/en\/ilots-epars-2\/\">\n\t\t\t<i aria-hidden=\"true\" class=\"fas fa-chevron-right\"><\/i>\t\t\t<\/a>\n\t\t<\/div>\n\t\t\t\t\t\t<\/div>\n\t\t\t\t<\/div>\n\t\t\t\t\t<\/div>\n\t\t<\/div>\n\t\t\t\t\t<\/div>\n\t\t<\/section>\n\t\t\t\t<section class=\"elementor-section elementor-top-section elementor-element elementor-element-7ba1061 elementor-section-boxed elementor-section-height-default elementor-section-height-default\" data-id=\"7ba1061\" data-element_type=\"section\" data-e-type=\"section\">\n\t\t\t\t\t\t<div class=\"elementor-container elementor-column-gap-default\">\n\t\t\t\t\t\t<\/div>\n\t\t<\/section>\n\t\t\t\t<section class=\"elementor-section elementor-top-section elementor-element elementor-element-3401086 elementor-section-boxed elementor-section-height-default elementor-section-height-default\" data-id=\"3401086\" data-element_type=\"section\" data-e-type=\"section\">\n\t\t\t\t\t\t<div class=\"elementor-container elementor-column-gap-default\">\n\t\t\t\t\t<div class=\"elementor-column elementor-col-50 elementor-top-column elementor-element elementor-element-21a4ac1\" data-id=\"21a4ac1\" data-element_type=\"column\" data-e-type=\"column\">\n\t\t\t<div class=\"elementor-widget-wrap elementor-element-populated\">\n\t\t\t\t\t\t<div class=\"elementor-element elementor-element-1b6b806 elementor-widget elementor-widget-text-editor\" data-id=\"1b6b806\" data-element_type=\"widget\" data-e-type=\"widget\" data-widget_type=\"text-editor.default\">\n\t\t\t\t<div class=\"elementor-widget-container\">\n\t\t\t\t\t\t\t\t\t<p>Les actes bouillonnent sous les strates du sol \n [Acts bubble under the strata of the ground], 2016, Steel, red enamel, coal, plywood, black tarpaulin, dirt, 200 x 150 x 100 cm, SOLI SOL SOLI, La Maison des Arts de Schaerbeek, Brussels (BE)<em><br \/><\/em><\/p>\t\t\t\t\t\t\t\t<\/div>\n\t\t\t\t<\/div>\n\t\t\t\t\t<\/div>\n\t\t<\/div>\n\t\t\t\t<div class=\"elementor-column elementor-col-50 elementor-top-column elementor-element elementor-element-6c88f8f\" data-id=\"6c88f8f\" data-element_type=\"column\" data-e-type=\"column\">\n\t\t\t<div class=\"elementor-widget-wrap\">\n\t\t\t\t\t\t\t<\/div>\n\t\t<\/div>\n\t\t\t\t\t<\/div>\n\t\t<\/section>\n\t\t\t\t<section class=\"elementor-section elementor-top-section elementor-element elementor-element-ef8e36e elementor-section-boxed elementor-section-height-default elementor-section-height-default\" data-id=\"ef8e36e\" data-element_type=\"section\" data-e-type=\"section\">\n\t\t\t\t\t\t<div class=\"elementor-container elementor-column-gap-default\">\n\t\t\t\t\t<div class=\"elementor-column elementor-col-100 elementor-top-column elementor-element elementor-element-d7a95f7\" data-id=\"d7a95f7\" data-element_type=\"column\" data-e-type=\"column\">\n\t\t\t<div class=\"elementor-widget-wrap\">\n\t\t\t\t\t\t\t<\/div>\n\t\t<\/div>\n\t\t\t\t\t<\/div>\n\t\t<\/section>\n\t\t\t\t<section class=\"elementor-section elementor-top-section elementor-element elementor-element-6fb6620 elementor-section-boxed elementor-section-height-default elementor-section-height-default\" data-id=\"6fb6620\" data-element_type=\"section\" data-e-type=\"section\">\n\t\t\t\t\t\t<div class=\"elementor-container elementor-column-gap-default\">\n\t\t\t\t\t<div class=\"elementor-column elementor-col-100 elementor-top-column elementor-element elementor-element-6b6b6c0\" data-id=\"6b6b6c0\" data-element_type=\"column\" data-e-type=\"column\">\n\t\t\t<div class=\"elementor-widget-wrap elementor-element-populated\">\n\t\t\t\t\t\t<div class=\"elementor-element elementor-element-0151a45 gallery-spacing-custom elementor-widget elementor-widget-image-gallery\" data-id=\"0151a45\" data-element_type=\"widget\" data-e-type=\"widget\" data-widget_type=\"image-gallery.default\">\n\t\t\t\t<div class=\"elementor-widget-container\">\n\t\t\t\t\t\t\t<div class=\"elementor-image-gallery\">\n\t\t\t<div id='gallery-11' class='gallery galleryid-865 gallery-columns-1 gallery-size-full'><figure class='gallery-item'>\n\t\t\t<div class='gallery-icon landscape'>\n\t\t\t\t<a data-elementor-open-lightbox=\"yes\" data-elementor-lightbox-slideshow=\"0151a45\" data-e-action-hash=\"#elementor-action%3Aaction%3Dlightbox%26settings%3DeyJpZCI6NjU3LCJ1cmwiOiJodHRwczpcL1wvbWFlbGxlZHVmb3VyLmJlXC93cC1jb250ZW50XC91cGxvYWRzXC8yMDIwXC8xMlwvcG0uanBnIiwic2xpZGVzaG93IjoiMDE1MWE0NSJ9\" href='https:\/\/maelledufour.be\/wp-content\/uploads\/2020\/12\/pm.jpg'><img fetchpriority=\"high\" decoding=\"async\" width=\"2001\" height=\"1341\" src=\"https:\/\/maelledufour.be\/wp-content\/uploads\/2020\/12\/pm.jpg\" class=\"attachment-full size-full\" alt=\"\" srcset=\"https:\/\/maelledufour.be\/wp-content\/uploads\/2020\/12\/pm.jpg 2001w, https:\/\/maelledufour.be\/wp-content\/uploads\/2020\/12\/pm-300x201.jpg 300w, https:\/\/maelledufour.be\/wp-content\/uploads\/2020\/12\/pm-1024x686.jpg 1024w, https:\/\/maelledufour.be\/wp-content\/uploads\/2020\/12\/pm-768x515.jpg 768w, https:\/\/maelledufour.be\/wp-content\/uploads\/2020\/12\/pm-1536x1029.jpg 1536w, https:\/\/maelledufour.be\/wp-content\/uploads\/2020\/12\/pm-16x12.jpg 16w, https:\/\/maelledufour.be\/wp-content\/uploads\/2020\/12\/pm-350x235.jpg 350w\" sizes=\"(max-width: 2001px) 100vw, 2001px\" \/><\/a>\n\t\t\t<\/div><\/figure>\n\t\t<\/div>\n\t\t<\/div>\n\t\t\t\t\t\t<\/div>\n\t\t\t\t<\/div>\n\t\t\t\t\t<\/div>\n\t\t<\/div>\n\t\t\t\t\t<\/div>\n\t\t<\/section>\n\t\t\t\t<section class=\"elementor-section elementor-top-section elementor-element elementor-element-2978927 elementor-section-boxed elementor-section-height-default elementor-section-height-default\" data-id=\"2978927\" data-element_type=\"section\" data-e-type=\"section\">\n\t\t\t\t\t\t<div class=\"elementor-container elementor-column-gap-default\">\n\t\t\t\t\t<div class=\"elementor-column elementor-col-100 elementor-top-column elementor-element elementor-element-b4a188e\" data-id=\"b4a188e\" data-element_type=\"column\" data-e-type=\"column\">\n\t\t\t<div class=\"elementor-widget-wrap\">\n\t\t\t\t\t\t\t<\/div>\n\t\t<\/div>\n\t\t\t\t\t<\/div>\n\t\t<\/section>\n\t\t\t\t<section class=\"elementor-section elementor-top-section elementor-element elementor-element-aa3c184 elementor-section-boxed elementor-section-height-default elementor-section-height-default\" data-id=\"aa3c184\" data-element_type=\"section\" data-e-type=\"section\">\n\t\t\t\t\t\t<div class=\"elementor-container elementor-column-gap-default\">\n\t\t\t\t\t<div class=\"elementor-column elementor-col-33 elementor-top-column elementor-element elementor-element-f5551ca\" data-id=\"f5551ca\" data-element_type=\"column\" data-e-type=\"column\">\n\t\t\t<div class=\"elementor-widget-wrap\">\n\t\t\t\t\t\t\t<\/div>\n\t\t<\/div>\n\t\t\t\t<div class=\"elementor-column elementor-col-33 elementor-top-column elementor-element elementor-element-5c82300\" data-id=\"5c82300\" data-element_type=\"column\" data-e-type=\"column\">\n\t\t\t<div class=\"elementor-widget-wrap elementor-element-populated\">\n\t\t\t\t\t\t<div class=\"elementor-element elementor-element-78c9412 elementor-widget elementor-widget-text-editor\" data-id=\"78c9412\" data-element_type=\"widget\" data-e-type=\"widget\" data-widget_type=\"text-editor.default\">\n\t\t\t\t<div class=\"elementor-widget-container\">\n\t\t\t\t\t\t\t\t\t<p align=\"JUSTIFY\"><span style=\"font-family: Calibri, serif; color: rgb(0, 0, 0); background-color: transparent;\">La sculpture compos\u00e9e de rebuts met en relation les mat\u00e9riaux naturels et les objets manufactur\u00e9s. Ces \u00e9l\u00e9ments accumul\u00e9s et juxtapos\u00e9s d\u00e9classent la sculpture. Il devient impossible de restituer quoi que ce soit de mani\u00e8re litt\u00e9rale. La complexit\u00e9 du monde se montre.<\/span><br><\/p>\t\t\t\t\t\t\t\t<\/div>\n\t\t\t\t<\/div>\n\t\t\t\t\t<\/div>\n\t\t<\/div>\n\t\t\t\t<div class=\"elementor-column elementor-col-33 elementor-top-column elementor-element elementor-element-3998652\" data-id=\"3998652\" data-element_type=\"column\" data-e-type=\"column\">\n\t\t\t<div class=\"elementor-widget-wrap\">\n\t\t\t\t\t\t\t<\/div>\n\t\t<\/div>\n\t\t\t\t\t<\/div>\n\t\t<\/section>\n\t\t\t\t<\/div>","protected":false},"excerpt":{"rendered":"<p>Pr\u00e9c\u00e9dant Suivant Les actes bouillonnent sous les strates du sol, 2016-2017, acier, \u00e9mail rouge, charbon, bois contreplaqu\u00e9, b\u00e2che noir et terre, 200 x 150 x 100 cm, La Maison des Arts de Schaerbeek Bruxelles, Belgique La sculpture compos\u00e9e de rebuts met en relation les mat\u00e9riaux naturels et les objets manufactur\u00e9s. Ces \u00e9l\u00e9ments accumul\u00e9s et juxtapos\u00e9s&#8230;<\/p>","protected":false},"author":1,"featured_media":0,"parent":0,"menu_order":0,"comment_status":"closed","ping_status":"closed","template":"","meta":{"_monsterinsights_skip_tracking":false,"_monsterinsights_sitenote_active":false,"_monsterinsights_sitenote_note":"","_monsterinsights_sitenote_category":0,"_kadence_starter_templates_imported_post":false,"_kad_post_transparent":"","_kad_post_title":"","_kad_post_layout":"","_kad_post_sidebar_id":"","_kad_post_content_style":"","_kad_post_vertical_padding":"","_kad_post_feature":"","_kad_post_feature_position":"","_kad_post_header":false,"_kad_post_footer":false,"_kad_post_classname":"","footnotes":""},"class_list":["post-865","page","type-page","status-publish","hentry"],"aioseo_notices":[],"_links":{"self":[{"href":"https:\/\/maelledufour.be\/en\/wp-json\/wp\/v2\/pages\/865","targetHints":{"allow":["GET"]}}],"collection":[{"href":"https:\/\/maelledufour.be\/en\/wp-json\/wp\/v2\/pages"}],"about":[{"href":"https:\/\/maelledufour.be\/en\/wp-json\/wp\/v2\/types\/page"}],"author":[{"embeddable":true,"href":"https:\/\/maelledufour.be\/en\/wp-json\/wp\/v2\/users\/1"}],"replies":[{"embeddable":true,"href":"https:\/\/maelledufour.be\/en\/wp-json\/wp\/v2\/comments?post=865"}],"version-history":[{"count":40,"href":"https:\/\/maelledufour.be\/en\/wp-json\/wp\/v2\/pages\/865\/revisions"}],"predecessor-version":[{"id":2842,"href":"https:\/\/maelledufour.be\/en\/wp-json\/wp\/v2\/pages\/865\/revisions\/2842"}],"wp:attachment":[{"href":"https:\/\/maelledufour.be\/en\/wp-json\/wp\/v2\/media?parent=865"}],"curies":[{"name":"wp","href":"https:\/\/api.w.org\/{rel}","templated":true}]}}