{"id":830,"date":"2021-01-14T20:38:24","date_gmt":"2021-01-14T19:38:24","guid":{"rendered":"https:\/\/maelle.familledufour-lln.be\/wp\/?page_id=830"},"modified":"2024-08-27T13:41:01","modified_gmt":"2024-08-27T11:41:01","slug":"elle-bat-au-souffle-de-la-terre","status":"publish","type":"page","link":"https:\/\/maelledufour.be\/en\/elle-bat-au-souffle-de-la-terre\/","title":{"rendered":"She beats to the breath of the earth"},"content":{"rendered":"<div data-elementor-type=\"wp-page\" data-elementor-id=\"830\" class=\"elementor elementor-830\">\n\t\t\t\t\t\t<section class=\"elementor-section elementor-top-section elementor-element elementor-element-8f85d56 elementor-section-boxed elementor-section-height-default elementor-section-height-default\" data-id=\"8f85d56\" data-element_type=\"section\" data-e-type=\"section\">\n\t\t\t\t\t\t<div class=\"elementor-container elementor-column-gap-default\">\n\t\t\t\t\t<div class=\"elementor-column elementor-col-16 elementor-top-column elementor-element elementor-element-eb2b587\" data-id=\"eb2b587\" data-element_type=\"column\" data-e-type=\"column\">\n\t\t\t<div class=\"elementor-widget-wrap elementor-element-populated\">\n\t\t\t\t\t\t<div class=\"elementor-element elementor-element-e6edc60 elementor-view-default elementor-widget elementor-widget-icon\" data-id=\"e6edc60\" data-element_type=\"widget\" data-e-type=\"widget\" data-widget_type=\"icon.default\">\n\t\t\t\t<div class=\"elementor-widget-container\">\n\t\t\t\t\t\t\t<div class=\"elementor-icon-wrapper\">\n\t\t\t<a class=\"elementor-icon\" href=\"https:\/\/maelledufour.be\/en\/tenir-le-poids-dune-presence\/\">\n\t\t\t<i aria-hidden=\"true\" class=\"fas fa-chevron-left\"><\/i>\t\t\t<\/a>\n\t\t<\/div>\n\t\t\t\t\t\t<\/div>\n\t\t\t\t<\/div>\n\t\t\t\t\t<\/div>\n\t\t<\/div>\n\t\t\t\t<div class=\"elementor-column elementor-col-16 elementor-top-column elementor-element elementor-element-8324285\" data-id=\"8324285\" data-element_type=\"column\" data-e-type=\"column\">\n\t\t\t<div class=\"elementor-widget-wrap\">\n\t\t\t\t\t\t\t<\/div>\n\t\t<\/div>\n\t\t\t\t<div class=\"elementor-column elementor-col-16 elementor-top-column elementor-element elementor-element-52e12ed\" data-id=\"52e12ed\" data-element_type=\"column\" data-e-type=\"column\">\n\t\t\t<div class=\"elementor-widget-wrap\">\n\t\t\t\t\t\t\t<\/div>\n\t\t<\/div>\n\t\t\t\t<div class=\"elementor-column elementor-col-16 elementor-top-column elementor-element elementor-element-fb23c3d\" data-id=\"fb23c3d\" data-element_type=\"column\" data-e-type=\"column\">\n\t\t\t<div class=\"elementor-widget-wrap\">\n\t\t\t\t\t\t\t<\/div>\n\t\t<\/div>\n\t\t\t\t<div class=\"elementor-column elementor-col-16 elementor-top-column elementor-element elementor-element-c558033\" data-id=\"c558033\" data-element_type=\"column\" data-e-type=\"column\">\n\t\t\t<div class=\"elementor-widget-wrap\">\n\t\t\t\t\t\t\t<\/div>\n\t\t<\/div>\n\t\t\t\t<div class=\"elementor-column elementor-col-16 elementor-top-column elementor-element elementor-element-d376b33\" data-id=\"d376b33\" data-element_type=\"column\" data-e-type=\"column\">\n\t\t\t<div class=\"elementor-widget-wrap elementor-element-populated\">\n\t\t\t\t\t\t<div class=\"elementor-element elementor-element-46e5bf7 elementor-view-default elementor-widget elementor-widget-icon\" data-id=\"46e5bf7\" data-element_type=\"widget\" data-e-type=\"widget\" data-widget_type=\"icon.default\">\n\t\t\t\t<div class=\"elementor-widget-container\">\n\t\t\t\t\t\t\t<div class=\"elementor-icon-wrapper\">\n\t\t\t<a class=\"elementor-icon\" href=\"https:\/\/maelledufour.be\/en\/outre-tombe\/\">\n\t\t\t<i aria-hidden=\"true\" class=\"fas fa-chevron-right\"><\/i>\t\t\t<\/a>\n\t\t<\/div>\n\t\t\t\t\t\t<\/div>\n\t\t\t\t<\/div>\n\t\t\t\t\t<\/div>\n\t\t<\/div>\n\t\t\t\t\t<\/div>\n\t\t<\/section>\n\t\t\t\t<section class=\"elementor-section elementor-top-section elementor-element elementor-element-7314c05 elementor-section-boxed elementor-section-height-default elementor-section-height-default\" data-id=\"7314c05\" data-element_type=\"section\" data-e-type=\"section\">\n\t\t\t\t\t\t<div class=\"elementor-container elementor-column-gap-default\">\n\t\t\t\t\t<div class=\"elementor-column elementor-col-50 elementor-top-column elementor-element elementor-element-9b861f4\" data-id=\"9b861f4\" data-element_type=\"column\" data-e-type=\"column\">\n\t\t\t<div class=\"elementor-widget-wrap elementor-element-populated\">\n\t\t\t\t\t\t<div class=\"elementor-element elementor-element-207cd3c elementor-widget elementor-widget-text-editor\" data-id=\"207cd3c\" data-element_type=\"widget\" data-e-type=\"widget\" data-widget_type=\"text-editor.default\">\n\t\t\t\t<div class=\"elementor-widget-container\">\n\t\t\t\t\t\t\t\t\t<p><em>She beats to the breath of the earth<\/em>, 2017, Blue stone mud, plywood and steel, 300 x 90 x 20 cm, Soli Sol Soli, La Maison de Arts, Schaerbeek, Brussels \u2013 \u00a9 Isabelle Arthuis<\/p>\t\t\t\t\t\t\t\t<\/div>\n\t\t\t\t<\/div>\n\t\t\t\t\t<\/div>\n\t\t<\/div>\n\t\t\t\t<div class=\"elementor-column elementor-col-50 elementor-top-column elementor-element elementor-element-c1566c5\" data-id=\"c1566c5\" data-element_type=\"column\" data-e-type=\"column\">\n\t\t\t<div class=\"elementor-widget-wrap\">\n\t\t\t\t\t\t\t<\/div>\n\t\t<\/div>\n\t\t\t\t\t<\/div>\n\t\t<\/section>\n\t\t\t\t<section class=\"elementor-section elementor-top-section elementor-element elementor-element-3579a41d elementor-section-boxed elementor-section-height-default elementor-section-height-default\" data-id=\"3579a41d\" data-element_type=\"section\" data-e-type=\"section\" data-settings=\"{&quot;background_background&quot;:&quot;classic&quot;}\">\n\t\t\t\t\t\t<div class=\"elementor-container elementor-column-gap-default\">\n\t\t\t\t\t<div class=\"elementor-column elementor-col-100 elementor-top-column elementor-element elementor-element-56062dd7\" data-id=\"56062dd7\" data-element_type=\"column\" data-e-type=\"column\">\n\t\t\t<div class=\"elementor-widget-wrap elementor-element-populated\">\n\t\t\t\t\t\t<section class=\"elementor-section elementor-inner-section elementor-element elementor-element-53f2e4d8 elementor-section-boxed elementor-section-height-default elementor-section-height-default\" data-id=\"53f2e4d8\" data-element_type=\"section\" data-e-type=\"section\">\n\t\t\t\t\t\t<div class=\"elementor-container elementor-column-gap-default\">\n\t\t\t\t\t<div class=\"elementor-column elementor-col-100 elementor-inner-column elementor-element elementor-element-1699c25b\" data-id=\"1699c25b\" data-element_type=\"column\" data-e-type=\"column\">\n\t\t\t<div class=\"elementor-widget-wrap elementor-element-populated\">\n\t\t\t\t\t\t<div class=\"elementor-element elementor-element-6a48d9b7 gallery-spacing-custom elementor-widget elementor-widget-image-gallery\" data-id=\"6a48d9b7\" data-element_type=\"widget\" data-e-type=\"widget\" data-widget_type=\"image-gallery.default\">\n\t\t\t\t<div class=\"elementor-widget-container\">\n\t\t\t\t\t\t\t<div class=\"elementor-image-gallery\">\n\t\t\t<div id='gallery-17' class='gallery galleryid-830 gallery-columns-1 gallery-size-full'><figure class='gallery-item'>\n\t\t\t<div class='gallery-icon portrait'>\n\t\t\t\t<a data-elementor-open-lightbox=\"yes\" data-elementor-lightbox-slideshow=\"6a48d9b7\" data-elementor-lightbox-title=\"Ma\u00eblle Dufour, Elle bat au souffle de la terre, 2017, \u00a9 Isabelle Arthuis\" data-e-action-hash=\"#elementor-action%3Aaction%3Dlightbox%26settings%3DeyJpZCI6MjQ1LCJ1cmwiOiJodHRwczpcL1wvbWFlbGxlZHVmb3VyLmJlXC93cC1jb250ZW50XC91cGxvYWRzXC8yMDIwXC8xMVwvbWFlbGxlZHVmb3VycHJvamV0cmFzc3NlbWJsZS0zLXN1ci02LmpwZyIsInNsaWRlc2hvdyI6IjZhNDhkOWI3In0%3D\" href='https:\/\/maelledufour.be\/wp-content\/uploads\/2020\/11\/maelledufourprojetrasssemble-3-sur-6.jpg'><img fetchpriority=\"high\" decoding=\"async\" width=\"1338\" height=\"2000\" src=\"https:\/\/maelledufour.be\/wp-content\/uploads\/2020\/11\/maelledufourprojetrasssemble-3-sur-6.jpg\" class=\"attachment-full size-full\" alt=\"\" srcset=\"https:\/\/maelledufour.be\/wp-content\/uploads\/2020\/11\/maelledufourprojetrasssemble-3-sur-6.jpg 1338w, https:\/\/maelledufour.be\/wp-content\/uploads\/2020\/11\/maelledufourprojetrasssemble-3-sur-6-201x300.jpg 201w, https:\/\/maelledufour.be\/wp-content\/uploads\/2020\/11\/maelledufourprojetrasssemble-3-sur-6-685x1024.jpg 685w, https:\/\/maelledufour.be\/wp-content\/uploads\/2020\/11\/maelledufourprojetrasssemble-3-sur-6-768x1148.jpg 768w, https:\/\/maelledufour.be\/wp-content\/uploads\/2020\/11\/maelledufourprojetrasssemble-3-sur-6-1028x1536.jpg 1028w, https:\/\/maelledufour.be\/wp-content\/uploads\/2020\/11\/maelledufourprojetrasssemble-3-sur-6-8x12.jpg 8w\" sizes=\"(max-width: 1338px) 100vw, 1338px\" \/><\/a>\n\t\t\t<\/div><\/figure>\n\t\t<\/div>\n\t\t<\/div>\n\t\t\t\t\t\t<\/div>\n\t\t\t\t<\/div>\n\t\t\t\t\t<\/div>\n\t\t<\/div>\n\t\t\t\t\t<\/div>\n\t\t<\/section>\n\t\t\t\t\t<\/div>\n\t\t<\/div>\n\t\t\t\t\t<\/div>\n\t\t<\/section>\n\t\t\t\t<section class=\"elementor-section elementor-top-section elementor-element elementor-element-18b38a1 elementor-section-boxed elementor-section-height-default elementor-section-height-default\" data-id=\"18b38a1\" data-element_type=\"section\" data-e-type=\"section\">\n\t\t\t\t\t\t<div class=\"elementor-container elementor-column-gap-default\">\n\t\t\t\t\t<div class=\"elementor-column elementor-col-100 elementor-top-column elementor-element elementor-element-f52037b\" data-id=\"f52037b\" data-element_type=\"column\" data-e-type=\"column\">\n\t\t\t<div class=\"elementor-widget-wrap elementor-element-populated\">\n\t\t\t\t\t\t<div class=\"elementor-element elementor-element-5fa50f6 elementor-widget elementor-widget-text-editor\" data-id=\"5fa50f6\" data-element_type=\"widget\" data-e-type=\"widget\" data-widget_type=\"text-editor.default\">\n\t\t\t\t<div class=\"elementor-widget-container\">\n\t\t\t\t\t\t\t\t\t<p>These sculptures are made out of organic and industrial waste. The effect of acid on blue stone mud fashions sections of moon-like volcanic landscapes, at the beginning or the end of time, after a cataclysm. While retaining the weight of the stone, the clay has become crumbly.<\/p>\t\t\t\t\t\t\t\t<\/div>\n\t\t\t\t<\/div>\n\t\t\t\t\t<\/div>\n\t\t<\/div>\n\t\t\t\t\t<\/div>\n\t\t<\/section>\n\t\t\t\t<\/div>","protected":false},"excerpt":{"rendered":"<p>Elle bat au souffle de la terre, 2017, boue de pierre bleue, bois contreplaqu\u00e9 et acier, 300 x 90 x 20 cm, Soli Sol Soli, La Maison des Arts de Schaerbeek, Bruxelles \u2013 \u00a9 Isabelle Arthuis Cette sculpture hors \u00e9chelle humaine, cr\u00e9\u00e9e \u00e0 partir de boue de pierre bleue et de rebuts industriels, se transforme&#8230;<\/p>","protected":false},"author":1,"featured_media":0,"parent":0,"menu_order":0,"comment_status":"closed","ping_status":"closed","template":"","meta":{"_monsterinsights_skip_tracking":false,"_monsterinsights_sitenote_active":false,"_monsterinsights_sitenote_note":"","_monsterinsights_sitenote_category":0,"_kadence_starter_templates_imported_post":false,"_kad_post_transparent":"","_kad_post_title":"","_kad_post_layout":"","_kad_post_sidebar_id":"","_kad_post_content_style":"","_kad_post_vertical_padding":"","_kad_post_feature":"","_kad_post_feature_position":"","_kad_post_header":false,"_kad_post_footer":false,"_kad_post_classname":"","footnotes":""},"class_list":["post-830","page","type-page","status-publish","hentry"],"aioseo_notices":[],"_links":{"self":[{"href":"https:\/\/maelledufour.be\/en\/wp-json\/wp\/v2\/pages\/830","targetHints":{"allow":["GET"]}}],"collection":[{"href":"https:\/\/maelledufour.be\/en\/wp-json\/wp\/v2\/pages"}],"about":[{"href":"https:\/\/maelledufour.be\/en\/wp-json\/wp\/v2\/types\/page"}],"author":[{"embeddable":true,"href":"https:\/\/maelledufour.be\/en\/wp-json\/wp\/v2\/users\/1"}],"replies":[{"embeddable":true,"href":"https:\/\/maelledufour.be\/en\/wp-json\/wp\/v2\/comments?post=830"}],"version-history":[{"count":46,"href":"https:\/\/maelledufour.be\/en\/wp-json\/wp\/v2\/pages\/830\/revisions"}],"predecessor-version":[{"id":2656,"href":"https:\/\/maelledufour.be\/en\/wp-json\/wp\/v2\/pages\/830\/revisions\/2656"}],"wp:attachment":[{"href":"https:\/\/maelledufour.be\/en\/wp-json\/wp\/v2\/media?parent=830"}],"curies":[{"name":"wp","href":"https:\/\/api.w.org\/{rel}","templated":true}]}}