{"id":69,"date":"2020-11-21T18:54:10","date_gmt":"2020-11-21T17:54:10","guid":{"rendered":"https:\/\/maelle.familledufour-lln.be\/wp\/?page_id=69"},"modified":"2026-02-20T18:26:31","modified_gmt":"2026-02-20T17:26:31","slug":"accueil","status":"publish","type":"page","link":"https:\/\/maelledufour.be\/en\/","title":{"rendered":"Home"},"content":{"rendered":"<div data-elementor-type=\"wp-page\" data-elementor-id=\"69\" class=\"elementor elementor-69\">\n\t\t\t\t\t\t<section class=\"elementor-section elementor-top-section elementor-element elementor-element-4609be3 elementor-section-boxed elementor-section-height-default elementor-section-height-default\" data-id=\"4609be3\" data-element_type=\"section\" data-e-type=\"section\">\n\t\t\t\t\t\t<div class=\"elementor-container elementor-column-gap-default\">\n\t\t\t\t\t<div class=\"elementor-column elementor-col-50 elementor-top-column elementor-element elementor-element-9ac6d68 elementor-hidden-phone\" data-id=\"9ac6d68\" data-element_type=\"column\" data-e-type=\"column\">\n\t\t\t<div class=\"elementor-widget-wrap\">\n\t\t\t\t\t\t\t<\/div>\n\t\t<\/div>\n\t\t\t\t<div class=\"elementor-column elementor-col-50 elementor-top-column elementor-element elementor-element-1e5d3b8\" data-id=\"1e5d3b8\" data-element_type=\"column\" data-e-type=\"column\">\n\t\t\t<div class=\"elementor-widget-wrap elementor-element-populated\">\n\t\t\t\t\t\t<div class=\"elementor-element elementor-element-38aae3e elementor-align-end elementor-hidden-phone elementor-icon-list--layout-traditional elementor-list-item-link-full_width elementor-widget elementor-widget-icon-list\" data-id=\"38aae3e\" data-element_type=\"widget\" data-e-type=\"widget\" data-widget_type=\"icon-list.default\">\n\t\t\t\t<div class=\"elementor-widget-container\">\n\t\t\t\t\t\t\t<ul class=\"elementor-icon-list-items\">\n\t\t\t\t\t\t\t<li class=\"elementor-icon-list-item\">\n\t\t\t\t\t\t\t\t\t\t\t<a href=\"https:\/\/drive.google.com\/file\/d\/14lLIFVJRdM22XP_AkmsuWj7qSzq2Qtvk\/view?usp=sharing\" target=\"_blank\">\n\n\t\t\t\t\t\t\t\t\t\t\t\t<span class=\"elementor-icon-list-icon\">\n\t\t\t\t\t\t\t<i aria-hidden=\"true\" class=\"fas fa-file-download\"><\/i>\t\t\t\t\t\t<\/span>\n\t\t\t\t\t\t\t\t\t\t<span class=\"elementor-icon-list-text\">Portfolio - view and download<\/span>\n\t\t\t\t\t\t\t\t\t\t\t<\/a>\n\t\t\t\t\t\t\t\t\t<\/li>\n\t\t\t\t\t\t\t\t<li class=\"elementor-icon-list-item\">\n\t\t\t\t\t\t\t\t\t\t\t<a href=\"https:\/\/drive.google.com\/file\/d\/14lLIFVJRdM22XP_AkmsuWj7qSzq2Qtvk\/view?usp=sharing\" target=\"_blank\">\n\n\t\t\t\t\t\t\t\t\t\t\t\t<span class=\"elementor-icon-list-icon\">\n\t\t\t\t\t\t\t<i aria-hidden=\"true\" class=\"fas fa-file-download\"><\/i>\t\t\t\t\t\t<\/span>\n\t\t\t\t\t\t\t\t\t\t<span class=\"elementor-icon-list-text\">Portfolio - visualiser et t\u00e9l\u00e9charger<\/span>\n\t\t\t\t\t\t\t\t\t\t\t<\/a>\n\t\t\t\t\t\t\t\t\t<\/li>\n\t\t\t\t\t\t<\/ul>\n\t\t\t\t\t\t<\/div>\n\t\t\t\t<\/div>\n\t\t\t\t\t<\/div>\n\t\t<\/div>\n\t\t\t\t\t<\/div>\n\t\t<\/section>\n\t\t\t\t<section class=\"elementor-section elementor-top-section elementor-element elementor-element-9e5cf72 elementor-section-boxed elementor-section-height-default elementor-section-height-default\" data-id=\"9e5cf72\" data-element_type=\"section\" data-e-type=\"section\">\n\t\t\t\t\t\t<div class=\"elementor-container elementor-column-gap-default\">\n\t\t\t\t\t<div class=\"elementor-column elementor-col-100 elementor-top-column elementor-element elementor-element-4a6ec65\" data-id=\"4a6ec65\" data-element_type=\"column\" data-e-type=\"column\">\n\t\t\t<div class=\"elementor-widget-wrap elementor-element-populated\">\n\t\t\t\t\t\t<div class=\"elementor-element elementor-element-3c6475d elementor-hidden-desktop elementor-hidden-tablet elementor-widget elementor-widget-spacer\" data-id=\"3c6475d\" data-element_type=\"widget\" data-e-type=\"widget\" data-widget_type=\"spacer.default\">\n\t\t\t\t<div class=\"elementor-widget-container\">\n\t\t\t\t\t\t\t<div class=\"elementor-spacer\">\n\t\t\t<div class=\"elementor-spacer-inner\"><\/div>\n\t\t<\/div>\n\t\t\t\t\t\t<\/div>\n\t\t\t\t<\/div>\n\t\t\t\t\t<\/div>\n\t\t<\/div>\n\t\t\t\t\t<\/div>\n\t\t<\/section>\n\t\t\t\t<section class=\"elementor-section elementor-top-section elementor-element elementor-element-c0a7cd1 elementor-section-boxed elementor-section-height-default elementor-section-height-default\" data-id=\"c0a7cd1\" data-element_type=\"section\" data-e-type=\"section\">\n\t\t\t\t\t\t<div class=\"elementor-container elementor-column-gap-default\">\n\t\t\t\t\t<div class=\"elementor-column elementor-col-100 elementor-top-column elementor-element elementor-element-ec16c36\" data-id=\"ec16c36\" data-element_type=\"column\" data-e-type=\"column\">\n\t\t\t<div class=\"elementor-widget-wrap elementor-element-populated\">\n\t\t\t\t\t\t<div class=\"elementor-element elementor-element-0033ec3 elementor-align-end elementor-hidden-desktop elementor-hidden-tablet elementor-icon-list--layout-traditional elementor-list-item-link-full_width elementor-widget elementor-widget-icon-list\" data-id=\"0033ec3\" data-element_type=\"widget\" data-e-type=\"widget\" data-widget_type=\"icon-list.default\">\n\t\t\t\t<div class=\"elementor-widget-container\">\n\t\t\t\t\t\t\t<ul class=\"elementor-icon-list-items\">\n\t\t\t\t\t\t\t<li class=\"elementor-icon-list-item\">\n\t\t\t\t\t\t\t\t\t\t\t<a href=\"https:\/\/drive.google.com\/file\/d\/14lLIFVJRdM22XP_AkmsuWj7qSzq2Qtvk\/view?usp=sharing\" target=\"_blank\">\n\n\t\t\t\t\t\t\t\t\t\t\t\t<span class=\"elementor-icon-list-icon\">\n\t\t\t\t\t\t\t<i aria-hidden=\"true\" class=\"fas fa-file-download\"><\/i>\t\t\t\t\t\t<\/span>\n\t\t\t\t\t\t\t\t\t\t<span class=\"elementor-icon-list-text\">Portfolio - view and download<\/span>\n\t\t\t\t\t\t\t\t\t\t\t<\/a>\n\t\t\t\t\t\t\t\t\t<\/li>\n\t\t\t\t\t\t\t\t<li class=\"elementor-icon-list-item\">\n\t\t\t\t\t\t\t\t\t\t\t<a href=\"https:\/\/drive.google.com\/file\/d\/1-ewYXB4ieDot1YPETfzQBPdDLiAi3WWf\/view?usp=sharing\" target=\"_blank\">\n\n\t\t\t\t\t\t\t\t\t\t\t\t<span class=\"elementor-icon-list-icon\">\n\t\t\t\t\t\t\t<i aria-hidden=\"true\" class=\"fas fa-file-download\"><\/i>\t\t\t\t\t\t<\/span>\n\t\t\t\t\t\t\t\t\t\t<span class=\"elementor-icon-list-text\">Portfolio - visualiser et t\u00e9l\u00e9charger<\/span>\n\t\t\t\t\t\t\t\t\t\t\t<\/a>\n\t\t\t\t\t\t\t\t\t<\/li>\n\t\t\t\t\t\t<\/ul>\n\t\t\t\t\t\t<\/div>\n\t\t\t\t<\/div>\n\t\t\t\t\t<\/div>\n\t\t<\/div>\n\t\t\t\t\t<\/div>\n\t\t<\/section>\n\t\t\t\t<section class=\"elementor-section elementor-top-section elementor-element elementor-element-36675028 elementor-section-boxed elementor-section-height-default elementor-section-height-default\" data-id=\"36675028\" data-element_type=\"section\" data-e-type=\"section\" data-settings=\"{&quot;background_background&quot;:&quot;classic&quot;}\">\n\t\t\t\t\t\t<div class=\"elementor-container elementor-column-gap-default\">\n\t\t\t\t\t<div class=\"elementor-column elementor-col-100 elementor-top-column elementor-element elementor-element-4ffc2da5\" data-id=\"4ffc2da5\" data-element_type=\"column\" data-e-type=\"column\">\n\t\t\t<div class=\"elementor-widget-wrap elementor-element-populated\">\n\t\t\t\t\t\t<div class=\"elementor-element elementor-element-634247eb elementor-arrows-position-outside elementor-widget elementor-widget-image-carousel\" data-id=\"634247eb\" data-element_type=\"widget\" data-e-type=\"widget\" data-settings=\"{&quot;slides_to_show&quot;:&quot;1&quot;,&quot;navigation&quot;:&quot;arrows&quot;,&quot;autoplay&quot;:&quot;yes&quot;,&quot;pause_on_hover&quot;:&quot;yes&quot;,&quot;pause_on_interaction&quot;:&quot;yes&quot;,&quot;autoplay_speed&quot;:5000,&quot;infinite&quot;:&quot;yes&quot;,&quot;effect&quot;:&quot;slide&quot;,&quot;speed&quot;:500}\" data-widget_type=\"image-carousel.default\">\n\t\t\t\t<div class=\"elementor-widget-container\">\n\t\t\t\t\t\t\t<div class=\"elementor-image-carousel-wrapper swiper\" role=\"region\" aria-roledescription=\"carousel\" aria-label=\"Carrousel d\u2019images\" dir=\"ltr\">\n\t\t\t<div class=\"elementor-image-carousel swiper-wrapper\" aria-live=\"off\">\n\t\t\t\t\t\t\t\t<div class=\"swiper-slide\" role=\"group\" aria-roledescription=\"slide\" aria-label=\"1 of 12\" data-no-translation-aria-label=\"\"><a data-elementor-open-lightbox=\"yes\" data-elementor-lightbox-slideshow=\"634247eb\" data-elementor-lightbox-title=\"Ma\u00eblle Dufour, Capsule, 2023, \u00a9 Ann Sophie Deldyck\" data-e-action-hash=\"#elementor-action%3Aaction%3Dlightbox%26settings%3DeyJpZCI6Mjk3MSwidXJsIjoiaHR0cHM6XC9cL21hZWxsZWR1Zm91ci5iZVwvd3AtY29udGVudFwvdXBsb2Fkc1wvMjAyNlwvMDJcL21hZWxsZV9kdWZvdXJfMjAyNi0xNi03Mi0xLXNjYWxlZC5qcGciLCJzbGlkZXNob3ciOiI2MzQyNDdlYiJ9\" href=\"https:\/\/maelledufour.be\/wp-content\/uploads\/2026\/02\/maelle_dufour_2026-16-72-1-scaled.jpg\"><figure class=\"swiper-slide-inner\"><img decoding=\"async\" class=\"swiper-slide-image\" src=\"https:\/\/maelledufour.be\/wp-content\/uploads\/2026\/02\/maelle_dufour_2026-16-72-1-scaled.jpg\" alt=\"Ma\u00eblle Dufour, Capsule, 2023, \u00a9 Ann Sophie Deldyck\" \/><\/figure><\/a><\/div><div class=\"swiper-slide\" role=\"group\" aria-roledescription=\"slide\" aria-label=\"2 of 12\" data-no-translation-aria-label=\"\"><a data-elementor-open-lightbox=\"yes\" data-elementor-lightbox-slideshow=\"634247eb\" data-elementor-lightbox-title=\"Ma\u00eblle Dufour, SONAR, 2024 \u00a9 We Document Art - CCstrombeek\" data-e-action-hash=\"#elementor-action%3Aaction%3Dlightbox%26settings%3DeyJpZCI6Mjg5OSwidXJsIjoiaHR0cHM6XC9cL21hZWxsZWR1Zm91ci5iZVwvd3AtY29udGVudFwvdXBsb2Fkc1wvMjAyNlwvMDJcL21hZWxsZV9kdWZvdXJfMjAyNi0xNi03Mi1zY2FsZWQuanBnIiwic2xpZGVzaG93IjoiNjM0MjQ3ZWIifQ%3D%3D\" href=\"https:\/\/maelledufour.be\/wp-content\/uploads\/2026\/02\/maelle_dufour_2026-16-72-scaled.jpg\"><figure class=\"swiper-slide-inner\"><img decoding=\"async\" class=\"swiper-slide-image\" src=\"https:\/\/maelledufour.be\/wp-content\/uploads\/2026\/02\/maelle_dufour_2026-16-72-scaled.jpg\" alt=\"Ma\u00eblle Dufour, SONAR, 2024 \u00a9 We Document Art - CCstrombeek\" \/><\/figure><\/a><\/div><div class=\"swiper-slide\" role=\"group\" aria-roledescription=\"slide\" aria-label=\"3 of 12\" data-no-translation-aria-label=\"\"><a data-elementor-open-lightbox=\"yes\" data-elementor-lightbox-slideshow=\"634247eb\" data-elementor-lightbox-title=\"Ma\u00eblle Dufour, Porteuses, 2025 \u00a9corde, eau de la senne - \u00a9 Philippe De Gober\" data-e-action-hash=\"#elementor-action%3Aaction%3Dlightbox%26settings%3DeyJpZCI6Mjg2OCwidXJsIjoiaHR0cHM6XC9cL21hZWxsZWR1Zm91ci5iZVwvd3AtY29udGVudFwvdXBsb2Fkc1wvMjAyNlwvMDJcL3ZpdHJpbmUtTS5EdWZvdXItNjIzOS03Mi1zY2FsZWQuanBnIiwic2xpZGVzaG93IjoiNjM0MjQ3ZWIifQ%3D%3D\" href=\"https:\/\/maelledufour.be\/wp-content\/uploads\/2026\/02\/vitrine-M.Dufour-6239-72-scaled.jpg\"><figure class=\"swiper-slide-inner\"><img decoding=\"async\" class=\"swiper-slide-image\" src=\"https:\/\/maelledufour.be\/wp-content\/uploads\/2026\/02\/vitrine-M.Dufour-6239-72-scaled.jpg\" alt=\"Ma\u00eblle Dufour, Porteuses, 2025 \u00a9corde, eau de la senne - \u00a9 Philippe De Gober\" \/><\/figure><\/a><\/div><div class=\"swiper-slide\" role=\"group\" aria-roledescription=\"slide\" aria-label=\"4 of 12\" data-no-translation-aria-label=\"\"><a data-elementor-open-lightbox=\"yes\" data-elementor-lightbox-slideshow=\"634247eb\" data-elementor-lightbox-title=\"Ma\u00eblle Dufour, Porteuses, 2025 \u00a9 Doriane Biot\" data-e-action-hash=\"#elementor-action%3Aaction%3Dlightbox%26settings%3DeyJpZCI6Mjg2NCwidXJsIjoiaHR0cHM6XC9cL21hZWxsZWR1Zm91ci5iZVwvd3AtY29udGVudFwvdXBsb2Fkc1wvMjAyNlwvMDJcL21hZWxsZV9kdWZvdXJfMjAyNi0xMS03Mi1zY2FsZWQuanBnIiwic2xpZGVzaG93IjoiNjM0MjQ3ZWIifQ%3D%3D\" href=\"https:\/\/maelledufour.be\/wp-content\/uploads\/2026\/02\/maelle_dufour_2026-11-72-scaled.jpg\"><figure class=\"swiper-slide-inner\"><img decoding=\"async\" class=\"swiper-slide-image\" src=\"https:\/\/maelledufour.be\/wp-content\/uploads\/2026\/02\/maelle_dufour_2026-11-72-scaled.jpg\" alt=\"Ma\u00eblle Dufour, Porteuses, 2025 \u00a9 Doriane Biot\" \/><\/figure><\/a><\/div><div class=\"swiper-slide\" role=\"group\" aria-roledescription=\"slide\" aria-label=\"5 of 12\" data-no-translation-aria-label=\"\"><a data-elementor-open-lightbox=\"yes\" data-elementor-lightbox-slideshow=\"634247eb\" data-elementor-lightbox-title=\"Ma\u00eblle Dufour, Jusqu&#039;ici tout va bien, 2022 \u00a9 Jean-Christophe Lett\" data-e-action-hash=\"#elementor-action%3Aaction%3Dlightbox%26settings%3DeyJpZCI6MjkyOCwidXJsIjoiaHR0cHM6XC9cL21hZWxsZWR1Zm91ci5iZVwvd3AtY29udGVudFwvdXBsb2Fkc1wvMjAyNlwvMDJcL21hZWxsZV9kdWZvdXJfMjAyNi0xOC03Mi1zY2FsZWQuanBnIiwic2xpZGVzaG93IjoiNjM0MjQ3ZWIifQ%3D%3D\" href=\"https:\/\/maelledufour.be\/wp-content\/uploads\/2026\/02\/maelle_dufour_2026-18-72-scaled.jpg\"><figure class=\"swiper-slide-inner\"><img decoding=\"async\" class=\"swiper-slide-image\" src=\"https:\/\/maelledufour.be\/wp-content\/uploads\/2026\/02\/maelle_dufour_2026-18-72-scaled.jpg\" alt=\"Ma\u00eblle Dufour, Jusqu&#039;ici tout va bien, 2022 \u00a9 Jean-Christophe Lett\" \/><\/figure><\/a><\/div><div class=\"swiper-slide\" role=\"group\" aria-roledescription=\"slide\" aria-label=\"6 of 12\" data-no-translation-aria-label=\"\"><a data-elementor-open-lightbox=\"yes\" data-elementor-lightbox-slideshow=\"634247eb\" data-elementor-lightbox-title=\"Ma\u00eblle Dufour, Laboratoire des eaux sensibles, 2025 \u00a9 Ithier Held\" data-e-action-hash=\"#elementor-action%3Aaction%3Dlightbox%26settings%3DeyJpZCI6Mjg5MiwidXJsIjoiaHR0cHM6XC9cL21hZWxsZWR1Zm91ci5iZVwvd3AtY29udGVudFwvdXBsb2Fkc1wvMjAyNlwvMDJcL21hZWxsZV9kdWZvdXJfMjAyNi0yNC03MmJvbjEtc2NhbGVkLmpwZyIsInNsaWRlc2hvdyI6IjYzNDI0N2ViIn0%3D\" href=\"https:\/\/maelledufour.be\/wp-content\/uploads\/2026\/02\/maelle_dufour_2026-24-72bon1-scaled.jpg\"><figure class=\"swiper-slide-inner\"><img decoding=\"async\" class=\"swiper-slide-image\" src=\"https:\/\/maelledufour.be\/wp-content\/uploads\/2026\/02\/maelle_dufour_2026-24-72bon1-scaled.jpg\" alt=\"Ma\u00eblle Dufour, Laboratoire des eaux sensibles, 2025 \u00a9 Ithier Held\" \/><\/figure><\/a><\/div><div class=\"swiper-slide\" role=\"group\" aria-roledescription=\"slide\" aria-label=\"7 of 12\" data-no-translation-aria-label=\"\"><a data-elementor-open-lightbox=\"yes\" data-elementor-lightbox-slideshow=\"634247eb\" data-elementor-lightbox-title=\"oyas\" data-e-action-hash=\"#elementor-action%3Aaction%3Dlightbox%26settings%3DeyJpZCI6Mjc1OSwidXJsIjoiaHR0cHM6XC9cL21hZWxsZWR1Zm91ci5iZVwvd3AtY29udGVudFwvdXBsb2Fkc1wvMjAyNlwvMDFcL295YXMuanBnIiwic2xpZGVzaG93IjoiNjM0MjQ3ZWIifQ%3D%3D\" href=\"https:\/\/maelledufour.be\/wp-content\/uploads\/2026\/01\/oyas.jpg\"><figure class=\"swiper-slide-inner\"><img decoding=\"async\" class=\"swiper-slide-image\" src=\"https:\/\/maelledufour.be\/wp-content\/uploads\/2026\/01\/oyas.jpg\" alt=\"oyas\" \/><\/figure><\/a><\/div><div class=\"swiper-slide\" role=\"group\" aria-roledescription=\"slide\" aria-label=\"8 of 12\" data-no-translation-aria-label=\"\"><a data-elementor-open-lightbox=\"yes\" data-elementor-lightbox-slideshow=\"634247eb\" data-elementor-lightbox-title=\"Ma\u00eblle Dufour, Capsules, 2023, \u00a9 Jean-Christophe Lett\" data-e-action-hash=\"#elementor-action%3Aaction%3Dlightbox%26settings%3DeyJpZCI6Mjc2NywidXJsIjoiaHR0cHM6XC9cL21hZWxsZWR1Zm91ci5iZVwvd3AtY29udGVudFwvdXBsb2Fkc1wvMjAyNlwvMDFcLzIuNC1zY2FsZWQuanBnIiwic2xpZGVzaG93IjoiNjM0MjQ3ZWIifQ%3D%3D\" href=\"https:\/\/maelledufour.be\/wp-content\/uploads\/2026\/01\/2.4-scaled.jpg\"><figure class=\"swiper-slide-inner\"><img decoding=\"async\" class=\"swiper-slide-image\" src=\"https:\/\/maelledufour.be\/wp-content\/uploads\/2026\/01\/2.4-scaled.jpg\" alt=\"Ma\u00eblle Dufour, Capsules, 2023, \u00a9 Jean-Christophe Lett\" \/><\/figure><\/a><\/div><div class=\"swiper-slide\" role=\"group\" aria-roledescription=\"slide\" aria-label=\"9 of 12\" data-no-translation-aria-label=\"\"><a data-elementor-open-lightbox=\"yes\" data-elementor-lightbox-slideshow=\"634247eb\" data-elementor-lightbox-title=\"Ma\u00eblle Dufour, Tenir le poids d\u2019une pr\u00e9sence, 2017, \u00a9 Ithier Held\" data-e-action-hash=\"#elementor-action%3Aaction%3Dlightbox%26settings%3DeyJpZCI6MTk0LCJ1cmwiOiJodHRwczpcL1wvbWFlbGxlZHVmb3VyLmJlXC93cC1jb250ZW50XC91cGxvYWRzXC8yMDIwXC8xMVwvM18xLmpwZyIsInNsaWRlc2hvdyI6IjYzNDI0N2ViIn0%3D\" href=\"https:\/\/maelledufour.be\/wp-content\/uploads\/2020\/11\/3_1.jpg\"><figure class=\"swiper-slide-inner\"><img decoding=\"async\" class=\"swiper-slide-image\" src=\"https:\/\/maelledufour.be\/wp-content\/uploads\/2020\/11\/3_1.jpg\" alt=\"Ma\u00eblle Dufour, Tenir le poids d\u2019une pr\u00e9sence, 2017, \u00a9 Ithier Held\" \/><\/figure><\/a><\/div><div class=\"swiper-slide\" role=\"group\" aria-roledescription=\"slide\" aria-label=\"10 of 12\" data-no-translation-aria-label=\"\"><a data-elementor-open-lightbox=\"yes\" data-elementor-lightbox-slideshow=\"634247eb\" data-elementor-lightbox-title=\"Ma\u00eblle Dufour, Elle bat au souffle de la terre, 2017, \u00a9 Isabelle Arthuis\" data-e-action-hash=\"#elementor-action%3Aaction%3Dlightbox%26settings%3DeyJpZCI6Mjk5MCwidXJsIjoiaHR0cHM6XC9cL21hZWxsZWR1Zm91ci5iZVwvd3AtY29udGVudFwvdXBsb2Fkc1wvMjAyNlwvMDJcL21hZWxsZV9kdWZvdXJfMjAyNi0xNi03MmFhLXNjYWxlZC5qcGciLCJzbGlkZXNob3ciOiI2MzQyNDdlYiJ9\" href=\"https:\/\/maelledufour.be\/wp-content\/uploads\/2026\/02\/maelle_dufour_2026-16-72aa-scaled.jpg\"><figure class=\"swiper-slide-inner\"><img decoding=\"async\" class=\"swiper-slide-image\" src=\"https:\/\/maelledufour.be\/wp-content\/uploads\/2026\/02\/maelle_dufour_2026-16-72aa-scaled.jpg\" alt=\"Ma\u00eblle Dufour, Elle bat au souffle de la terre, 2017, \u00a9 Isabelle Arthuis\" \/><\/figure><\/a><\/div><div class=\"swiper-slide\" role=\"group\" aria-roledescription=\"slide\" aria-label=\"11 of 12\" data-no-translation-aria-label=\"\"><a data-elementor-open-lightbox=\"yes\" data-elementor-lightbox-slideshow=\"634247eb\" data-elementor-lightbox-title=\"Ma\u00eblle Dufour, Outre-tombe, 2020, \u00a9 Ithier Held\" data-e-action-hash=\"#elementor-action%3Aaction%3Dlightbox%26settings%3DeyJpZCI6Mjk4OSwidXJsIjoiaHR0cHM6XC9cL21hZWxsZWR1Zm91ci5iZVwvd3AtY29udGVudFwvdXBsb2Fkc1wvMjAyNlwvMDJcL21hZWxsZV9kdWZvdXJfMjAyNi0xNi03MmEtc2NhbGVkLmpwZyIsInNsaWRlc2hvdyI6IjYzNDI0N2ViIn0%3D\" href=\"https:\/\/maelledufour.be\/wp-content\/uploads\/2026\/02\/maelle_dufour_2026-16-72a-scaled.jpg\"><figure class=\"swiper-slide-inner\"><img decoding=\"async\" class=\"swiper-slide-image\" src=\"https:\/\/maelledufour.be\/wp-content\/uploads\/2026\/02\/maelle_dufour_2026-16-72a-scaled.jpg\" alt=\"Ma\u00eblle Dufour, Outre-tombe, 2020, \u00a9 Ithier Held\" \/><\/figure><\/a><\/div><div class=\"swiper-slide\" role=\"group\" aria-roledescription=\"slide\" aria-label=\"12 of 12\" data-no-translation-aria-label=\"\"><a data-elementor-open-lightbox=\"yes\" data-elementor-lightbox-slideshow=\"634247eb\" data-elementor-lightbox-title=\"Ma\u00eblle Dufour, Entre-Int\u00e9r\u00eats, 2019, \u00a9 Isabelle Arthuis\" data-e-action-hash=\"#elementor-action%3Aaction%3Dlightbox%26settings%3DeyJpZCI6MjIyLCJ1cmwiOiJodHRwczpcL1wvbWFlbGxlZHVmb3VyLmJlXC93cC1jb250ZW50XC91cGxvYWRzXC8yMDIwXC8xMVwvRFNDXzA5NDEuanBnIiwic2xpZGVzaG93IjoiNjM0MjQ3ZWIifQ%3D%3D\" href=\"https:\/\/maelledufour.be\/wp-content\/uploads\/2020\/11\/DSC_0941.jpg\"><figure class=\"swiper-slide-inner\"><img decoding=\"async\" class=\"swiper-slide-image\" src=\"https:\/\/maelledufour.be\/wp-content\/uploads\/2020\/11\/DSC_0941.jpg\" alt=\"Ma\u00eblle Dufour, Entre-Int\u00e9r\u00eats, 2019, \u00a9 Isabelle Arthuis\" \/><\/figure><\/a><\/div>\t\t\t<\/div>\n\t\t\t\t\t\t\t\t\t\t\t\t<div class=\"elementor-swiper-button elementor-swiper-button-prev\" role=\"button\" tabindex=\"0\">\n\t\t\t\t\t\t<i aria-hidden=\"true\" class=\"eicon-chevron-left\"><\/i>\t\t\t\t\t<\/div>\n\t\t\t\t\t<div class=\"elementor-swiper-button elementor-swiper-button-next\" role=\"button\" tabindex=\"0\">\n\t\t\t\t\t\t<i aria-hidden=\"true\" class=\"eicon-chevron-right\"><\/i>\t\t\t\t\t<\/div>\n\t\t\t\t\n\t\t\t\t\t\t\t\t\t<\/div>\n\t\t\t\t\t\t<\/div>\n\t\t\t\t<\/div>\n\t\t\t\t\t<\/div>\n\t\t<\/div>\n\t\t\t\t\t<\/div>\n\t\t<\/section>\n\t\t\t\t<section class=\"elementor-section elementor-top-section elementor-element elementor-element-5cd399b elementor-section-boxed elementor-section-height-default elementor-section-height-default\" data-id=\"5cd399b\" data-element_type=\"section\" data-e-type=\"section\">\n\t\t\t\t\t\t<div class=\"elementor-container elementor-column-gap-default\">\n\t\t\t\t\t\t<\/div>\n\t\t<\/section>\n\t\t\t\t<section class=\"elementor-section elementor-top-section elementor-element elementor-element-34f1875 elementor-section-boxed elementor-section-height-default elementor-section-height-default\" data-id=\"34f1875\" data-element_type=\"section\" data-e-type=\"section\">\n\t\t\t\t\t\t<div class=\"elementor-container elementor-column-gap-default\">\n\t\t\t\t\t\t<\/div>\n\t\t<\/section>\n\t\t\t\t<\/div>","protected":false},"excerpt":{"rendered":"<p>Portfolio &#8211; view and download Portfolio &#8211; visualiser et t\u00e9l\u00e9charger Portfolio &#8211; view and download Portfolio &#8211; visualiser et t\u00e9l\u00e9charger<\/p>","protected":false},"author":1,"featured_media":0,"parent":0,"menu_order":0,"comment_status":"closed","ping_status":"closed","template":"","meta":{"_monsterinsights_skip_tracking":false,"_monsterinsights_sitenote_active":false,"_monsterinsights_sitenote_note":"","_monsterinsights_sitenote_category":0,"_kadence_starter_templates_imported_post":false,"_kad_post_transparent":"","_kad_post_title":"","_kad_post_layout":"","_kad_post_sidebar_id":"","_kad_post_content_style":"","_kad_post_vertical_padding":"","_kad_post_feature":"","_kad_post_feature_position":"","_kad_post_header":false,"_kad_post_footer":false,"_kad_post_classname":"","footnotes":""},"class_list":["post-69","page","type-page","status-publish","hentry"],"aioseo_notices":[],"_links":{"self":[{"href":"https:\/\/maelledufour.be\/en\/wp-json\/wp\/v2\/pages\/69","targetHints":{"allow":["GET"]}}],"collection":[{"href":"https:\/\/maelledufour.be\/en\/wp-json\/wp\/v2\/pages"}],"about":[{"href":"https:\/\/maelledufour.be\/en\/wp-json\/wp\/v2\/types\/page"}],"author":[{"embeddable":true,"href":"https:\/\/maelledufour.be\/en\/wp-json\/wp\/v2\/users\/1"}],"replies":[{"embeddable":true,"href":"https:\/\/maelledufour.be\/en\/wp-json\/wp\/v2\/comments?post=69"}],"version-history":[{"count":271,"href":"https:\/\/maelledufour.be\/en\/wp-json\/wp\/v2\/pages\/69\/revisions"}],"predecessor-version":[{"id":3008,"href":"https:\/\/maelledufour.be\/en\/wp-json\/wp\/v2\/pages\/69\/revisions\/3008"}],"wp:attachment":[{"href":"https:\/\/maelledufour.be\/en\/wp-json\/wp\/v2\/media?parent=69"}],"curies":[{"name":"wp","href":"https:\/\/api.w.org\/{rel}","templated":true}]}}