{"id":640,"date":"2020-12-23T00:25:00","date_gmt":"2020-12-22T23:25:00","guid":{"rendered":"https:\/\/maelle.familledufour-lln.be\/wp\/?page_id=640"},"modified":"2021-01-26T15:51:26","modified_gmt":"2021-01-26T14:51:26","slug":"etre-quelquun-etre-tout-le-monde-et-nimporte-qui-netre-personne","status":"publish","type":"page","link":"https:\/\/maelledufour.be\/en\/etre-quelquun-etre-tout-le-monde-et-nimporte-qui-netre-personne\/","title":{"rendered":"Be someone, be everyone and anyone, be nobody"},"content":{"rendered":"<div data-elementor-type=\"wp-page\" data-elementor-id=\"640\" class=\"elementor elementor-640\">\n\t\t\t\t\t\t<section class=\"elementor-section elementor-top-section elementor-element elementor-element-2d13c7a elementor-section-boxed elementor-section-height-default elementor-section-height-default\" data-id=\"2d13c7a\" data-element_type=\"section\" data-e-type=\"section\">\n\t\t\t\t\t\t<div class=\"elementor-container elementor-column-gap-default\">\n\t\t\t\t\t<div class=\"elementor-column elementor-col-16 elementor-top-column elementor-element elementor-element-ec697be\" data-id=\"ec697be\" data-element_type=\"column\" data-e-type=\"column\">\n\t\t\t<div class=\"elementor-widget-wrap elementor-element-populated\">\n\t\t\t\t\t\t<div class=\"elementor-element elementor-element-f9862d9 elementor-hidden-phone elementor-widget elementor-widget-heading\" data-id=\"f9862d9\" data-element_type=\"widget\" data-e-type=\"widget\" data-widget_type=\"heading.default\">\n\t\t\t\t<div class=\"elementor-widget-container\">\n\t\t\t\t\t<h2 class=\"elementor-heading-title elementor-size-small\"><a href=\"https:\/\/maelledufour.be\/en\/elle-bat-au-souffle-de-la-terre\/\">Pr\u00e9c\u00e9dant<\/a><\/h2>\t\t\t\t<\/div>\n\t\t\t\t<\/div>\n\t\t\t\t<div class=\"elementor-element elementor-element-17b9d0f elementor-view-default elementor-widget elementor-widget-icon\" data-id=\"17b9d0f\" data-element_type=\"widget\" data-e-type=\"widget\" data-widget_type=\"icon.default\">\n\t\t\t\t<div class=\"elementor-widget-container\">\n\t\t\t\t\t\t\t<div class=\"elementor-icon-wrapper\">\n\t\t\t<a class=\"elementor-icon\" href=\"https:\/\/maelledufour.be\/en\/elle-bat-au-souffle-de-la-terre\/\">\n\t\t\t<i aria-hidden=\"true\" class=\"fas fa-chevron-left\"><\/i>\t\t\t<\/a>\n\t\t<\/div>\n\t\t\t\t\t\t<\/div>\n\t\t\t\t<\/div>\n\t\t\t\t\t<\/div>\n\t\t<\/div>\n\t\t\t\t<div class=\"elementor-column elementor-col-16 elementor-top-column elementor-element elementor-element-7ed3bfc\" data-id=\"7ed3bfc\" data-element_type=\"column\" data-e-type=\"column\">\n\t\t\t<div class=\"elementor-widget-wrap\">\n\t\t\t\t\t\t\t<\/div>\n\t\t<\/div>\n\t\t\t\t<div class=\"elementor-column elementor-col-16 elementor-top-column elementor-element elementor-element-61977bc\" data-id=\"61977bc\" data-element_type=\"column\" data-e-type=\"column\">\n\t\t\t<div class=\"elementor-widget-wrap\">\n\t\t\t\t\t\t\t<\/div>\n\t\t<\/div>\n\t\t\t\t<div class=\"elementor-column elementor-col-16 elementor-top-column elementor-element elementor-element-f974d73\" data-id=\"f974d73\" data-element_type=\"column\" data-e-type=\"column\">\n\t\t\t<div class=\"elementor-widget-wrap\">\n\t\t\t\t\t\t\t<\/div>\n\t\t<\/div>\n\t\t\t\t<div class=\"elementor-column elementor-col-16 elementor-top-column elementor-element elementor-element-7cf9989\" data-id=\"7cf9989\" data-element_type=\"column\" data-e-type=\"column\">\n\t\t\t<div class=\"elementor-widget-wrap\">\n\t\t\t\t\t\t\t<\/div>\n\t\t<\/div>\n\t\t\t\t<div class=\"elementor-column elementor-col-16 elementor-top-column elementor-element elementor-element-1cf81dd\" data-id=\"1cf81dd\" data-element_type=\"column\" data-e-type=\"column\">\n\t\t\t<div class=\"elementor-widget-wrap elementor-element-populated\">\n\t\t\t\t\t\t<div class=\"elementor-element elementor-element-041ab11 elementor-hidden-phone elementor-widget elementor-widget-heading\" data-id=\"041ab11\" data-element_type=\"widget\" data-e-type=\"widget\" data-widget_type=\"heading.default\">\n\t\t\t\t<div class=\"elementor-widget-container\">\n\t\t\t\t\t<h2 class=\"elementor-heading-title elementor-size-small\"><a href=\"https:\/\/maelledufour.be\/en\/transmission\/\">Suivant<\/a><\/h2>\t\t\t\t<\/div>\n\t\t\t\t<\/div>\n\t\t\t\t<div class=\"elementor-element elementor-element-90a6794 elementor-view-default elementor-widget elementor-widget-icon\" data-id=\"90a6794\" data-element_type=\"widget\" data-e-type=\"widget\" data-widget_type=\"icon.default\">\n\t\t\t\t<div class=\"elementor-widget-container\">\n\t\t\t\t\t\t\t<div class=\"elementor-icon-wrapper\">\n\t\t\t<a class=\"elementor-icon\" href=\"https:\/\/maelledufour.be\/en\/transmission\/\">\n\t\t\t<i aria-hidden=\"true\" class=\"fas fa-chevron-right\"><\/i>\t\t\t<\/a>\n\t\t<\/div>\n\t\t\t\t\t\t<\/div>\n\t\t\t\t<\/div>\n\t\t\t\t\t<\/div>\n\t\t<\/div>\n\t\t\t\t\t<\/div>\n\t\t<\/section>\n\t\t\t\t<section class=\"elementor-section elementor-top-section elementor-element elementor-element-30037b0 elementor-section-boxed elementor-section-height-default elementor-section-height-default\" data-id=\"30037b0\" data-element_type=\"section\" data-e-type=\"section\">\n\t\t\t\t\t\t<div class=\"elementor-container elementor-column-gap-default\">\n\t\t\t\t\t<div class=\"elementor-column elementor-col-50 elementor-top-column elementor-element elementor-element-7c2886f\" data-id=\"7c2886f\" data-element_type=\"column\" data-e-type=\"column\">\n\t\t\t<div class=\"elementor-widget-wrap elementor-element-populated\">\n\t\t\t\t\t\t<div class=\"elementor-element elementor-element-2ce990a elementor-widget elementor-widget-text-editor\" data-id=\"2ce990a\" data-element_type=\"widget\" data-e-type=\"widget\" data-widget_type=\"text-editor.default\">\n\t\t\t\t<div class=\"elementor-widget-container\">\n\t\t\t\t\t\t\t\t\t<p style=\"text-align: left;\">Be someone, be everyone and anyone, be nobody, 2019,<br \/>thermal image, 120 x 90 cm, Ravi (R\u00e9sidences-Ateliers Vivegnis International, Li\u00e8ge, Belgium - \u00a9 Ithier Held<\/p>\t\t\t\t\t\t\t\t<\/div>\n\t\t\t\t<\/div>\n\t\t\t\t\t<\/div>\n\t\t<\/div>\n\t\t\t\t<div class=\"elementor-column elementor-col-50 elementor-top-column elementor-element elementor-element-37a14db\" data-id=\"37a14db\" data-element_type=\"column\" data-e-type=\"column\">\n\t\t\t<div class=\"elementor-widget-wrap\">\n\t\t\t\t\t\t\t<\/div>\n\t\t<\/div>\n\t\t\t\t\t<\/div>\n\t\t<\/section>\n\t\t\t\t<section class=\"elementor-section elementor-top-section elementor-element elementor-element-1d46f01 elementor-section-boxed elementor-section-height-default elementor-section-height-default\" data-id=\"1d46f01\" data-element_type=\"section\" data-e-type=\"section\">\n\t\t\t\t\t\t<div class=\"elementor-container elementor-column-gap-default\">\n\t\t\t\t\t<div class=\"elementor-column elementor-col-100 elementor-top-column elementor-element elementor-element-251b7d6\" data-id=\"251b7d6\" data-element_type=\"column\" data-e-type=\"column\">\n\t\t\t<div class=\"elementor-widget-wrap elementor-element-populated\">\n\t\t\t\t\t\t<div class=\"elementor-element elementor-element-c053c1f elementor-widget elementor-widget-image\" data-id=\"c053c1f\" data-element_type=\"widget\" data-e-type=\"widget\" data-widget_type=\"image.default\">\n\t\t\t\t<div class=\"elementor-widget-container\">\n\t\t\t\t\t\t\t\t\t\t\t\t\t\t\t<img fetchpriority=\"high\" decoding=\"async\" width=\"1024\" height=\"765\" src=\"https:\/\/maelledufour.be\/wp-content\/uploads\/2020\/11\/IMG_20190812_0020-1024x765.jpg\" class=\"attachment-large size-large wp-image-239\" alt=\"\" srcset=\"https:\/\/maelledufour.be\/wp-content\/uploads\/2020\/11\/IMG_20190812_0020-1024x765.jpg 1024w, https:\/\/maelledufour.be\/wp-content\/uploads\/2020\/11\/IMG_20190812_0020-300x224.jpg 300w\" sizes=\"(max-width: 1024px) 100vw, 1024px\" \/>\t\t\t\t\t\t\t\t\t\t\t\t\t\t\t<\/div>\n\t\t\t\t<\/div>\n\t\t\t\t\t<\/div>\n\t\t<\/div>\n\t\t\t\t\t<\/div>\n\t\t<\/section>\n\t\t\t\t<section class=\"elementor-section elementor-top-section elementor-element elementor-element-6cfc9c6 elementor-section-boxed elementor-section-height-default elementor-section-height-default\" data-id=\"6cfc9c6\" data-element_type=\"section\" data-e-type=\"section\">\n\t\t\t\t\t\t<div class=\"elementor-container elementor-column-gap-default\">\n\t\t\t\t\t<div class=\"elementor-column elementor-col-100 elementor-top-column elementor-element elementor-element-ff0912a\" data-id=\"ff0912a\" data-element_type=\"column\" data-e-type=\"column\">\n\t\t\t<div class=\"elementor-widget-wrap elementor-element-populated\">\n\t\t\t\t\t\t<div class=\"elementor-element elementor-element-c049cc5 elementor-widget elementor-widget-image\" data-id=\"c049cc5\" data-element_type=\"widget\" data-e-type=\"widget\" data-widget_type=\"image.default\">\n\t\t\t\t<div class=\"elementor-widget-container\">\n\t\t\t\t\t\t\t\t\t\t\t\t\t\t\t<img decoding=\"async\" width=\"767\" height=\"1024\" src=\"https:\/\/maelledufour.be\/wp-content\/uploads\/2020\/11\/IMG_20190816_0008-767x1024.jpg\" class=\"attachment-large size-large wp-image-240\" alt=\"\" srcset=\"https:\/\/maelledufour.be\/wp-content\/uploads\/2020\/11\/IMG_20190816_0008-767x1024.jpg 767w, https:\/\/maelledufour.be\/wp-content\/uploads\/2020\/11\/IMG_20190816_0008-225x300.jpg 225w, https:\/\/maelledufour.be\/wp-content\/uploads\/2020\/11\/IMG_20190816_0008-scaled.jpg 1917w\" sizes=\"(max-width: 767px) 100vw, 767px\" \/>\t\t\t\t\t\t\t\t\t\t\t\t\t\t\t<\/div>\n\t\t\t\t<\/div>\n\t\t\t\t\t<\/div>\n\t\t<\/div>\n\t\t\t\t\t<\/div>\n\t\t<\/section>\n\t\t\t\t<section class=\"elementor-section elementor-top-section elementor-element elementor-element-2a70397 elementor-section-boxed elementor-section-height-default elementor-section-height-default\" data-id=\"2a70397\" data-element_type=\"section\" data-e-type=\"section\">\n\t\t\t\t\t\t<div class=\"elementor-container elementor-column-gap-default\">\n\t\t\t\t\t<div class=\"elementor-column elementor-col-100 elementor-top-column elementor-element elementor-element-c5d28a2\" data-id=\"c5d28a2\" data-element_type=\"column\" data-e-type=\"column\">\n\t\t\t<div class=\"elementor-widget-wrap elementor-element-populated\">\n\t\t\t\t\t\t<div class=\"elementor-element elementor-element-ce6b652 elementor-widget elementor-widget-image\" data-id=\"ce6b652\" data-element_type=\"widget\" data-e-type=\"widget\" data-widget_type=\"image.default\">\n\t\t\t\t<div class=\"elementor-widget-container\">\n\t\t\t\t\t\t\t\t\t\t\t\t\t\t\t<img decoding=\"async\" width=\"833\" height=\"1024\" src=\"https:\/\/maelledufour.be\/wp-content\/uploads\/2020\/11\/BonIMG_20190812_00041-1-833x1024.jpg\" class=\"attachment-large size-large wp-image-263\" alt=\"\" srcset=\"https:\/\/maelledufour.be\/wp-content\/uploads\/2020\/11\/BonIMG_20190812_00041-1-833x1024.jpg 833w, https:\/\/maelledufour.be\/wp-content\/uploads\/2020\/11\/BonIMG_20190812_00041-1-244x300.jpg 244w, https:\/\/maelledufour.be\/wp-content\/uploads\/2020\/11\/BonIMG_20190812_00041-1-768x944.jpg 768w, https:\/\/maelledufour.be\/wp-content\/uploads\/2020\/11\/BonIMG_20190812_00041-1-1250x1536.jpg 1250w, https:\/\/maelledufour.be\/wp-content\/uploads\/2020\/11\/BonIMG_20190812_00041-1-10x12.jpg 10w, https:\/\/maelledufour.be\/wp-content\/uploads\/2020\/11\/BonIMG_20190812_00041-1.jpg 1627w\" sizes=\"(max-width: 833px) 100vw, 833px\" \/>\t\t\t\t\t\t\t\t\t\t\t\t\t\t\t<\/div>\n\t\t\t\t<\/div>\n\t\t\t\t\t<\/div>\n\t\t<\/div>\n\t\t\t\t\t<\/div>\n\t\t<\/section>\n\t\t\t\t<section class=\"elementor-section elementor-top-section elementor-element elementor-element-a024ea3 elementor-section-boxed elementor-section-height-default elementor-section-height-default\" data-id=\"a024ea3\" data-element_type=\"section\" data-e-type=\"section\">\n\t\t\t\t\t\t<div class=\"elementor-container elementor-column-gap-default\">\n\t\t\t\t\t<div class=\"elementor-column elementor-col-100 elementor-top-column elementor-element elementor-element-b64c0e6\" data-id=\"b64c0e6\" data-element_type=\"column\" data-e-type=\"column\">\n\t\t\t<div class=\"elementor-widget-wrap elementor-element-populated\">\n\t\t\t\t\t\t<div class=\"elementor-element elementor-element-bb7e695 elementor-widget elementor-widget-image\" data-id=\"bb7e695\" data-element_type=\"widget\" data-e-type=\"widget\" data-widget_type=\"image.default\">\n\t\t\t\t<div class=\"elementor-widget-container\">\n\t\t\t\t\t\t\t\t\t\t\t\t\t\t\t<img loading=\"lazy\" decoding=\"async\" width=\"1024\" height=\"682\" src=\"https:\/\/maelledufour.be\/wp-content\/uploads\/2020\/11\/3H0A5672-2-1-1024x682.jpg\" class=\"attachment-large size-large wp-image-196\" alt=\"\" srcset=\"https:\/\/maelledufour.be\/wp-content\/uploads\/2020\/11\/3H0A5672-2-1-1024x682.jpg 1024w, https:\/\/maelledufour.be\/wp-content\/uploads\/2020\/11\/3H0A5672-2-1-300x200.jpg 300w, https:\/\/maelledufour.be\/wp-content\/uploads\/2020\/11\/3H0A5672-2-1-768x512.jpg 768w, https:\/\/maelledufour.be\/wp-content\/uploads\/2020\/11\/3H0A5672-2-1-1536x1024.jpg 1536w, https:\/\/maelledufour.be\/wp-content\/uploads\/2020\/11\/3H0A5672-2-1-16x12.jpg 16w, https:\/\/maelledufour.be\/wp-content\/uploads\/2020\/11\/3H0A5672-2-1.jpg 2000w\" sizes=\"(max-width: 1024px) 100vw, 1024px\" \/>\t\t\t\t\t\t\t\t\t\t\t\t\t\t\t<\/div>\n\t\t\t\t<\/div>\n\t\t\t\t\t<\/div>\n\t\t<\/div>\n\t\t\t\t\t<\/div>\n\t\t<\/section>\n\t\t\t\t<section class=\"elementor-section elementor-top-section elementor-element elementor-element-d0ee241 elementor-section-boxed elementor-section-height-default elementor-section-height-default\" data-id=\"d0ee241\" data-element_type=\"section\" data-e-type=\"section\">\n\t\t\t\t\t\t<div class=\"elementor-container elementor-column-gap-default\">\n\t\t\t\t\t<div class=\"elementor-column elementor-col-33 elementor-top-column elementor-element elementor-element-87ca3e2\" data-id=\"87ca3e2\" data-element_type=\"column\" data-e-type=\"column\">\n\t\t\t<div class=\"elementor-widget-wrap\">\n\t\t\t\t\t\t\t<\/div>\n\t\t<\/div>\n\t\t\t\t<div class=\"elementor-column elementor-col-33 elementor-top-column elementor-element elementor-element-8e2859b\" data-id=\"8e2859b\" data-element_type=\"column\" data-e-type=\"column\">\n\t\t\t<div class=\"elementor-widget-wrap elementor-element-populated\">\n\t\t\t\t\t\t<div class=\"elementor-element elementor-element-bbbb0a9 elementor-widget elementor-widget-text-editor\" data-id=\"bbbb0a9\" data-element_type=\"widget\" data-e-type=\"widget\" data-widget_type=\"text-editor.default\">\n\t\t\t\t<div class=\"elementor-widget-container\">\n\t\t\t\t\t\t\t\t\t\nThermal imagery shows the universality of the living: individuals reduced to their heat are melting with their environment.<\/span><\/p>\n\n<div style=\"text-align: justify;\"><\/div>\t\t\t\t\t\t\t\t<\/div>\n\t\t\t\t<\/div>\n\t\t\t\t\t<\/div>\n\t\t<\/div>\n\t\t\t\t<div class=\"elementor-column elementor-col-33 elementor-top-column elementor-element elementor-element-d7ae71b\" data-id=\"d7ae71b\" data-element_type=\"column\" data-e-type=\"column\">\n\t\t\t<div class=\"elementor-widget-wrap\">\n\t\t\t\t\t\t\t<\/div>\n\t\t<\/div>\n\t\t\t\t\t<\/div>\n\t\t<\/section>\n\t\t\t\t<section class=\"elementor-section elementor-top-section elementor-element elementor-element-8defbd3 elementor-section-boxed elementor-section-height-default elementor-section-height-default\" data-id=\"8defbd3\" data-element_type=\"section\" data-e-type=\"section\">\n\t\t\t\t\t\t<div class=\"elementor-container elementor-column-gap-default\">\n\t\t\t\t\t<div class=\"elementor-column elementor-col-100 elementor-top-column elementor-element elementor-element-299e892\" data-id=\"299e892\" data-element_type=\"column\" data-e-type=\"column\">\n\t\t\t<div class=\"elementor-widget-wrap elementor-element-populated\">\n\t\t\t\t\t\t<div class=\"elementor-element elementor-element-1fe59df elementor-widget elementor-widget-image\" data-id=\"1fe59df\" data-element_type=\"widget\" data-e-type=\"widget\" data-widget_type=\"image.default\">\n\t\t\t\t<div class=\"elementor-widget-container\">\n\t\t\t\t\t\t\t\t\t\t\t\t\t\t\t<img loading=\"lazy\" decoding=\"async\" width=\"1024\" height=\"682\" src=\"https:\/\/maelledufour.be\/wp-content\/uploads\/2021\/01\/21092019-DSC07479-1024x682.jpg\" class=\"attachment-large size-large wp-image-814\" alt=\"\" srcset=\"https:\/\/maelledufour.be\/wp-content\/uploads\/2021\/01\/21092019-DSC07479-1024x682.jpg 1024w, https:\/\/maelledufour.be\/wp-content\/uploads\/2021\/01\/21092019-DSC07479-300x200.jpg 300w, https:\/\/maelledufour.be\/wp-content\/uploads\/2021\/01\/21092019-DSC07479-768x512.jpg 768w, https:\/\/maelledufour.be\/wp-content\/uploads\/2021\/01\/21092019-DSC07479-1536x1024.jpg 1536w, https:\/\/maelledufour.be\/wp-content\/uploads\/2021\/01\/21092019-DSC07479-16x12.jpg 16w, https:\/\/maelledufour.be\/wp-content\/uploads\/2021\/01\/21092019-DSC07479-350x233.jpg 350w, https:\/\/maelledufour.be\/wp-content\/uploads\/2021\/01\/21092019-DSC07479.jpg 2000w\" sizes=\"(max-width: 1024px) 100vw, 1024px\" \/>\t\t\t\t\t\t\t\t\t\t\t\t\t\t\t<\/div>\n\t\t\t\t<\/div>\n\t\t\t\t<div class=\"elementor-element elementor-element-9ffd7e7 elementor-widget elementor-widget-video\" data-id=\"9ffd7e7\" data-element_type=\"widget\" data-e-type=\"widget\" data-settings=\"{&quot;video_type&quot;:&quot;vimeo&quot;,&quot;autoplay&quot;:&quot;yes&quot;}\" data-widget_type=\"video.default\">\n\t\t\t\t<div class=\"elementor-widget-container\">\n\t\t\t\t\t\t\t<div class=\"elementor-wrapper elementor-open-inline\">\n\t\t\t<iframe class=\"elementor-video-iframe\" allowfullscreen allow=\"autoplay\" title=\"Lecteur vid\u00e9o vimeo\" src=\"https:\/\/player.vimeo.com\/video\/363426922?autoplay=1&amp;color&amp;autopause=0&amp;loop=0&amp;muted=0&amp;title=1&amp;portrait=1&amp;byline=1#t=\"><\/iframe>\t\t<\/div>\n\t\t\t\t\t\t<\/div>\n\t\t\t\t<\/div>\n\t\t\t\t\t<\/div>\n\t\t<\/div>\n\t\t\t\t\t<\/div>\n\t\t<\/section>\n\t\t\t\t<section class=\"elementor-section elementor-top-section elementor-element elementor-element-56f819a elementor-section-boxed elementor-section-height-default elementor-section-height-default\" data-id=\"56f819a\" data-element_type=\"section\" data-e-type=\"section\">\n\t\t\t\t\t\t<div class=\"elementor-container elementor-column-gap-default\">\n\t\t\t\t\t<div class=\"elementor-column elementor-col-33 elementor-top-column elementor-element elementor-element-f8fa19f\" data-id=\"f8fa19f\" data-element_type=\"column\" data-e-type=\"column\">\n\t\t\t<div class=\"elementor-widget-wrap\">\n\t\t\t\t\t\t\t<\/div>\n\t\t<\/div>\n\t\t\t\t<div class=\"elementor-column elementor-col-33 elementor-top-column elementor-element elementor-element-c312e4d\" data-id=\"c312e4d\" data-element_type=\"column\" data-e-type=\"column\">\n\t\t\t<div class=\"elementor-widget-wrap elementor-element-populated\">\n\t\t\t\t\t\t<div class=\"elementor-element elementor-element-18abf8c elementor-widget elementor-widget-text-editor\" data-id=\"18abf8c\" data-element_type=\"widget\" data-e-type=\"widget\" data-widget_type=\"text-editor.default\">\n\t\t\t\t<div class=\"elementor-widget-container\">\n\t\t\t\t\t\t\t\t\t<p align=\"JUSTIFY\"><em><span style=\"font-family: Calibri, serif;\"><strong> Be someone, be everyone and anyone, be nobody, 2019, video, 2 min, 120 x 90 cm, Ravi (R\u00e9sidences-Ateliers Vivegnis International, Li\u00e8ge, Belgium - \u00a9 Ithier Held\t\t\t\t\t\t\t\t<\/div>\n\t\t\t\t<\/div>\n\t\t\t\t\t<\/div>\n\t\t<\/div>\n\t\t\t\t<div class=\"elementor-column elementor-col-33 elementor-top-column elementor-element elementor-element-1af2ba4\" data-id=\"1af2ba4\" data-element_type=\"column\" data-e-type=\"column\">\n\t\t\t<div class=\"elementor-widget-wrap\">\n\t\t\t\t\t\t\t<\/div>\n\t\t<\/div>\n\t\t\t\t\t<\/div>\n\t\t<\/section>\n\t\t\t\t<\/div>","protected":false},"excerpt":{"rendered":"<p>Pr\u00e9c\u00e9dant Suivant Etre quelqu\u2019un, \u00eatre tout le monde et n\u2019importe qui, n\u2019\u00eatre personne, 2019Images thermiques transf\u00e9r\u00e9es sur du plomb, 120 x 90 cm, Ravi (R\u00e9sidences-Ateliers Vivegnis International, Li\u00e8ge, Belgique &#8211; \u00a9 Ithier Held L\u2019imagerie thermique montre l\u2019universalit\u00e9 du vivant\u00a0: les individus r\u00e9duits \u00e0 leur chaleur fond corps avec leur environnement. https:\/\/vimeo.com\/363426922 Etre quelqu\u2019un, \u00eatre tout&#8230;<\/p>","protected":false},"author":1,"featured_media":0,"parent":0,"menu_order":0,"comment_status":"closed","ping_status":"closed","template":"","meta":{"_monsterinsights_skip_tracking":false,"_monsterinsights_sitenote_active":false,"_monsterinsights_sitenote_note":"","_monsterinsights_sitenote_category":0,"_kadence_starter_templates_imported_post":false,"_kad_post_transparent":"","_kad_post_title":"","_kad_post_layout":"","_kad_post_sidebar_id":"","_kad_post_content_style":"","_kad_post_vertical_padding":"","_kad_post_feature":"","_kad_post_feature_position":"","_kad_post_header":false,"_kad_post_footer":false,"_kad_post_classname":"","footnotes":""},"class_list":["post-640","page","type-page","status-publish","hentry"],"aioseo_notices":[],"_links":{"self":[{"href":"https:\/\/maelledufour.be\/en\/wp-json\/wp\/v2\/pages\/640","targetHints":{"allow":["GET"]}}],"collection":[{"href":"https:\/\/maelledufour.be\/en\/wp-json\/wp\/v2\/pages"}],"about":[{"href":"https:\/\/maelledufour.be\/en\/wp-json\/wp\/v2\/types\/page"}],"author":[{"embeddable":true,"href":"https:\/\/maelledufour.be\/en\/wp-json\/wp\/v2\/users\/1"}],"replies":[{"embeddable":true,"href":"https:\/\/maelledufour.be\/en\/wp-json\/wp\/v2\/comments?post=640"}],"version-history":[{"count":54,"href":"https:\/\/maelledufour.be\/en\/wp-json\/wp\/v2\/pages\/640\/revisions"}],"predecessor-version":[{"id":1641,"href":"https:\/\/maelledufour.be\/en\/wp-json\/wp\/v2\/pages\/640\/revisions\/1641"}],"wp:attachment":[{"href":"https:\/\/maelledufour.be\/en\/wp-json\/wp\/v2\/media?parent=640"}],"curies":[{"name":"wp","href":"https:\/\/api.w.org\/{rel}","templated":true}]}}