{"id":610,"date":"2020-12-22T23:26:32","date_gmt":"2020-12-22T22:26:32","guid":{"rendered":"https:\/\/maelle.familledufour-lln.be\/wp\/?page_id=610"},"modified":"2024-08-27T13:29:37","modified_gmt":"2024-08-27T11:29:37","slug":"les-mondes-inverses","status":"publish","type":"page","link":"https:\/\/maelledufour.be\/en\/les-mondes-inverses\/","title":{"rendered":"The reversed worlds"},"content":{"rendered":"<div data-elementor-type=\"wp-page\" data-elementor-id=\"610\" class=\"elementor elementor-610\">\n\t\t\t\t\t\t<section class=\"elementor-section elementor-top-section elementor-element elementor-element-6b7d617 elementor-section-boxed elementor-section-height-default elementor-section-height-default\" data-id=\"6b7d617\" data-element_type=\"section\" data-e-type=\"section\">\n\t\t\t\t\t\t<div class=\"elementor-container elementor-column-gap-default\">\n\t\t\t\t\t<div class=\"elementor-column elementor-col-16 elementor-top-column elementor-element elementor-element-ce77268\" data-id=\"ce77268\" data-element_type=\"column\" data-e-type=\"column\">\n\t\t\t<div class=\"elementor-widget-wrap elementor-element-populated\">\n\t\t\t\t\t\t<div class=\"elementor-element elementor-element-93466c5 elementor-view-default elementor-widget elementor-widget-icon\" data-id=\"93466c5\" data-element_type=\"widget\" data-e-type=\"widget\" data-widget_type=\"icon.default\">\n\t\t\t\t<div class=\"elementor-widget-container\">\n\t\t\t\t\t\t\t<div class=\"elementor-icon-wrapper\">\n\t\t\t<a class=\"elementor-icon\" href=\"https:\/\/maelledufour.be\/en\/societes-dissoutes\/\">\n\t\t\t<i aria-hidden=\"true\" class=\"fas fa-chevron-left\"><\/i>\t\t\t<\/a>\n\t\t<\/div>\n\t\t\t\t\t\t<\/div>\n\t\t\t\t<\/div>\n\t\t\t\t\t<\/div>\n\t\t<\/div>\n\t\t\t\t<div class=\"elementor-column elementor-col-16 elementor-top-column elementor-element elementor-element-0d07b1e\" data-id=\"0d07b1e\" data-element_type=\"column\" data-e-type=\"column\">\n\t\t\t<div class=\"elementor-widget-wrap\">\n\t\t\t\t\t\t\t<\/div>\n\t\t<\/div>\n\t\t\t\t<div class=\"elementor-column elementor-col-16 elementor-top-column elementor-element elementor-element-8323704\" data-id=\"8323704\" data-element_type=\"column\" data-e-type=\"column\">\n\t\t\t<div class=\"elementor-widget-wrap\">\n\t\t\t\t\t\t\t<\/div>\n\t\t<\/div>\n\t\t\t\t<div class=\"elementor-column elementor-col-16 elementor-top-column elementor-element elementor-element-7b484ea\" data-id=\"7b484ea\" data-element_type=\"column\" data-e-type=\"column\">\n\t\t\t<div class=\"elementor-widget-wrap\">\n\t\t\t\t\t\t\t<\/div>\n\t\t<\/div>\n\t\t\t\t<div class=\"elementor-column elementor-col-16 elementor-top-column elementor-element elementor-element-dc96248\" data-id=\"dc96248\" data-element_type=\"column\" data-e-type=\"column\">\n\t\t\t<div class=\"elementor-widget-wrap\">\n\t\t\t\t\t\t\t<\/div>\n\t\t<\/div>\n\t\t\t\t<div class=\"elementor-column elementor-col-16 elementor-top-column elementor-element elementor-element-f302941\" data-id=\"f302941\" data-element_type=\"column\" data-e-type=\"column\">\n\t\t\t<div class=\"elementor-widget-wrap elementor-element-populated\">\n\t\t\t\t\t\t<div class=\"elementor-element elementor-element-4c13df3 elementor-view-default elementor-widget elementor-widget-icon\" data-id=\"4c13df3\" data-element_type=\"widget\" data-e-type=\"widget\" data-widget_type=\"icon.default\">\n\t\t\t\t<div class=\"elementor-widget-container\">\n\t\t\t\t\t\t\t<div class=\"elementor-icon-wrapper\">\n\t\t\t<a class=\"elementor-icon\" href=\"https:\/\/maelledufour.be\/en\/mirage-2\/\">\n\t\t\t<i aria-hidden=\"true\" class=\"fas fa-chevron-right\"><\/i>\t\t\t<\/a>\n\t\t<\/div>\n\t\t\t\t\t\t<\/div>\n\t\t\t\t<\/div>\n\t\t\t\t\t<\/div>\n\t\t<\/div>\n\t\t\t\t\t<\/div>\n\t\t<\/section>\n\t\t\t\t<section class=\"elementor-section elementor-top-section elementor-element elementor-element-f2cba23 elementor-section-boxed elementor-section-height-default elementor-section-height-default\" data-id=\"f2cba23\" data-element_type=\"section\" data-e-type=\"section\">\n\t\t\t\t\t\t<div class=\"elementor-container elementor-column-gap-default\">\n\t\t\t\t\t<div class=\"elementor-column elementor-col-50 elementor-top-column elementor-element elementor-element-176891a\" data-id=\"176891a\" data-element_type=\"column\" data-e-type=\"column\">\n\t\t\t<div class=\"elementor-widget-wrap elementor-element-populated\">\n\t\t\t\t\t\t<div class=\"elementor-element elementor-element-d6db3be elementor-widget elementor-widget-text-editor\" data-id=\"d6db3be\" data-element_type=\"widget\" data-e-type=\"widget\" data-widget_type=\"text-editor.default\">\n\t\t\t\t<div class=\"elementor-widget-container\">\n\t\t\t\t\t\t\t\t\t<p><em>The reversed worlds<\/em>, 2017, Silkscreen-printed or inked lead plates, dark blue ink, 26 x 23 x 10 cm, Laureate for the Prize of the Arts Commission for Wallonia, Abattoirs de Bomel, Namur (BE)\n\u00a9 Ithier Held<\/p>\t\t\t\t\t\t\t\t<\/div>\n\t\t\t\t<\/div>\n\t\t\t\t\t<\/div>\n\t\t<\/div>\n\t\t\t\t<div class=\"elementor-column elementor-col-50 elementor-top-column elementor-element elementor-element-1bfc41f\" data-id=\"1bfc41f\" data-element_type=\"column\" data-e-type=\"column\">\n\t\t\t<div class=\"elementor-widget-wrap\">\n\t\t\t\t\t\t\t<\/div>\n\t\t<\/div>\n\t\t\t\t\t<\/div>\n\t\t<\/section>\n\t\t\t\t<section class=\"elementor-section elementor-top-section elementor-element elementor-element-43930b5 elementor-section-boxed elementor-section-height-default elementor-section-height-default\" data-id=\"43930b5\" data-element_type=\"section\" data-e-type=\"section\">\n\t\t\t\t\t\t<div class=\"elementor-container elementor-column-gap-default\">\n\t\t\t\t\t<div class=\"elementor-column elementor-col-100 elementor-top-column elementor-element elementor-element-5018042\" data-id=\"5018042\" data-element_type=\"column\" data-e-type=\"column\">\n\t\t\t<div class=\"elementor-widget-wrap elementor-element-populated\">\n\t\t\t\t\t\t<div class=\"elementor-element elementor-element-e57e252 elementor-widget elementor-widget-spacer\" data-id=\"e57e252\" data-element_type=\"widget\" data-e-type=\"widget\" data-widget_type=\"spacer.default\">\n\t\t\t\t<div class=\"elementor-widget-container\">\n\t\t\t\t\t\t\t<div class=\"elementor-spacer\">\n\t\t\t<div class=\"elementor-spacer-inner\"><\/div>\n\t\t<\/div>\n\t\t\t\t\t\t<\/div>\n\t\t\t\t<\/div>\n\t\t\t\t\t<\/div>\n\t\t<\/div>\n\t\t\t\t\t<\/div>\n\t\t<\/section>\n\t\t\t\t<section class=\"elementor-section elementor-top-section elementor-element elementor-element-e9b27bd elementor-section-boxed elementor-section-height-default elementor-section-height-default\" data-id=\"e9b27bd\" data-element_type=\"section\" data-e-type=\"section\">\n\t\t\t\t\t\t<div class=\"elementor-container elementor-column-gap-default\">\n\t\t\t\t\t<div class=\"elementor-column elementor-col-100 elementor-top-column elementor-element elementor-element-4425d5a\" data-id=\"4425d5a\" data-element_type=\"column\" data-e-type=\"column\">\n\t\t\t<div class=\"elementor-widget-wrap elementor-element-populated\">\n\t\t\t\t\t\t<div class=\"elementor-element elementor-element-6e25296 gallery-spacing-custom elementor-widget elementor-widget-image-gallery\" data-id=\"6e25296\" data-element_type=\"widget\" data-e-type=\"widget\" data-widget_type=\"image-gallery.default\">\n\t\t\t\t<div class=\"elementor-widget-container\">\n\t\t\t\t\t\t\t<div class=\"elementor-image-gallery\">\n\t\t\t<div id='gallery-19' class='gallery galleryid-610 gallery-columns-1 gallery-size-full'><figure class='gallery-item'>\n\t\t\t<div class='gallery-icon landscape'>\n\t\t\t\t<a data-elementor-open-lightbox=\"yes\" data-elementor-lightbox-slideshow=\"6e25296\" data-e-action-hash=\"#elementor-action%3Aaction%3Dlightbox%26settings%3DeyJpZCI6NjE2LCJ1cmwiOiJodHRwczpcL1wvbWFlbGxlZHVmb3VyLmJlXC93cC1jb250ZW50XC91cGxvYWRzXC8yMDIwXC8xMlwvMS5qcGciLCJzbGlkZXNob3ciOiI2ZTI1Mjk2In0%3D\" href='https:\/\/maelledufour.be\/wp-content\/uploads\/2020\/12\/1.jpg'><img fetchpriority=\"high\" decoding=\"async\" width=\"2500\" height=\"1583\" src=\"https:\/\/maelledufour.be\/wp-content\/uploads\/2020\/12\/1.jpg\" class=\"attachment-full size-full\" alt=\"\" srcset=\"https:\/\/maelledufour.be\/wp-content\/uploads\/2020\/12\/1.jpg 2500w, https:\/\/maelledufour.be\/wp-content\/uploads\/2020\/12\/1-300x190.jpg 300w, https:\/\/maelledufour.be\/wp-content\/uploads\/2020\/12\/1-1024x648.jpg 1024w, https:\/\/maelledufour.be\/wp-content\/uploads\/2020\/12\/1-768x486.jpg 768w, https:\/\/maelledufour.be\/wp-content\/uploads\/2020\/12\/1-1536x973.jpg 1536w, https:\/\/maelledufour.be\/wp-content\/uploads\/2020\/12\/1-2048x1297.jpg 2048w, https:\/\/maelledufour.be\/wp-content\/uploads\/2020\/12\/1-16x10.jpg 16w, https:\/\/maelledufour.be\/wp-content\/uploads\/2020\/12\/1-350x222.jpg 350w\" sizes=\"(max-width: 2500px) 100vw, 2500px\" \/><\/a>\n\t\t\t<\/div><\/figure>\n\t\t<\/div>\n\t\t<\/div>\n\t\t\t\t\t\t<\/div>\n\t\t\t\t<\/div>\n\t\t\t\t<div class=\"elementor-element elementor-element-1c5b27b elementor-widget elementor-widget-spacer\" data-id=\"1c5b27b\" data-element_type=\"widget\" data-e-type=\"widget\" data-widget_type=\"spacer.default\">\n\t\t\t\t<div class=\"elementor-widget-container\">\n\t\t\t\t\t\t\t<div class=\"elementor-spacer\">\n\t\t\t<div class=\"elementor-spacer-inner\"><\/div>\n\t\t<\/div>\n\t\t\t\t\t\t<\/div>\n\t\t\t\t<\/div>\n\t\t\t\t<div class=\"elementor-element elementor-element-206d68 elementor-arrows-position-outside elementor-widget elementor-widget-image-carousel\" data-id=\"206d68\" data-element_type=\"widget\" data-e-type=\"widget\" data-settings=\"{&quot;slides_to_show&quot;:&quot;1&quot;,&quot;navigation&quot;:&quot;arrows&quot;,&quot;autoplay&quot;:&quot;no&quot;,&quot;infinite&quot;:&quot;yes&quot;,&quot;effect&quot;:&quot;slide&quot;,&quot;speed&quot;:500}\" data-widget_type=\"image-carousel.default\">\n\t\t\t\t<div class=\"elementor-widget-container\">\n\t\t\t\t\t\t\t<div class=\"elementor-image-carousel-wrapper swiper\" role=\"region\" aria-roledescription=\"carousel\" aria-label=\"Carrousel d\u2019images\" dir=\"ltr\">\n\t\t\t<div class=\"elementor-image-carousel swiper-wrapper\" aria-live=\"polite\">\n\t\t\t\t\t\t\t\t<div class=\"swiper-slide\" role=\"group\" aria-roledescription=\"slide\" aria-label=\"1 sur 16\"><a data-elementor-open-lightbox=\"yes\" data-elementor-lightbox-slideshow=\"206d68\" data-e-action-hash=\"#elementor-action%3Aaction%3Dlightbox%26settings%3DeyJpZCI6MjU2LCJ1cmwiOiJodHRwczpcL1wvbWFlbGxlZHVmb3VyLmJlXC93cC1jb250ZW50XC91cGxvYWRzXC8yMDIwXC8xMVwvMi0xLmpwZyIsInNsaWRlc2hvdyI6IjIwNmQ2OCJ9\" href=\"https:\/\/maelledufour.be\/wp-content\/uploads\/2020\/11\/2-1.jpg\"><figure class=\"swiper-slide-inner\"><img decoding=\"async\" class=\"swiper-slide-image\" src=\"https:\/\/maelledufour.be\/wp-content\/uploads\/2020\/11\/2-1.jpg\" alt=\"\" \/><\/figure><\/a><\/div><div class=\"swiper-slide\" role=\"group\" aria-roledescription=\"slide\" aria-label=\"2 sur 16\"><a data-elementor-open-lightbox=\"yes\" data-elementor-lightbox-slideshow=\"206d68\" data-e-action-hash=\"#elementor-action%3Aaction%3Dlightbox%26settings%3DeyJpZCI6MjU3LCJ1cmwiOiJodHRwczpcL1wvbWFlbGxlZHVmb3VyLmJlXC93cC1jb250ZW50XC91cGxvYWRzXC8yMDIwXC8xMVwvMTExLTEuanBnIiwic2xpZGVzaG93IjoiMjA2ZDY4In0%3D\" href=\"https:\/\/maelledufour.be\/wp-content\/uploads\/2020\/11\/111-1.jpg\"><figure class=\"swiper-slide-inner\"><img decoding=\"async\" class=\"swiper-slide-image\" src=\"https:\/\/maelledufour.be\/wp-content\/uploads\/2020\/11\/111-1.jpg\" alt=\"\" \/><\/figure><\/a><\/div><div class=\"swiper-slide\" role=\"group\" aria-roledescription=\"slide\" aria-label=\"3 sur 16\"><a data-elementor-open-lightbox=\"yes\" data-elementor-lightbox-slideshow=\"206d68\" data-e-action-hash=\"#elementor-action%3Aaction%3Dlightbox%26settings%3DeyJpZCI6MjI4LCJ1cmwiOiJodHRwczpcL1wvbWFlbGxlZHVmb3VyLmJlXC93cC1jb250ZW50XC91cGxvYWRzXC8yMDIwXC8xMVwvZjc1NDc4NjkxODQuanBnIiwic2xpZGVzaG93IjoiMjA2ZDY4In0%3D\" href=\"https:\/\/maelledufour.be\/wp-content\/uploads\/2020\/11\/f7547869184.jpg\"><figure class=\"swiper-slide-inner\"><img decoding=\"async\" class=\"swiper-slide-image\" src=\"https:\/\/maelledufour.be\/wp-content\/uploads\/2020\/11\/f7547869184.jpg\" alt=\"\" \/><\/figure><\/a><\/div><div class=\"swiper-slide\" role=\"group\" aria-roledescription=\"slide\" aria-label=\"4 sur 16\"><a data-elementor-open-lightbox=\"yes\" data-elementor-lightbox-slideshow=\"206d68\" data-e-action-hash=\"#elementor-action%3Aaction%3Dlightbox%26settings%3DeyJpZCI6MjU4LCJ1cmwiOiJodHRwczpcL1wvbWFlbGxlZHVmb3VyLmJlXC93cC1jb250ZW50XC91cGxvYWRzXC8yMDIwXC8xMVwvMTExXzEtMS5qcGciLCJzbGlkZXNob3ciOiIyMDZkNjgifQ%3D%3D\" href=\"https:\/\/maelledufour.be\/wp-content\/uploads\/2020\/11\/111_1-1.jpg\"><figure class=\"swiper-slide-inner\"><img decoding=\"async\" class=\"swiper-slide-image\" src=\"https:\/\/maelledufour.be\/wp-content\/uploads\/2020\/11\/111_1-1.jpg\" alt=\"\" \/><\/figure><\/a><\/div><div class=\"swiper-slide\" role=\"group\" aria-roledescription=\"slide\" aria-label=\"5 sur 16\"><a data-elementor-open-lightbox=\"yes\" data-elementor-lightbox-slideshow=\"206d68\" data-e-action-hash=\"#elementor-action%3Aaction%3Dlightbox%26settings%3DeyJpZCI6MjMzLCJ1cmwiOiJodHRwczpcL1wvbWFlbGxlZHVmb3VyLmJlXC93cC1jb250ZW50XC91cGxvYWRzXC8yMDIwXC8xMVwvZjc1NTYxOTIyNTYuanBnIiwic2xpZGVzaG93IjoiMjA2ZDY4In0%3D\" href=\"https:\/\/maelledufour.be\/wp-content\/uploads\/2020\/11\/f7556192256.jpg\"><figure class=\"swiper-slide-inner\"><img decoding=\"async\" class=\"swiper-slide-image\" src=\"https:\/\/maelledufour.be\/wp-content\/uploads\/2020\/11\/f7556192256.jpg\" alt=\"\" \/><\/figure><\/a><\/div><div class=\"swiper-slide\" role=\"group\" aria-roledescription=\"slide\" aria-label=\"6 sur 16\"><a data-elementor-open-lightbox=\"yes\" data-elementor-lightbox-slideshow=\"206d68\" data-e-action-hash=\"#elementor-action%3Aaction%3Dlightbox%26settings%3DeyJpZCI6MjMyLCJ1cmwiOiJodHRwczpcL1wvbWFlbGxlZHVmb3VyLmJlXC93cC1jb250ZW50XC91cGxvYWRzXC8yMDIwXC8xMVwvZjc1NTYxOTAyMDguanBnIiwic2xpZGVzaG93IjoiMjA2ZDY4In0%3D\" href=\"https:\/\/maelledufour.be\/wp-content\/uploads\/2020\/11\/f7556190208.jpg\"><figure class=\"swiper-slide-inner\"><img decoding=\"async\" class=\"swiper-slide-image\" src=\"https:\/\/maelledufour.be\/wp-content\/uploads\/2020\/11\/f7556190208.jpg\" alt=\"\" \/><\/figure><\/a><\/div><div class=\"swiper-slide\" role=\"group\" aria-roledescription=\"slide\" aria-label=\"7 sur 16\"><a data-elementor-open-lightbox=\"yes\" data-elementor-lightbox-slideshow=\"206d68\" data-e-action-hash=\"#elementor-action%3Aaction%3Dlightbox%26settings%3DeyJpZCI6Mjc1LCJ1cmwiOiJodHRwczpcL1wvbWFlbGxlZHVmb3VyLmJlXC93cC1jb250ZW50XC91cGxvYWRzXC8yMDIwXC8xMVwvcGlsb3RpLTEuanBnIiwic2xpZGVzaG93IjoiMjA2ZDY4In0%3D\" href=\"https:\/\/maelledufour.be\/wp-content\/uploads\/2020\/11\/piloti-1.jpg\"><figure class=\"swiper-slide-inner\"><img decoding=\"async\" class=\"swiper-slide-image\" src=\"https:\/\/maelledufour.be\/wp-content\/uploads\/2020\/11\/piloti-1.jpg\" alt=\"\" \/><\/figure><\/a><\/div><div class=\"swiper-slide\" role=\"group\" aria-roledescription=\"slide\" aria-label=\"8 sur 16\"><a data-elementor-open-lightbox=\"yes\" data-elementor-lightbox-slideshow=\"206d68\" data-e-action-hash=\"#elementor-action%3Aaction%3Dlightbox%26settings%3DeyJpZCI6MjAxLCJ1cmwiOiJodHRwczpcL1wvbWFlbGxlZHVmb3VyLmJlXC93cC1jb250ZW50XC91cGxvYWRzXC8yMDIwXC8xMVwvMTEuanBnIiwic2xpZGVzaG93IjoiMjA2ZDY4In0%3D\" href=\"https:\/\/maelledufour.be\/wp-content\/uploads\/2020\/11\/11.jpg\"><figure class=\"swiper-slide-inner\"><img decoding=\"async\" class=\"swiper-slide-image\" src=\"https:\/\/maelledufour.be\/wp-content\/uploads\/2020\/11\/11.jpg\" alt=\"\" \/><\/figure><\/a><\/div><div class=\"swiper-slide\" role=\"group\" aria-roledescription=\"slide\" aria-label=\"9 sur 16\"><a data-elementor-open-lightbox=\"yes\" data-elementor-lightbox-slideshow=\"206d68\" data-e-action-hash=\"#elementor-action%3Aaction%3Dlightbox%26settings%3DeyJpZCI6MjU5LCJ1cmwiOiJodHRwczpcL1wvbWFlbGxlZHVmb3VyLmJlXC93cC1jb250ZW50XC91cGxvYWRzXC8yMDIwXC8xMVwvMTExXzItMS5qcGciLCJzbGlkZXNob3ciOiIyMDZkNjgifQ%3D%3D\" href=\"https:\/\/maelledufour.be\/wp-content\/uploads\/2020\/11\/111_2-1.jpg\"><figure class=\"swiper-slide-inner\"><img decoding=\"async\" class=\"swiper-slide-image\" src=\"https:\/\/maelledufour.be\/wp-content\/uploads\/2020\/11\/111_2-1.jpg\" alt=\"\" \/><\/figure><\/a><\/div><div class=\"swiper-slide\" role=\"group\" aria-roledescription=\"slide\" aria-label=\"10 sur 16\"><a data-elementor-open-lightbox=\"yes\" data-elementor-lightbox-slideshow=\"206d68\" data-e-action-hash=\"#elementor-action%3Aaction%3Dlightbox%26settings%3DeyJpZCI6MjY4LCJ1cmwiOiJodHRwczpcL1wvbWFlbGxlZHVmb3VyLmJlXC93cC1jb250ZW50XC91cGxvYWRzXC8yMDIwXC8xMVwvaG90MS0xLmpwZyIsInNsaWRlc2hvdyI6IjIwNmQ2OCJ9\" href=\"https:\/\/maelledufour.be\/wp-content\/uploads\/2020\/11\/hot1-1.jpg\"><figure class=\"swiper-slide-inner\"><img decoding=\"async\" class=\"swiper-slide-image\" src=\"https:\/\/maelledufour.be\/wp-content\/uploads\/2020\/11\/hot1-1.jpg\" alt=\"\" \/><\/figure><\/a><\/div><div class=\"swiper-slide\" role=\"group\" aria-roledescription=\"slide\" aria-label=\"11 sur 16\"><a data-elementor-open-lightbox=\"yes\" data-elementor-lightbox-slideshow=\"206d68\" data-e-action-hash=\"#elementor-action%3Aaction%3Dlightbox%26settings%3DeyJpZCI6MjMwLCJ1cmwiOiJodHRwczpcL1wvbWFlbGxlZHVmb3VyLmJlXC93cC1jb250ZW50XC91cGxvYWRzXC8yMDIwXC8xMVwvZjc1NTYxNzk5NjguanBnIiwic2xpZGVzaG93IjoiMjA2ZDY4In0%3D\" href=\"https:\/\/maelledufour.be\/wp-content\/uploads\/2020\/11\/f7556179968.jpg\"><figure class=\"swiper-slide-inner\"><img decoding=\"async\" class=\"swiper-slide-image\" src=\"https:\/\/maelledufour.be\/wp-content\/uploads\/2020\/11\/f7556179968.jpg\" alt=\"\" \/><\/figure><\/a><\/div><div class=\"swiper-slide\" role=\"group\" aria-roledescription=\"slide\" aria-label=\"12 sur 16\"><a data-elementor-open-lightbox=\"yes\" data-elementor-lightbox-slideshow=\"206d68\" data-e-action-hash=\"#elementor-action%3Aaction%3Dlightbox%26settings%3DeyJpZCI6MjI5LCJ1cmwiOiJodHRwczpcL1wvbWFlbGxlZHVmb3VyLmJlXC93cC1jb250ZW50XC91cGxvYWRzXC8yMDIwXC8xMVwvZjc1NDc4NzUzMjguanBnIiwic2xpZGVzaG93IjoiMjA2ZDY4In0%3D\" href=\"https:\/\/maelledufour.be\/wp-content\/uploads\/2020\/11\/f7547875328.jpg\"><figure class=\"swiper-slide-inner\"><img decoding=\"async\" class=\"swiper-slide-image\" src=\"https:\/\/maelledufour.be\/wp-content\/uploads\/2020\/11\/f7547875328.jpg\" alt=\"\" \/><\/figure><\/a><\/div><div class=\"swiper-slide\" role=\"group\" aria-roledescription=\"slide\" aria-label=\"13 sur 16\"><a data-elementor-open-lightbox=\"yes\" data-elementor-lightbox-slideshow=\"206d68\" data-e-action-hash=\"#elementor-action%3Aaction%3Dlightbox%26settings%3DeyJpZCI6MjYwLCJ1cmwiOiJodHRwczpcL1wvbWFlbGxlZHVmb3VyLmJlXC93cC1jb250ZW50XC91cGxvYWRzXC8yMDIwXC8xMVwvMTExMTExLTEuanBnIiwic2xpZGVzaG93IjoiMjA2ZDY4In0%3D\" href=\"https:\/\/maelledufour.be\/wp-content\/uploads\/2020\/11\/111111-1.jpg\"><figure class=\"swiper-slide-inner\"><img decoding=\"async\" class=\"swiper-slide-image\" src=\"https:\/\/maelledufour.be\/wp-content\/uploads\/2020\/11\/111111-1.jpg\" alt=\"\" \/><\/figure><\/a><\/div><div class=\"swiper-slide\" role=\"group\" aria-roledescription=\"slide\" aria-label=\"14 sur 16\"><a data-elementor-open-lightbox=\"yes\" data-elementor-lightbox-slideshow=\"206d68\" data-e-action-hash=\"#elementor-action%3Aaction%3Dlightbox%26settings%3DeyJpZCI6MjY0LCJ1cmwiOiJodHRwczpcL1wvbWFlbGxlZHVmb3VyLmJlXC93cC1jb250ZW50XC91cGxvYWRzXC8yMDIwXC8xMVwvY2FzY2FkZTEtMS5qcGciLCJzbGlkZXNob3ciOiIyMDZkNjgifQ%3D%3D\" href=\"https:\/\/maelledufour.be\/wp-content\/uploads\/2020\/11\/cascade1-1.jpg\"><figure class=\"swiper-slide-inner\"><img decoding=\"async\" class=\"swiper-slide-image\" src=\"https:\/\/maelledufour.be\/wp-content\/uploads\/2020\/11\/cascade1-1.jpg\" alt=\"\" \/><\/figure><\/a><\/div><div class=\"swiper-slide\" role=\"group\" aria-roledescription=\"slide\" aria-label=\"15 sur 16\"><a data-elementor-open-lightbox=\"yes\" data-elementor-lightbox-slideshow=\"206d68\" data-e-action-hash=\"#elementor-action%3Aaction%3Dlightbox%26settings%3DeyJpZCI6MjYyLCJ1cmwiOiJodHRwczpcL1wvbWFlbGxlZHVmb3VyLmJlXC93cC1jb250ZW50XC91cGxvYWRzXC8yMDIwXC8xMVwvYm9uMV8xLTEuanBnIiwic2xpZGVzaG93IjoiMjA2ZDY4In0%3D\" href=\"https:\/\/maelledufour.be\/wp-content\/uploads\/2020\/11\/bon1_1-1.jpg\"><figure class=\"swiper-slide-inner\"><img decoding=\"async\" class=\"swiper-slide-image\" src=\"https:\/\/maelledufour.be\/wp-content\/uploads\/2020\/11\/bon1_1-1.jpg\" alt=\"\" \/><\/figure><\/a><\/div><div class=\"swiper-slide\" role=\"group\" aria-roledescription=\"slide\" aria-label=\"16 sur 16\"><a data-elementor-open-lightbox=\"yes\" data-elementor-lightbox-slideshow=\"206d68\" data-e-action-hash=\"#elementor-action%3Aaction%3Dlightbox%26settings%3DeyJpZCI6MjMxLCJ1cmwiOiJodHRwczpcL1wvbWFlbGxlZHVmb3VyLmJlXC93cC1jb250ZW50XC91cGxvYWRzXC8yMDIwXC8xMVwvZjc1NTYxODYxMTIuanBnIiwic2xpZGVzaG93IjoiMjA2ZDY4In0%3D\" href=\"https:\/\/maelledufour.be\/wp-content\/uploads\/2020\/11\/f7556186112.jpg\"><figure class=\"swiper-slide-inner\"><img decoding=\"async\" class=\"swiper-slide-image\" src=\"https:\/\/maelledufour.be\/wp-content\/uploads\/2020\/11\/f7556186112.jpg\" alt=\"\" \/><\/figure><\/a><\/div>\t\t\t<\/div>\n\t\t\t\t\t\t\t\t\t\t\t\t<div class=\"elementor-swiper-button elementor-swiper-button-prev\" role=\"button\" tabindex=\"0\">\n\t\t\t\t\t\t<i aria-hidden=\"true\" class=\"eicon-chevron-left\"><\/i>\t\t\t\t\t<\/div>\n\t\t\t\t\t<div class=\"elementor-swiper-button elementor-swiper-button-next\" role=\"button\" tabindex=\"0\">\n\t\t\t\t\t\t<i aria-hidden=\"true\" class=\"eicon-chevron-right\"><\/i>\t\t\t\t\t<\/div>\n\t\t\t\t\n\t\t\t\t\t\t\t\t\t<\/div>\n\t\t\t\t\t\t<\/div>\n\t\t\t\t<\/div>\n\t\t\t\t\t<\/div>\n\t\t<\/div>\n\t\t\t\t\t<\/div>\n\t\t<\/section>\n\t\t\t\t<section class=\"elementor-section elementor-top-section elementor-element elementor-element-4b455f0 elementor-section-boxed elementor-section-height-default elementor-section-height-default\" data-id=\"4b455f0\" data-element_type=\"section\" data-e-type=\"section\">\n\t\t\t\t\t\t<div class=\"elementor-container elementor-column-gap-default\">\n\t\t\t\t\t<div class=\"elementor-column elementor-col-100 elementor-top-column elementor-element elementor-element-e587605\" data-id=\"e587605\" data-element_type=\"column\" data-e-type=\"column\">\n\t\t\t<div class=\"elementor-widget-wrap elementor-element-populated\">\n\t\t\t\t\t\t<div class=\"elementor-element elementor-element-f7a5b51 elementor-widget elementor-widget-spacer\" data-id=\"f7a5b51\" data-element_type=\"widget\" data-e-type=\"widget\" data-widget_type=\"spacer.default\">\n\t\t\t\t<div class=\"elementor-widget-container\">\n\t\t\t\t\t\t\t<div class=\"elementor-spacer\">\n\t\t\t<div class=\"elementor-spacer-inner\"><\/div>\n\t\t<\/div>\n\t\t\t\t\t\t<\/div>\n\t\t\t\t<\/div>\n\t\t\t\t\t<\/div>\n\t\t<\/div>\n\t\t\t\t\t<\/div>\n\t\t<\/section>\n\t\t\t\t<section class=\"elementor-section elementor-top-section elementor-element elementor-element-63dbc0e elementor-section-boxed elementor-section-height-default elementor-section-height-default\" data-id=\"63dbc0e\" data-element_type=\"section\" data-e-type=\"section\">\n\t\t\t\t\t\t<div class=\"elementor-container elementor-column-gap-default\">\n\t\t\t\t\t<div class=\"elementor-column elementor-col-100 elementor-top-column elementor-element elementor-element-8f74657\" data-id=\"8f74657\" data-element_type=\"column\" data-e-type=\"column\">\n\t\t\t<div class=\"elementor-widget-wrap elementor-element-populated\">\n\t\t\t\t\t\t<div class=\"elementor-element elementor-element-a015899 elementor-widget elementor-widget-text-editor\" data-id=\"a015899\" data-element_type=\"widget\" data-e-type=\"widget\" data-widget_type=\"text-editor.default\">\n\t\t\t\t<div class=\"elementor-widget-container\">\n\t\t\t\t\t\t\t\t\t<p>Texts and images are interwoven on the surface of 16 heavy but flexible lead plates. They collect the traces of anonymous events which have bruised bodies and places. Between appearance and disappearance, they are the imprints of a lived experience which time unavoidably rubs down.<\/p>\t\t\t\t\t\t\t\t<\/div>\n\t\t\t\t<\/div>\n\t\t\t\t\t<\/div>\n\t\t<\/div>\n\t\t\t\t\t<\/div>\n\t\t<\/section>\n\t\t\t\t<\/div>","protected":false},"excerpt":{"rendered":"<p>Les mondes invers\u00e9s, 2017, plaques de plomb s\u00e9rigraphi\u00e9es ou encr\u00e9es, encre bleu fonc\u00e9, 26 x 23 x 0,5 cm, Laureate du Prix de la Commission des Arts de Wallonie, Abattoirs de Bomel, Namur \u00a9 Ithier Held Pr\u00e9c\u00e9dent Suivant Images et textes se c\u00f4toient \u00e0 la surface de 16 plaques de plombs, lourdes mais souples. Elles&#8230;<\/p>","protected":false},"author":1,"featured_media":0,"parent":0,"menu_order":0,"comment_status":"closed","ping_status":"closed","template":"","meta":{"_monsterinsights_skip_tracking":false,"_monsterinsights_sitenote_active":false,"_monsterinsights_sitenote_note":"","_monsterinsights_sitenote_category":0,"_kadence_starter_templates_imported_post":false,"_kad_post_transparent":"","_kad_post_title":"","_kad_post_layout":"","_kad_post_sidebar_id":"","_kad_post_content_style":"","_kad_post_vertical_padding":"","_kad_post_feature":"","_kad_post_feature_position":"","_kad_post_header":false,"_kad_post_footer":false,"_kad_post_classname":"","footnotes":""},"class_list":["post-610","page","type-page","status-publish","hentry"],"aioseo_notices":[],"_links":{"self":[{"href":"https:\/\/maelledufour.be\/en\/wp-json\/wp\/v2\/pages\/610","targetHints":{"allow":["GET"]}}],"collection":[{"href":"https:\/\/maelledufour.be\/en\/wp-json\/wp\/v2\/pages"}],"about":[{"href":"https:\/\/maelledufour.be\/en\/wp-json\/wp\/v2\/types\/page"}],"author":[{"embeddable":true,"href":"https:\/\/maelledufour.be\/en\/wp-json\/wp\/v2\/users\/1"}],"replies":[{"embeddable":true,"href":"https:\/\/maelledufour.be\/en\/wp-json\/wp\/v2\/comments?post=610"}],"version-history":[{"count":49,"href":"https:\/\/maelledufour.be\/en\/wp-json\/wp\/v2\/pages\/610\/revisions"}],"predecessor-version":[{"id":2614,"href":"https:\/\/maelledufour.be\/en\/wp-json\/wp\/v2\/pages\/610\/revisions\/2614"}],"wp:attachment":[{"href":"https:\/\/maelledufour.be\/en\/wp-json\/wp\/v2\/media?parent=610"}],"curies":[{"name":"wp","href":"https:\/\/api.w.org\/{rel}","templated":true}]}}