{"id":462,"date":"2020-12-22T13:58:34","date_gmt":"2020-12-22T12:58:34","guid":{"rendered":"https:\/\/maelle.familledufour-lln.be\/wp\/?page_id=462"},"modified":"2024-08-27T13:37:35","modified_gmt":"2024-08-27T11:37:35","slug":"mirage-2","status":"publish","type":"page","link":"https:\/\/maelledufour.be\/en\/mirage-2\/","title":{"rendered":"Mirage"},"content":{"rendered":"<div data-elementor-type=\"wp-page\" data-elementor-id=\"462\" class=\"elementor elementor-462\">\n\t\t\t\t\t\t<section class=\"elementor-section elementor-top-section elementor-element elementor-element-5eb7fd8 elementor-section-boxed elementor-section-height-default elementor-section-height-default\" data-id=\"5eb7fd8\" data-element_type=\"section\" data-e-type=\"section\">\n\t\t\t\t\t\t<div class=\"elementor-container elementor-column-gap-default\">\n\t\t\t\t\t<div class=\"elementor-column elementor-col-20 elementor-top-column elementor-element elementor-element-8906178\" data-id=\"8906178\" data-element_type=\"column\" data-e-type=\"column\">\n\t\t\t<div class=\"elementor-widget-wrap elementor-element-populated\">\n\t\t\t\t\t\t<div class=\"elementor-element elementor-element-83bdad4 elementor-view-default elementor-widget elementor-widget-icon\" data-id=\"83bdad4\" data-element_type=\"widget\" data-e-type=\"widget\" data-widget_type=\"icon.default\">\n\t\t\t\t<div class=\"elementor-widget-container\">\n\t\t\t\t\t\t\t<div class=\"elementor-icon-wrapper\">\n\t\t\t<a class=\"elementor-icon\" href=\"https:\/\/maelledufour.be\/en\/les-mondes-inverses\/\">\n\t\t\t<i aria-hidden=\"true\" class=\"fas fa-chevron-left\"><\/i>\t\t\t<\/a>\n\t\t<\/div>\n\t\t\t\t\t\t<\/div>\n\t\t\t\t<\/div>\n\t\t\t\t\t<\/div>\n\t\t<\/div>\n\t\t\t\t<div class=\"elementor-column elementor-col-20 elementor-top-column elementor-element elementor-element-c71cc56\" data-id=\"c71cc56\" data-element_type=\"column\" data-e-type=\"column\">\n\t\t\t<div class=\"elementor-widget-wrap\">\n\t\t\t\t\t\t\t<\/div>\n\t\t<\/div>\n\t\t\t\t<div class=\"elementor-column elementor-col-20 elementor-top-column elementor-element elementor-element-8d1dc4d\" data-id=\"8d1dc4d\" data-element_type=\"column\" data-e-type=\"column\">\n\t\t\t<div class=\"elementor-widget-wrap\">\n\t\t\t\t\t\t\t<\/div>\n\t\t<\/div>\n\t\t\t\t<div class=\"elementor-column elementor-col-20 elementor-top-column elementor-element elementor-element-fe33ed7\" data-id=\"fe33ed7\" data-element_type=\"column\" data-e-type=\"column\">\n\t\t\t<div class=\"elementor-widget-wrap\">\n\t\t\t\t\t\t\t<\/div>\n\t\t<\/div>\n\t\t\t\t<div class=\"elementor-column elementor-col-20 elementor-top-column elementor-element elementor-element-18f2478\" data-id=\"18f2478\" data-element_type=\"column\" data-e-type=\"column\">\n\t\t\t<div class=\"elementor-widget-wrap elementor-element-populated\">\n\t\t\t\t\t\t<div class=\"elementor-element elementor-element-b487f52 elementor-view-default elementor-widget elementor-widget-icon\" data-id=\"b487f52\" data-element_type=\"widget\" data-e-type=\"widget\" data-widget_type=\"icon.default\">\n\t\t\t\t<div class=\"elementor-widget-container\">\n\t\t\t\t\t\t\t<div class=\"elementor-icon-wrapper\">\n\t\t\t<a class=\"elementor-icon\" href=\"https:\/\/maelledufour.be\/en\/ilots-epars\/\">\n\t\t\t<i aria-hidden=\"true\" class=\"fas fa-chevron-right\"><\/i>\t\t\t<\/a>\n\t\t<\/div>\n\t\t\t\t\t\t<\/div>\n\t\t\t\t<\/div>\n\t\t\t\t\t<\/div>\n\t\t<\/div>\n\t\t\t\t\t<\/div>\n\t\t<\/section>\n\t\t\t\t<section class=\"elementor-section elementor-top-section elementor-element elementor-element-9442789 elementor-section-boxed elementor-section-height-default elementor-section-height-default\" data-id=\"9442789\" data-element_type=\"section\" data-e-type=\"section\">\n\t\t\t\t\t\t<div class=\"elementor-container elementor-column-gap-default\">\n\t\t\t\t\t<div class=\"elementor-column elementor-col-50 elementor-top-column elementor-element elementor-element-e4698a2\" data-id=\"e4698a2\" data-element_type=\"column\" data-e-type=\"column\">\n\t\t\t<div class=\"elementor-widget-wrap elementor-element-populated\">\n\t\t\t\t\t\t<div class=\"elementor-element elementor-element-d59193d elementor-widget elementor-widget-text-editor\" data-id=\"d59193d\" data-element_type=\"widget\" data-e-type=\"widget\" data-widget_type=\"text-editor.default\">\n\t\t\t\t<div class=\"elementor-widget-container\">\n\t\t\t\t\t\t\t\t\t<p><em>Mirage<\/em>, 2019 - Variable materials, epoxy, Boom clay, plants, objects, 6.5 x 2.5 x 4 m, Kuntshal Extra City, Antwerp, \u00a9 Ithier Held<\/p>\t\t\t\t\t\t\t\t<\/div>\n\t\t\t\t<\/div>\n\t\t\t\t\t<\/div>\n\t\t<\/div>\n\t\t\t\t<div class=\"elementor-column elementor-col-50 elementor-top-column elementor-element elementor-element-29710eb\" data-id=\"29710eb\" data-element_type=\"column\" data-e-type=\"column\">\n\t\t\t<div class=\"elementor-widget-wrap\">\n\t\t\t\t\t\t\t<\/div>\n\t\t<\/div>\n\t\t\t\t\t<\/div>\n\t\t<\/section>\n\t\t\t\t<section class=\"elementor-section elementor-top-section elementor-element elementor-element-c587dc0 elementor-section-boxed elementor-section-height-default elementor-section-height-default\" data-id=\"c587dc0\" data-element_type=\"section\" data-e-type=\"section\">\n\t\t\t\t\t\t<div class=\"elementor-container elementor-column-gap-default\">\n\t\t\t\t\t<div class=\"elementor-column elementor-col-100 elementor-top-column elementor-element elementor-element-dc9657f\" data-id=\"dc9657f\" data-element_type=\"column\" data-e-type=\"column\">\n\t\t\t<div class=\"elementor-widget-wrap elementor-element-populated\">\n\t\t\t\t\t\t<section class=\"elementor-section elementor-inner-section elementor-element elementor-element-c21c687 elementor-section-boxed elementor-section-height-default elementor-section-height-default\" data-id=\"c21c687\" data-element_type=\"section\" data-e-type=\"section\">\n\t\t\t\t\t\t<div class=\"elementor-container elementor-column-gap-default\">\n\t\t\t\t\t<div class=\"elementor-column elementor-col-100 elementor-inner-column elementor-element elementor-element-052c0cf\" data-id=\"052c0cf\" data-element_type=\"column\" data-e-type=\"column\">\n\t\t\t<div class=\"elementor-widget-wrap elementor-element-populated\">\n\t\t\t\t\t\t<div class=\"elementor-element elementor-element-db3e9a3 gallery-spacing-custom elementor-widget elementor-widget-image-gallery\" data-id=\"db3e9a3\" data-element_type=\"widget\" data-e-type=\"widget\" data-widget_type=\"image-gallery.default\">\n\t\t\t\t<div class=\"elementor-widget-container\">\n\t\t\t\t\t\t\t<div class=\"elementor-image-gallery\">\n\t\t\t<div id='gallery-18' class='gallery galleryid-462 gallery-columns-1 gallery-size-full'><figure class='gallery-item'>\n\t\t\t<div class='gallery-icon landscape'>\n\t\t\t\t<a data-elementor-open-lightbox=\"yes\" data-elementor-lightbox-slideshow=\"db3e9a3\" data-elementor-lightbox-title=\"1\" data-e-action-hash=\"#elementor-action%3Aaction%3Dlightbox%26settings%3DeyJpZCI6MTk5MywidXJsIjoiaHR0cHM6XC9cL21hZWxsZWR1Zm91ci5iZVwvd3AtY29udGVudFwvdXBsb2Fkc1wvMjAyMlwvMDFcLzEtMS1zY2FsZWQuanBnIiwic2xpZGVzaG93IjoiZGIzZTlhMyJ9\" href='https:\/\/maelledufour.be\/wp-content\/uploads\/2022\/01\/1-1-scaled.jpg'><img fetchpriority=\"high\" decoding=\"async\" width=\"2560\" height=\"1706\" src=\"https:\/\/maelledufour.be\/wp-content\/uploads\/2022\/01\/1-1-scaled.jpg\" class=\"attachment-full size-full\" alt=\"\" srcset=\"https:\/\/maelledufour.be\/wp-content\/uploads\/2022\/01\/1-1-scaled.jpg 2560w, https:\/\/maelledufour.be\/wp-content\/uploads\/2022\/01\/1-1-300x200.jpg 300w, https:\/\/maelledufour.be\/wp-content\/uploads\/2022\/01\/1-1-1024x682.jpg 1024w, https:\/\/maelledufour.be\/wp-content\/uploads\/2022\/01\/1-1-768x512.jpg 768w, https:\/\/maelledufour.be\/wp-content\/uploads\/2022\/01\/1-1-1536x1024.jpg 1536w, https:\/\/maelledufour.be\/wp-content\/uploads\/2022\/01\/1-1-2048x1365.jpg 2048w, https:\/\/maelledufour.be\/wp-content\/uploads\/2022\/01\/1-1-16x12.jpg 16w, https:\/\/maelledufour.be\/wp-content\/uploads\/2022\/01\/1-1-350x233.jpg 350w\" sizes=\"(max-width: 2560px) 100vw, 2560px\" \/><\/a>\n\t\t\t<\/div><\/figure><figure class='gallery-item'>\n\t\t\t<div class='gallery-icon portrait'>\n\t\t\t\t<a data-elementor-open-lightbox=\"yes\" data-elementor-lightbox-slideshow=\"db3e9a3\" data-elementor-lightbox-title=\"DSC01931_1_redresser_sans\" data-e-action-hash=\"#elementor-action%3Aaction%3Dlightbox%26settings%3DeyJpZCI6MTk5NCwidXJsIjoiaHR0cHM6XC9cL21hZWxsZWR1Zm91ci5iZVwvd3AtY29udGVudFwvdXBsb2Fkc1wvMjAyMlwvMDFcL0RTQzAxOTMxXzFfcmVkcmVzc2VyX3NhbnMtMS1zY2FsZWQuanBnIiwic2xpZGVzaG93IjoiZGIzZTlhMyJ9\" href='https:\/\/maelledufour.be\/wp-content\/uploads\/2022\/01\/DSC01931_1_redresser_sans-1-scaled.jpg'><img decoding=\"async\" width=\"1706\" height=\"2560\" src=\"https:\/\/maelledufour.be\/wp-content\/uploads\/2022\/01\/DSC01931_1_redresser_sans-1-scaled.jpg\" class=\"attachment-full size-full\" alt=\"\" srcset=\"https:\/\/maelledufour.be\/wp-content\/uploads\/2022\/01\/DSC01931_1_redresser_sans-1-scaled.jpg 1706w, https:\/\/maelledufour.be\/wp-content\/uploads\/2022\/01\/DSC01931_1_redresser_sans-1-200x300.jpg 200w, https:\/\/maelledufour.be\/wp-content\/uploads\/2022\/01\/DSC01931_1_redresser_sans-1-682x1024.jpg 682w, https:\/\/maelledufour.be\/wp-content\/uploads\/2022\/01\/DSC01931_1_redresser_sans-1-768x1152.jpg 768w, https:\/\/maelledufour.be\/wp-content\/uploads\/2022\/01\/DSC01931_1_redresser_sans-1-1024x1536.jpg 1024w, https:\/\/maelledufour.be\/wp-content\/uploads\/2022\/01\/DSC01931_1_redresser_sans-1-1365x2048.jpg 1365w, https:\/\/maelledufour.be\/wp-content\/uploads\/2022\/01\/DSC01931_1_redresser_sans-1-8x12.jpg 8w, https:\/\/maelledufour.be\/wp-content\/uploads\/2022\/01\/DSC01931_1_redresser_sans-1-350x525.jpg 350w\" sizes=\"(max-width: 1706px) 100vw, 1706px\" \/><\/a>\n\t\t\t<\/div><\/figure>\n\t\t<\/div>\n\t\t<\/div>\n\t\t\t\t\t\t<\/div>\n\t\t\t\t<\/div>\n\t\t\t\t\t<\/div>\n\t\t<\/div>\n\t\t\t\t\t<\/div>\n\t\t<\/section>\n\t\t\t\t\t<\/div>\n\t\t<\/div>\n\t\t\t\t\t<\/div>\n\t\t<\/section>\n\t\t\t\t<section class=\"elementor-section elementor-top-section elementor-element elementor-element-2f6e6f3 elementor-section-boxed elementor-section-height-default elementor-section-height-default\" data-id=\"2f6e6f3\" data-element_type=\"section\" data-e-type=\"section\">\n\t\t\t\t\t\t<div class=\"elementor-container elementor-column-gap-default\">\n\t\t\t\t\t<div class=\"elementor-column elementor-col-100 elementor-top-column elementor-element elementor-element-a98ab29\" data-id=\"a98ab29\" data-element_type=\"column\" data-e-type=\"column\">\n\t\t\t<div class=\"elementor-widget-wrap elementor-element-populated\">\n\t\t\t\t\t\t<div class=\"elementor-element elementor-element-763737e elementor-widget elementor-widget-text-editor\" data-id=\"763737e\" data-element_type=\"widget\" data-e-type=\"widget\" data-widget_type=\"text-editor.default\">\n\t\t\t\t<div class=\"elementor-widget-container\">\n\t\t\t\t\t\t\t\t\t<p>An explosion of degraded materials invests a neglected, rejected interstice. Miniature harbour constructions sink into Boom clay, a substance which would be potentially capable of containing radioactive waste. Refuse, the useless, waste, remaining nevertheless, join forces to subvert a logic of productive growth. This installation marks the return of the exile, whether organic or plastic, mineral or vegetal.<\/p>\t\t\t\t\t\t\t\t<\/div>\n\t\t\t\t<\/div>\n\t\t\t\t\t<\/div>\n\t\t<\/div>\n\t\t\t\t\t<\/div>\n\t\t<\/section>\n\t\t\t\t<section class=\"elementor-section elementor-top-section elementor-element elementor-element-f6d1e99 elementor-section-boxed elementor-section-height-default elementor-section-height-default\" data-id=\"f6d1e99\" data-element_type=\"section\" data-e-type=\"section\">\n\t\t\t\t\t\t<div class=\"elementor-container elementor-column-gap-default\">\n\t\t\t\t\t<div class=\"elementor-column elementor-col-100 elementor-top-column elementor-element elementor-element-f1e0a54\" data-id=\"f1e0a54\" data-element_type=\"column\" data-e-type=\"column\">\n\t\t\t<div class=\"elementor-widget-wrap elementor-element-populated\">\n\t\t\t\t\t\t<div class=\"elementor-element elementor-element-a6a30d5 elementor-hidden-desktop elementor-hidden-tablet elementor-widget elementor-widget-text-editor\" data-id=\"a6a30d5\" data-element_type=\"widget\" data-e-type=\"widget\" data-widget_type=\"text-editor.default\">\n\t\t\t\t<div class=\"elementor-widget-container\">\n\t\t\t\t\t\t\t\t\t<p>An explosion of degraded materials invests a neglected, rejected interstice. Miniature harbour constructions sink into Boom clay, a substance which would be potentially capable of containing radioactive waste. Refuse, the useless, waste, remaining nevertheless, join forces to subvert a logic of productive growth. This installation marks the return of the exile, whether organic or plastic, mineral or vegetal.<\/p>\t\t\t\t\t\t\t\t<\/div>\n\t\t\t\t<\/div>\n\t\t\t\t\t<\/div>\n\t\t<\/div>\n\t\t\t\t\t<\/div>\n\t\t<\/section>\n\t\t\t\t<\/div>","protected":false},"excerpt":{"rendered":"<p>Mirage, 2019 &#8211; mat\u00e9riaux variables, epoxy, argile de Boom, plantes, objets, 6,5 x 2,5 x 4 m, Kunsthal Extra City, Anvers, \u00a9 Ithier Held Une explosion de mati\u00e8res d\u00e9chues vient investir un interstice inutilis\u00e9 et laiss\u00e9 pour compte. Des constructions portuaires miniatures s\u2019enlisent dans l\u2019argile de Boom, substance qui serait potentiellement capable de contenir des&#8230;<\/p>","protected":false},"author":1,"featured_media":0,"parent":0,"menu_order":0,"comment_status":"closed","ping_status":"closed","template":"","meta":{"_monsterinsights_skip_tracking":false,"_monsterinsights_sitenote_active":false,"_monsterinsights_sitenote_note":"","_monsterinsights_sitenote_category":0,"_kadence_starter_templates_imported_post":false,"_kad_post_transparent":"","_kad_post_title":"","_kad_post_layout":"","_kad_post_sidebar_id":"","_kad_post_content_style":"","_kad_post_vertical_padding":"","_kad_post_feature":"","_kad_post_feature_position":"","_kad_post_header":false,"_kad_post_footer":false,"_kad_post_classname":"","footnotes":""},"class_list":["post-462","page","type-page","status-publish","hentry"],"aioseo_notices":[],"_links":{"self":[{"href":"https:\/\/maelledufour.be\/en\/wp-json\/wp\/v2\/pages\/462","targetHints":{"allow":["GET"]}}],"collection":[{"href":"https:\/\/maelledufour.be\/en\/wp-json\/wp\/v2\/pages"}],"about":[{"href":"https:\/\/maelledufour.be\/en\/wp-json\/wp\/v2\/types\/page"}],"author":[{"embeddable":true,"href":"https:\/\/maelledufour.be\/en\/wp-json\/wp\/v2\/users\/1"}],"replies":[{"embeddable":true,"href":"https:\/\/maelledufour.be\/en\/wp-json\/wp\/v2\/comments?post=462"}],"version-history":[{"count":88,"href":"https:\/\/maelledufour.be\/en\/wp-json\/wp\/v2\/pages\/462\/revisions"}],"predecessor-version":[{"id":2638,"href":"https:\/\/maelledufour.be\/en\/wp-json\/wp\/v2\/pages\/462\/revisions\/2638"}],"wp:attachment":[{"href":"https:\/\/maelledufour.be\/en\/wp-json\/wp\/v2\/media?parent=462"}],"curies":[{"name":"wp","href":"https:\/\/api.w.org\/{rel}","templated":true}]}}