{"id":42,"date":"2020-11-21T18:36:35","date_gmt":"2020-11-21T17:36:35","guid":{"rendered":"https:\/\/maelle.familledufour-lln.be\/wp\/?page_id=42"},"modified":"2026-01-29T00:21:00","modified_gmt":"2026-01-28T23:21:00","slug":"biographie","status":"publish","type":"page","link":"https:\/\/maelledufour.be\/en\/biographie\/","title":{"rendered":"Biography"},"content":{"rendered":"<div data-elementor-type=\"wp-page\" data-elementor-id=\"42\" class=\"elementor elementor-42\">\n\t\t\t\t\t\t<section class=\"elementor-section elementor-top-section elementor-element elementor-element-2757791 elementor-section-boxed elementor-section-height-default elementor-section-height-default\" data-id=\"2757791\" data-element_type=\"section\" data-e-type=\"section\">\n\t\t\t\t\t\t<div class=\"elementor-container elementor-column-gap-default\">\n\t\t\t\t\t<div class=\"elementor-column elementor-col-100 elementor-top-column elementor-element elementor-element-da3360b\" data-id=\"da3360b\" data-element_type=\"column\" data-e-type=\"column\">\n\t\t\t<div class=\"elementor-widget-wrap elementor-element-populated\">\n\t\t\t\t\t\t<div class=\"elementor-element elementor-element-212113b elementor-hidden-phone elementor-widget elementor-widget-spacer\" data-id=\"212113b\" data-element_type=\"widget\" data-e-type=\"widget\" data-widget_type=\"spacer.default\">\n\t\t\t\t<div class=\"elementor-widget-container\">\n\t\t\t\t\t\t\t<div class=\"elementor-spacer\">\n\t\t\t<div class=\"elementor-spacer-inner\"><\/div>\n\t\t<\/div>\n\t\t\t\t\t\t<\/div>\n\t\t\t\t<\/div>\n\t\t\t\t\t<\/div>\n\t\t<\/div>\n\t\t\t\t\t<\/div>\n\t\t<\/section>\n\t\t\t\t<section class=\"elementor-section elementor-top-section elementor-element elementor-element-2232631 elementor-section-boxed elementor-section-height-default elementor-section-height-default\" data-id=\"2232631\" data-element_type=\"section\" data-e-type=\"section\">\n\t\t\t\t\t\t<div class=\"elementor-container elementor-column-gap-default\">\n\t\t\t\t\t<div class=\"elementor-column elementor-col-33 elementor-top-column elementor-element elementor-element-33fa255\" data-id=\"33fa255\" data-element_type=\"column\" data-e-type=\"column\">\n\t\t\t<div class=\"elementor-widget-wrap\">\n\t\t\t\t\t\t\t<\/div>\n\t\t<\/div>\n\t\t\t\t<div class=\"elementor-column elementor-col-33 elementor-top-column elementor-element elementor-element-13b0aa0\" data-id=\"13b0aa0\" data-element_type=\"column\" data-e-type=\"column\">\n\t\t\t<div class=\"elementor-widget-wrap elementor-element-populated\">\n\t\t\t\t\t\t<div class=\"elementor-element elementor-element-02da6ba elementor-align-end elementor-hidden-phone elementor-icon-list--layout-traditional elementor-list-item-link-full_width elementor-widget elementor-widget-icon-list\" data-id=\"02da6ba\" data-element_type=\"widget\" data-e-type=\"widget\" data-widget_type=\"icon-list.default\">\n\t\t\t\t<div class=\"elementor-widget-container\">\n\t\t\t\t\t\t\t<ul class=\"elementor-icon-list-items\">\n\t\t\t\t\t\t\t<li class=\"elementor-icon-list-item\">\n\t\t\t\t\t\t\t\t\t\t\t<a href=\"https:\/\/drive.google.com\/file\/d\/14lLIFVJRdM22XP_AkmsuWj7qSzq2Qtvk\/view?usp=sharing\" target=\"_blank\">\n\n\t\t\t\t\t\t\t\t\t\t\t\t<span class=\"elementor-icon-list-icon\">\n\t\t\t\t\t\t\t<i aria-hidden=\"true\" class=\"fas fa-file-download\"><\/i>\t\t\t\t\t\t<\/span>\n\t\t\t\t\t\t\t\t\t\t<span class=\"elementor-icon-list-text\">Portfolio - view and download<\/span>\n\t\t\t\t\t\t\t\t\t\t\t<\/a>\n\t\t\t\t\t\t\t\t\t<\/li>\n\t\t\t\t\t\t\t\t<li class=\"elementor-icon-list-item\">\n\t\t\t\t\t\t\t\t\t\t\t<a href=\"https:\/\/drive.google.com\/file\/d\/14lLIFVJRdM22XP_AkmsuWj7qSzq2Qtvk\/view?usp=sharing\" target=\"_blank\">\n\n\t\t\t\t\t\t\t\t\t\t\t\t<span class=\"elementor-icon-list-icon\">\n\t\t\t\t\t\t\t<i aria-hidden=\"true\" class=\"fas fa-file-download\"><\/i>\t\t\t\t\t\t<\/span>\n\t\t\t\t\t\t\t\t\t\t<span class=\"elementor-icon-list-text\">Portfolio - visualiser et t\u00e9l\u00e9charger<\/span>\n\t\t\t\t\t\t\t\t\t\t\t<\/a>\n\t\t\t\t\t\t\t\t\t<\/li>\n\t\t\t\t\t\t<\/ul>\n\t\t\t\t\t\t<\/div>\n\t\t\t\t<\/div>\n\t\t\t\t\t<\/div>\n\t\t<\/div>\n\t\t\t\t<div class=\"elementor-column elementor-col-33 elementor-top-column elementor-element elementor-element-622aae8\" data-id=\"622aae8\" data-element_type=\"column\" data-e-type=\"column\">\n\t\t\t<div class=\"elementor-widget-wrap\">\n\t\t\t\t\t\t\t<\/div>\n\t\t<\/div>\n\t\t\t\t\t<\/div>\n\t\t<\/section>\n\t\t\t\t<section class=\"elementor-section elementor-top-section elementor-element elementor-element-e96f22a elementor-section-boxed elementor-section-height-default elementor-section-height-default\" data-id=\"e96f22a\" data-element_type=\"section\" data-e-type=\"section\">\n\t\t\t\t\t\t<div class=\"elementor-container elementor-column-gap-default\">\n\t\t\t\t\t<div class=\"elementor-column elementor-col-100 elementor-top-column elementor-element elementor-element-f39564d\" data-id=\"f39564d\" data-element_type=\"column\" data-e-type=\"column\">\n\t\t\t<div class=\"elementor-widget-wrap elementor-element-populated\">\n\t\t\t\t\t\t<div class=\"elementor-element elementor-element-7fb5efb elementor-hidden-desktop elementor-hidden-tablet elementor-widget elementor-widget-spacer\" data-id=\"7fb5efb\" data-element_type=\"widget\" data-e-type=\"widget\" data-widget_type=\"spacer.default\">\n\t\t\t\t<div class=\"elementor-widget-container\">\n\t\t\t\t\t\t\t<div class=\"elementor-spacer\">\n\t\t\t<div class=\"elementor-spacer-inner\"><\/div>\n\t\t<\/div>\n\t\t\t\t\t\t<\/div>\n\t\t\t\t<\/div>\n\t\t\t\t\t<\/div>\n\t\t<\/div>\n\t\t\t\t\t<\/div>\n\t\t<\/section>\n\t\t\t\t<section class=\"elementor-section elementor-top-section elementor-element elementor-element-b72c615 elementor-section-boxed elementor-section-height-default elementor-section-height-default\" data-id=\"b72c615\" data-element_type=\"section\" data-e-type=\"section\">\n\t\t\t\t\t\t<div class=\"elementor-container elementor-column-gap-default\">\n\t\t\t\t\t<div class=\"elementor-column elementor-col-100 elementor-top-column elementor-element elementor-element-78fce27\" data-id=\"78fce27\" data-element_type=\"column\" data-e-type=\"column\">\n\t\t\t<div class=\"elementor-widget-wrap elementor-element-populated\">\n\t\t\t\t\t\t<div class=\"elementor-element elementor-element-775253b elementor-align-end elementor-hidden-desktop elementor-hidden-tablet elementor-icon-list--layout-traditional elementor-list-item-link-full_width elementor-widget elementor-widget-icon-list\" data-id=\"775253b\" data-element_type=\"widget\" data-e-type=\"widget\" data-widget_type=\"icon-list.default\">\n\t\t\t\t<div class=\"elementor-widget-container\">\n\t\t\t\t\t\t\t<ul class=\"elementor-icon-list-items\">\n\t\t\t\t\t\t\t<li class=\"elementor-icon-list-item\">\n\t\t\t\t\t\t\t\t\t\t\t<a href=\"https:\/\/drive.google.com\/file\/d\/14lLIFVJRdM22XP_AkmsuWj7qSzq2Qtvk\/view?usp=sharing\" target=\"_blank\">\n\n\t\t\t\t\t\t\t\t\t\t\t\t<span class=\"elementor-icon-list-icon\">\n\t\t\t\t\t\t\t<i aria-hidden=\"true\" class=\"fas fa-file-download\"><\/i>\t\t\t\t\t\t<\/span>\n\t\t\t\t\t\t\t\t\t\t<span class=\"elementor-icon-list-text\">Portfolio - view and download<\/span>\n\t\t\t\t\t\t\t\t\t\t\t<\/a>\n\t\t\t\t\t\t\t\t\t<\/li>\n\t\t\t\t\t\t\t\t<li class=\"elementor-icon-list-item\">\n\t\t\t\t\t\t\t\t\t\t\t<a href=\"https:\/\/drive.google.com\/file\/d\/14lLIFVJRdM22XP_AkmsuWj7qSzq2Qtvk\/view?usp=sharing\" target=\"_blank\">\n\n\t\t\t\t\t\t\t\t\t\t\t\t<span class=\"elementor-icon-list-icon\">\n\t\t\t\t\t\t\t<i aria-hidden=\"true\" class=\"fas fa-file-download\"><\/i>\t\t\t\t\t\t<\/span>\n\t\t\t\t\t\t\t\t\t\t<span class=\"elementor-icon-list-text\">Portfolio - visualiser et t\u00e9l\u00e9charger<\/span>\n\t\t\t\t\t\t\t\t\t\t\t<\/a>\n\t\t\t\t\t\t\t\t\t<\/li>\n\t\t\t\t\t\t<\/ul>\n\t\t\t\t\t\t<\/div>\n\t\t\t\t<\/div>\n\t\t\t\t\t<\/div>\n\t\t<\/div>\n\t\t\t\t\t<\/div>\n\t\t<\/section>\n\t\t\t\t<section class=\"elementor-section elementor-top-section elementor-element elementor-element-1504bdf elementor-section-boxed elementor-section-height-default elementor-section-height-default\" data-id=\"1504bdf\" data-element_type=\"section\" data-e-type=\"section\">\n\t\t\t\t\t\t<div class=\"elementor-container elementor-column-gap-default\">\n\t\t\t\t\t<div class=\"elementor-column elementor-col-100 elementor-top-column elementor-element elementor-element-58a48fe\" data-id=\"58a48fe\" data-element_type=\"column\" data-e-type=\"column\">\n\t\t\t<div class=\"elementor-widget-wrap elementor-element-populated\">\n\t\t\t\t\t\t<div class=\"elementor-element elementor-element-aac9ebc elementor-widget elementor-widget-spacer\" data-id=\"aac9ebc\" data-element_type=\"widget\" data-e-type=\"widget\" data-widget_type=\"spacer.default\">\n\t\t\t\t<div class=\"elementor-widget-container\">\n\t\t\t\t\t\t\t<div class=\"elementor-spacer\">\n\t\t\t<div class=\"elementor-spacer-inner\"><\/div>\n\t\t<\/div>\n\t\t\t\t\t\t<\/div>\n\t\t\t\t<\/div>\n\t\t\t\t\t<\/div>\n\t\t<\/div>\n\t\t\t\t\t<\/div>\n\t\t<\/section>\n\t\t\t\t<section class=\"elementor-section elementor-top-section elementor-element elementor-element-60e2ce3 elementor-section-boxed elementor-section-height-default elementor-section-height-default\" data-id=\"60e2ce3\" data-element_type=\"section\" data-e-type=\"section\">\n\t\t\t\t\t\t<div class=\"elementor-container elementor-column-gap-default\">\n\t\t\t\t\t<div class=\"elementor-column elementor-col-100 elementor-top-column elementor-element elementor-element-ff962e9\" data-id=\"ff962e9\" data-element_type=\"column\" data-e-type=\"column\">\n\t\t\t<div class=\"elementor-widget-wrap elementor-element-populated\">\n\t\t\t\t\t\t<div class=\"elementor-element elementor-element-c51746b elementor-widget elementor-widget-text-editor\" data-id=\"c51746b\" data-element_type=\"widget\" data-e-type=\"widget\" data-widget_type=\"text-editor.default\">\n\t\t\t\t<div class=\"elementor-widget-container\">\n\t\t\t\t\t\t\t\t\t<h3>A General Work Description<\/h3><p style=\"margin-top: 32px;\">Ma\u00eblle Dufour\u00a0 cr\u00e9e des \u0153uvres monumentales et complexes qui questionnent le progr\u00e8s au c\u0153ur d\u2019\u00e9poques pass\u00e9es, pr\u00e9sentes et futures, ainsi que l\u2019impact de l\u2019activit\u00e9 humaine sur les \u00e9cosyst\u00e8mes.\u00a0 Elle explore les traces de d\u00e9cadence, les pr\u00e9mices d\u2019espoir et les processus de transformation qui traversent nos soci\u00e9t\u00e9s. Elle instaure une arch\u00e9ologie des d\u00e9chets, consid\u00e9rant ces derniers comme l\u2019h\u00e9ritage que nous laisserons aux g\u00e9n\u00e9rations \u00e0 venir. Ils constituent aussi une pr\u00e9cieuse source d\u2019information sur une soci\u00e9t\u00e9 en d\u00e9clin et t\u00e9moignent de la r\u00e9silience de l\u2019humanit\u00e9.<\/p><p style=\"margin-top: 32px;\">Using clay, mud, blue stone, ceramics, dust, waste, lead sheets, rectangular mirrors, and bright red blown glass throughout her oeuvre, an explosion of materials appears. Sometimes her works present as monumental ruins, moon-like volcanic landscapes, or narrow watchtowers. The physical confrontation between her work and the viewer is therefore often disruptive, with the size and weight of the pieces transcending or diminishing our human scale, reminding us of the fragility of our own existence.\u00a0<\/p><p style=\"margin-top: 32px;\">Via her sculptural installations, the artist explores the valuable resources of past societies \u2013 material legacies left for future generations. She purposely questions origin, memory, and history. Between appearing and disappearing, her works resonate lived experiences that are inevitably erased by time. Across borders, histories, and cultures, her varied body of work anticipates a possible hopeful future, while humanity's survival seems to lean on the rhythm of transient civilizations.<\/p>\t\t\t\t\t\t\t\t<\/div>\n\t\t\t\t<\/div>\n\t\t\t\t\t<\/div>\n\t\t<\/div>\n\t\t\t\t\t<\/div>\n\t\t<\/section>\n\t\t\t\t<section class=\"elementor-section elementor-top-section elementor-element elementor-element-352bd05 elementor-section-boxed elementor-section-height-default elementor-section-height-default\" data-id=\"352bd05\" data-element_type=\"section\" data-e-type=\"section\">\n\t\t\t\t\t\t<div class=\"elementor-container elementor-column-gap-default\">\n\t\t\t\t\t<div class=\"elementor-column elementor-col-100 elementor-top-column elementor-element elementor-element-d6311e6\" data-id=\"d6311e6\" data-element_type=\"column\" data-e-type=\"column\">\n\t\t\t<div class=\"elementor-widget-wrap elementor-element-populated\">\n\t\t\t\t\t\t<div class=\"elementor-element elementor-element-201ab18 elementor-widget elementor-widget-spacer\" data-id=\"201ab18\" data-element_type=\"widget\" data-e-type=\"widget\" data-widget_type=\"spacer.default\">\n\t\t\t\t<div class=\"elementor-widget-container\">\n\t\t\t\t\t\t\t<div class=\"elementor-spacer\">\n\t\t\t<div class=\"elementor-spacer-inner\"><\/div>\n\t\t<\/div>\n\t\t\t\t\t\t<\/div>\n\t\t\t\t<\/div>\n\t\t\t\t\t<\/div>\n\t\t<\/div>\n\t\t\t\t\t<\/div>\n\t\t<\/section>\n\t\t\t\t<section class=\"elementor-section elementor-top-section elementor-element elementor-element-5deb0d5 elementor-section-boxed elementor-section-height-default elementor-section-height-default\" data-id=\"5deb0d5\" data-element_type=\"section\" data-e-type=\"section\">\n\t\t\t\t\t\t<div class=\"elementor-container elementor-column-gap-default\">\n\t\t\t\t\t<div class=\"elementor-column elementor-col-100 elementor-top-column elementor-element elementor-element-e9ca163\" data-id=\"e9ca163\" data-element_type=\"column\" data-e-type=\"column\">\n\t\t\t<div class=\"elementor-widget-wrap elementor-element-populated\">\n\t\t\t\t\t\t<div class=\"elementor-element elementor-element-d5d00ac elementor-widget elementor-widget-text-editor\" data-id=\"d5d00ac\" data-element_type=\"widget\" data-e-type=\"widget\" data-widget_type=\"text-editor.default\">\n\t\t\t\t<div class=\"elementor-widget-container\">\n\t\t\t\t\t\t\t\t\t<h3>Biography<\/h3><p>Ma\u00eblle Dufour (1994, Belgium) is a visual artist who lives and works in Brussels, Belgium. She is a laureate of HISK (Higher Institute for Fine Arts) Ghent 2022\u201323. She studied sculpture at ENSAV La Cambre (Brussels) and at the Finnish Academy of Fine Arts (Helsinki). \nSince 2014, she has taken part in numerous exhibitions in Belgium and abroad, including the Beaufort Triennial (BE), the Triennial of Public Art (BE), the Mulhouse Biennial (FR), Artagon III (FR), the Artour Biennial (BE), and Horst (BE). She has also participated in several contemporary art fairs such as Art Brussels (BE) and \nCeramic Brussels (BE).<\/p><p>Her work is regularly presented in art institutions including Extra City (BE), Kanal \u2013 Centre Pompidou (BE), Centrale for Contemporary Art (BE), Botanique (BE), BPS22 (BE), Centre Wallonie-Bruxelles in Paris (FR),  CC Strombeek (BE), Free Space for Arts (FI), Universidad de Concepci\u00f3n (CL), Delta (BE), Friche la Belle de Mai (FR), Les Brasseurs (BE), and ISELP (BE). She has completed residencies at Moly Sabata (FR), Alumi Startwell (NL), Shake \u2013 Nomadic Residency (TU), MACPA (BE), RAVI (BE), and MAAC (BE). In 2022, she created a permanent public artwork in Haren.<\/p><p>In 2022, she created a permanent artwork in Haren and is currently developing a new permanent work for the city of Mouscron. \nHer work is also held in several public and private collections, including FRAC Dunkerque and in the Hainaut Collection at BPS22.<\/p><p>Her work has received several awards and grants, including the \u201cSculpture Encouragement Prize, 2021\u201d at the Institut de France, the \u201cFintro Prize, 2024,\u201d the \u201c\u00c9tincelle de Wallonie Prize, 2025,\u201d the \u201cWallonia Arts Commission Prize, 2018,\u201d and the \u201cMacors Prize, 2021,\u201d as well as the grants \u201cCreation Grant, 2019 and 2021,\u201d \u201cA Future for Culture, 2021 and 2023, \u201cBeurs van de Vlaamse Geemschap, 2025,\u201d and \u201cVocatio, 2022.\u201d \nShe also received the \u201cPrix du Hainaut 2018,\u201d through which she published the book Construire la ruine in November 2021 with CFC \u00e9ditions.<\/p>\t\t\t\t\t\t\t\t<\/div>\n\t\t\t\t<\/div>\n\t\t\t\t\t<\/div>\n\t\t<\/div>\n\t\t\t\t\t<\/div>\n\t\t<\/section>\n\t\t\t\t<section class=\"elementor-section elementor-top-section elementor-element elementor-element-4803ce4 elementor-section-boxed elementor-section-height-default elementor-section-height-default\" data-id=\"4803ce4\" data-element_type=\"section\" data-e-type=\"section\">\n\t\t\t\t\t\t<div class=\"elementor-container elementor-column-gap-default\">\n\t\t\t\t\t<div class=\"elementor-column elementor-col-100 elementor-top-column elementor-element elementor-element-7bc216b\" data-id=\"7bc216b\" data-element_type=\"column\" data-e-type=\"column\">\n\t\t\t<div class=\"elementor-widget-wrap elementor-element-populated\">\n\t\t\t\t\t\t<div class=\"elementor-element elementor-element-0d4db07 elementor-widget elementor-widget-spacer\" data-id=\"0d4db07\" data-element_type=\"widget\" data-e-type=\"widget\" data-widget_type=\"spacer.default\">\n\t\t\t\t<div class=\"elementor-widget-container\">\n\t\t\t\t\t\t\t<div class=\"elementor-spacer\">\n\t\t\t<div class=\"elementor-spacer-inner\"><\/div>\n\t\t<\/div>\n\t\t\t\t\t\t<\/div>\n\t\t\t\t<\/div>\n\t\t\t\t\t<\/div>\n\t\t<\/div>\n\t\t\t\t\t<\/div>\n\t\t<\/section>\n\t\t\t\t<section class=\"elementor-section elementor-top-section elementor-element elementor-element-dc8cf61 elementor-section-boxed elementor-section-height-default elementor-section-height-default\" data-id=\"dc8cf61\" data-element_type=\"section\" data-e-type=\"section\">\n\t\t\t\t\t\t<div class=\"elementor-container elementor-column-gap-default\">\n\t\t\t\t\t\t<\/div>\n\t\t<\/section>\n\t\t\t\t<section class=\"elementor-section elementor-top-section elementor-element elementor-element-05b4ed1 elementor-section-boxed elementor-section-height-default elementor-section-height-default\" data-id=\"05b4ed1\" data-element_type=\"section\" data-e-type=\"section\">\n\t\t\t\t\t\t<div class=\"elementor-container elementor-column-gap-default\">\n\t\t\t\t\t<div class=\"elementor-column elementor-col-100 elementor-top-column elementor-element elementor-element-3199eda\" data-id=\"3199eda\" data-element_type=\"column\" data-e-type=\"column\">\n\t\t\t<div class=\"elementor-widget-wrap elementor-element-populated\">\n\t\t\t\t\t\t<div class=\"elementor-element elementor-element-1842845 elementor-widget elementor-widget-image\" data-id=\"1842845\" data-element_type=\"widget\" data-e-type=\"widget\" data-widget_type=\"image.default\">\n\t\t\t\t<div class=\"elementor-widget-container\">\n\t\t\t\t\t\t\t\t\t\t\t\t\t\t\t<img fetchpriority=\"high\" decoding=\"async\" width=\"672\" height=\"1024\" src=\"https:\/\/maelledufour.be\/wp-content\/uploads\/2024\/08\/DSC09699_1-672x1024.jpg\" class=\"attachment-large size-large wp-image-2682\" alt=\"\" srcset=\"https:\/\/maelledufour.be\/wp-content\/uploads\/2024\/08\/DSC09699_1-672x1024.jpg 672w, https:\/\/maelledufour.be\/wp-content\/uploads\/2024\/08\/DSC09699_1-197x300.jpg 197w, https:\/\/maelledufour.be\/wp-content\/uploads\/2024\/08\/DSC09699_1-768x1170.jpg 768w, https:\/\/maelledufour.be\/wp-content\/uploads\/2024\/08\/DSC09699_1-1009x1536.jpg 1009w, https:\/\/maelledufour.be\/wp-content\/uploads\/2024\/08\/DSC09699_1-1345x2048.jpg 1345w, https:\/\/maelledufour.be\/wp-content\/uploads\/2024\/08\/DSC09699_1-8x12.jpg 8w, https:\/\/maelledufour.be\/wp-content\/uploads\/2024\/08\/DSC09699_1-350x533.jpg 350w, https:\/\/maelledufour.be\/wp-content\/uploads\/2024\/08\/DSC09699_1-scaled.jpg 1681w\" sizes=\"(max-width: 672px) 100vw, 672px\" \/>\t\t\t\t\t\t\t\t\t\t\t\t\t\t\t<\/div>\n\t\t\t\t<\/div>\n\t\t\t\t\t<\/div>\n\t\t<\/div>\n\t\t\t\t\t<\/div>\n\t\t<\/section>\n\t\t\t\t<section class=\"elementor-section elementor-top-section elementor-element elementor-element-26d393d elementor-section-boxed elementor-section-height-default elementor-section-height-default\" data-id=\"26d393d\" data-element_type=\"section\" data-e-type=\"section\">\n\t\t\t\t\t\t<div class=\"elementor-container elementor-column-gap-default\">\n\t\t\t\t\t<div class=\"elementor-column elementor-col-100 elementor-top-column elementor-element elementor-element-39e837d\" data-id=\"39e837d\" data-element_type=\"column\" data-e-type=\"column\">\n\t\t\t<div class=\"elementor-widget-wrap elementor-element-populated\">\n\t\t\t\t\t\t<div class=\"elementor-element elementor-element-c2a3ebb elementor-widget elementor-widget-text-editor\" data-id=\"c2a3ebb\" data-element_type=\"widget\" data-e-type=\"widget\" data-widget_type=\"text-editor.default\">\n\t\t\t\t<div class=\"elementor-widget-container\">\n\t\t\t\t\t\t\t\t\t<p style=\"padding-left: 240px; text-align: left;\">\u00a9 Ithier Held<\/p>\t\t\t\t\t\t\t\t<\/div>\n\t\t\t\t<\/div>\n\t\t\t\t\t<\/div>\n\t\t<\/div>\n\t\t\t\t\t<\/div>\n\t\t<\/section>\n\t\t\t\t<\/div>","protected":false},"excerpt":{"rendered":"<p>Portfolio &#8211; view and download Portfolio &#8211; visualiser et t\u00e9l\u00e9charger Portfolio &#8211; view and download Portfolio &#8211; visualiser et t\u00e9l\u00e9charger D\u00e9marche Artistique Ma\u00eblle Dufour\u00a0 cr\u00e9e des \u0153uvres monumentales et complexes qui questionnent le progr\u00e8s au c\u0153ur d\u2019\u00e9poques pass\u00e9es, pr\u00e9sentes et futures, ainsi que l\u2019impact de l\u2019activit\u00e9 humaine sur les \u00e9cosyst\u00e8mes.\u00a0 Elle explore les traces de&#8230;<\/p>","protected":false},"author":1,"featured_media":0,"parent":0,"menu_order":0,"comment_status":"closed","ping_status":"closed","template":"","meta":{"_monsterinsights_skip_tracking":false,"_monsterinsights_sitenote_active":false,"_monsterinsights_sitenote_note":"","_monsterinsights_sitenote_category":0,"_kadence_starter_templates_imported_post":false,"_kad_post_transparent":"","_kad_post_title":"hide","_kad_post_layout":"fullwidth","_kad_post_sidebar_id":"","_kad_post_content_style":"unboxed","_kad_post_vertical_padding":"hide","_kad_post_feature":"hide","_kad_post_feature_position":"","_kad_post_header":false,"_kad_post_footer":false,"_kad_post_classname":"","footnotes":""},"class_list":["post-42","page","type-page","status-publish","hentry"],"aioseo_notices":[],"_links":{"self":[{"href":"https:\/\/maelledufour.be\/en\/wp-json\/wp\/v2\/pages\/42","targetHints":{"allow":["GET"]}}],"collection":[{"href":"https:\/\/maelledufour.be\/en\/wp-json\/wp\/v2\/pages"}],"about":[{"href":"https:\/\/maelledufour.be\/en\/wp-json\/wp\/v2\/types\/page"}],"author":[{"embeddable":true,"href":"https:\/\/maelledufour.be\/en\/wp-json\/wp\/v2\/users\/1"}],"replies":[{"embeddable":true,"href":"https:\/\/maelledufour.be\/en\/wp-json\/wp\/v2\/comments?post=42"}],"version-history":[{"count":194,"href":"https:\/\/maelledufour.be\/en\/wp-json\/wp\/v2\/pages\/42\/revisions"}],"predecessor-version":[{"id":2825,"href":"https:\/\/maelledufour.be\/en\/wp-json\/wp\/v2\/pages\/42\/revisions\/2825"}],"wp:attachment":[{"href":"https:\/\/maelledufour.be\/en\/wp-json\/wp\/v2\/media?parent=42"}],"curies":[{"name":"wp","href":"https:\/\/api.w.org\/{rel}","templated":true}]}}