{"id":297,"date":"2020-11-22T00:10:40","date_gmt":"2020-11-21T23:10:40","guid":{"rendered":"https:\/\/maelle.familledufour-lln.be\/wp\/?page_id=297"},"modified":"2024-08-27T13:41:32","modified_gmt":"2024-08-27T11:41:32","slug":"outre-tombe","status":"publish","type":"page","link":"https:\/\/maelledufour.be\/en\/outre-tombe\/","title":{"rendered":"Outre tombe"},"content":{"rendered":"<div data-elementor-type=\"wp-page\" data-elementor-id=\"297\" class=\"elementor elementor-297\">\n\t\t\t\t\t\t<section class=\"elementor-section elementor-top-section elementor-element elementor-element-d377c58 elementor-section-boxed elementor-section-height-default elementor-section-height-default\" data-id=\"d377c58\" data-element_type=\"section\" data-e-type=\"section\">\n\t\t\t\t\t\t<div class=\"elementor-container elementor-column-gap-default\">\n\t\t\t\t\t<div class=\"elementor-column elementor-col-16 elementor-top-column elementor-element elementor-element-e7410e5\" data-id=\"e7410e5\" data-element_type=\"column\" data-e-type=\"column\">\n\t\t\t<div class=\"elementor-widget-wrap elementor-element-populated\">\n\t\t\t\t\t\t<div class=\"elementor-element elementor-element-da54041 elementor-view-default elementor-widget elementor-widget-icon\" data-id=\"da54041\" data-element_type=\"widget\" data-e-type=\"widget\" data-widget_type=\"icon.default\">\n\t\t\t\t<div class=\"elementor-widget-container\">\n\t\t\t\t\t\t\t<div class=\"elementor-icon-wrapper\">\n\t\t\t<a class=\"elementor-icon\" href=\"https:\/\/maelledufour.be\/en\/elle-bat-au-souffle-de-la-terre\/\">\n\t\t\t<i aria-hidden=\"true\" class=\"fas fa-chevron-left\"><\/i>\t\t\t<\/a>\n\t\t<\/div>\n\t\t\t\t\t\t<\/div>\n\t\t\t\t<\/div>\n\t\t\t\t\t<\/div>\n\t\t<\/div>\n\t\t\t\t<div class=\"elementor-column elementor-col-16 elementor-top-column elementor-element elementor-element-c13155f\" data-id=\"c13155f\" data-element_type=\"column\" data-e-type=\"column\">\n\t\t\t<div class=\"elementor-widget-wrap\">\n\t\t\t\t\t\t\t<\/div>\n\t\t<\/div>\n\t\t\t\t<div class=\"elementor-column elementor-col-16 elementor-top-column elementor-element elementor-element-0cbdfb5\" data-id=\"0cbdfb5\" data-element_type=\"column\" data-e-type=\"column\">\n\t\t\t<div class=\"elementor-widget-wrap\">\n\t\t\t\t\t\t\t<\/div>\n\t\t<\/div>\n\t\t\t\t<div class=\"elementor-column elementor-col-16 elementor-top-column elementor-element elementor-element-3538f5c\" data-id=\"3538f5c\" data-element_type=\"column\" data-e-type=\"column\">\n\t\t\t<div class=\"elementor-widget-wrap\">\n\t\t\t\t\t\t\t<\/div>\n\t\t<\/div>\n\t\t\t\t<div class=\"elementor-column elementor-col-16 elementor-top-column elementor-element elementor-element-9130a20\" data-id=\"9130a20\" data-element_type=\"column\" data-e-type=\"column\">\n\t\t\t<div class=\"elementor-widget-wrap\">\n\t\t\t\t\t\t\t<\/div>\n\t\t<\/div>\n\t\t\t\t<div class=\"elementor-column elementor-col-16 elementor-top-column elementor-element elementor-element-45296f1\" data-id=\"45296f1\" data-element_type=\"column\" data-e-type=\"column\">\n\t\t\t<div class=\"elementor-widget-wrap elementor-element-populated\">\n\t\t\t\t\t\t<div class=\"elementor-element elementor-element-bd2876d elementor-view-default elementor-widget elementor-widget-icon\" data-id=\"bd2876d\" data-element_type=\"widget\" data-e-type=\"widget\" data-widget_type=\"icon.default\">\n\t\t\t\t<div class=\"elementor-widget-container\">\n\t\t\t\t\t\t\t<div class=\"elementor-icon-wrapper\">\n\t\t\t<a class=\"elementor-icon\" href=\"https:\/\/maelledufour.be\/en\/depend-ant-de-lextension\/\">\n\t\t\t<i aria-hidden=\"true\" class=\"fas fa-chevron-right\"><\/i>\t\t\t<\/a>\n\t\t<\/div>\n\t\t\t\t\t\t<\/div>\n\t\t\t\t<\/div>\n\t\t\t\t\t<\/div>\n\t\t<\/div>\n\t\t\t\t\t<\/div>\n\t\t<\/section>\n\t\t\t\t<section class=\"elementor-section elementor-top-section elementor-element elementor-element-45b036b elementor-section-boxed elementor-section-height-default elementor-section-height-default\" data-id=\"45b036b\" data-element_type=\"section\" data-e-type=\"section\">\n\t\t\t\t\t\t<div class=\"elementor-container elementor-column-gap-default\">\n\t\t\t\t\t<div class=\"elementor-column elementor-col-50 elementor-top-column elementor-element elementor-element-87c4678\" data-id=\"87c4678\" data-element_type=\"column\" data-e-type=\"column\">\n\t\t\t<div class=\"elementor-widget-wrap elementor-element-populated\">\n\t\t\t\t\t\t<div class=\"elementor-element elementor-element-2d21286 elementor-widget elementor-widget-text-editor\" data-id=\"2d21286\" data-element_type=\"widget\" data-e-type=\"widget\" data-widget_type=\"text-editor.default\">\n\t\t\t\t<div class=\"elementor-widget-container\">\n\t\t\t\t\t\t\t\t\t<p><em>Outre-tombe<\/em>, 2020, Installation, polished stainless steel, steel, concrete with black pigments, 650 x 75 x 75 cm, 6 negative photographs, dibond impression, 120 x 60 cm and sound installation, Public Art Triennale Li\u00e8ge, Courtyard of the Soci\u00e9t\u00e9 Libre d\u2019\u00c9mulation, Li\u00e8ge (BE), Engineers  and Architects \u2014 DELVAUX: Mateo Heirickx, \u00a9<br \/>\u00a0 Ithier Held<\/p>\t\t\t\t\t\t\t\t<\/div>\n\t\t\t\t<\/div>\n\t\t\t\t\t<\/div>\n\t\t<\/div>\n\t\t\t\t<div class=\"elementor-column elementor-col-50 elementor-top-column elementor-element elementor-element-f532ab2\" data-id=\"f532ab2\" data-element_type=\"column\" data-e-type=\"column\">\n\t\t\t<div class=\"elementor-widget-wrap\">\n\t\t\t\t\t\t\t<\/div>\n\t\t<\/div>\n\t\t\t\t\t<\/div>\n\t\t<\/section>\n\t\t\t\t<section class=\"elementor-section elementor-top-section elementor-element elementor-element-435fdc5a elementor-section-boxed elementor-section-height-default elementor-section-height-default\" data-id=\"435fdc5a\" data-element_type=\"section\" data-e-type=\"section\" data-settings=\"{&quot;background_background&quot;:&quot;classic&quot;}\">\n\t\t\t\t\t\t\t<div class=\"elementor-background-overlay\"><\/div>\n\t\t\t\t\t\t\t<div class=\"elementor-container elementor-column-gap-default\">\n\t\t\t\t\t<div class=\"elementor-column elementor-col-100 elementor-top-column elementor-element elementor-element-668ce845\" data-id=\"668ce845\" data-element_type=\"column\" data-e-type=\"column\">\n\t\t\t<div class=\"elementor-widget-wrap elementor-element-populated\">\n\t\t\t\t\t\t<section class=\"elementor-section elementor-inner-section elementor-element elementor-element-193f3a9e elementor-section-boxed elementor-section-height-default elementor-section-height-default\" data-id=\"193f3a9e\" data-element_type=\"section\" data-e-type=\"section\">\n\t\t\t\t\t\t<div class=\"elementor-container elementor-column-gap-default\">\n\t\t\t\t\t<div class=\"elementor-column elementor-col-100 elementor-inner-column elementor-element elementor-element-c8acfb\" data-id=\"c8acfb\" data-element_type=\"column\" data-e-type=\"column\">\n\t\t\t<div class=\"elementor-widget-wrap elementor-element-populated\">\n\t\t\t\t\t\t<div class=\"elementor-element elementor-element-38cbf3c elementor-widget elementor-widget-video\" data-id=\"38cbf3c\" data-element_type=\"widget\" data-e-type=\"widget\" data-settings=\"{&quot;video_type&quot;:&quot;vimeo&quot;,&quot;start&quot;:1,&quot;autoplay&quot;:&quot;yes&quot;,&quot;play_on_mobile&quot;:&quot;yes&quot;,&quot;loop&quot;:&quot;yes&quot;}\" data-widget_type=\"video.default\">\n\t\t\t\t<div class=\"elementor-widget-container\">\n\t\t\t\t\t\t\t<div class=\"elementor-wrapper elementor-open-inline\">\n\t\t\t<iframe class=\"elementor-video-iframe\" allowfullscreen allow=\"autoplay\" title=\"Lecteur vid\u00e9o vimeo\" src=\"https:\/\/player.vimeo.com\/video\/493742030?autoplay=1&amp;playsinline=1&amp;color&amp;autopause=0&amp;loop=1&amp;muted=0&amp;title=1&amp;portrait=1&amp;byline=1#t=00h00m01s\"><\/iframe>\t\t<\/div>\n\t\t\t\t\t\t<\/div>\n\t\t\t\t<\/div>\n\t\t\t\t<div class=\"elementor-element elementor-element-8275e43 elementor-widget elementor-widget-spacer\" data-id=\"8275e43\" data-element_type=\"widget\" data-e-type=\"widget\" data-widget_type=\"spacer.default\">\n\t\t\t\t<div class=\"elementor-widget-container\">\n\t\t\t\t\t\t\t<div class=\"elementor-spacer\">\n\t\t\t<div class=\"elementor-spacer-inner\"><\/div>\n\t\t<\/div>\n\t\t\t\t\t\t<\/div>\n\t\t\t\t<\/div>\n\t\t\t\t<div class=\"elementor-element elementor-element-537991ba gallery-spacing-custom elementor-widget elementor-widget-image-gallery\" data-id=\"537991ba\" data-element_type=\"widget\" data-e-type=\"widget\" data-widget_type=\"image-gallery.default\">\n\t\t\t\t<div class=\"elementor-widget-container\">\n\t\t\t\t\t\t\t<div class=\"elementor-image-gallery\">\n\t\t\t<div id='gallery-16' class='gallery galleryid-297 gallery-columns-1 gallery-size-medium_large'><figure class='gallery-item'>\n\t\t\t<div class='gallery-icon portrait'>\n\t\t\t\t<a data-elementor-open-lightbox=\"yes\" data-elementor-lightbox-slideshow=\"537991ba\" data-elementor-lightbox-title=\"Ma\u00eblle Dufour, Outre-tombe, 2020, \u00a9 Ithier Held\" data-e-action-hash=\"#elementor-action%3Aaction%3Dlightbox%26settings%3DeyJpZCI6MjQ0LCJ1cmwiOiJodHRwczpcL1wvbWFlbGxlZHVmb3VyLmJlXC93cC1jb250ZW50XC91cGxvYWRzXC8yMDIwXC8xMVwvbWFlbGxlZHVmb3VyX2Zvcm1lX2Vzc2VudGllbF9mdXNlZTEuanBnIiwic2xpZGVzaG93IjoiNTM3OTkxYmEifQ%3D%3D\" href='https:\/\/maelledufour.be\/wp-content\/uploads\/2020\/11\/maelledufour_forme_essentiel_fusee1.jpg'><img fetchpriority=\"high\" decoding=\"async\" width=\"768\" height=\"1152\" src=\"https:\/\/maelledufour.be\/wp-content\/uploads\/2020\/11\/maelledufour_forme_essentiel_fusee1-768x1152.jpg\" class=\"attachment-medium_large size-medium_large\" alt=\"\" srcset=\"https:\/\/maelledufour.be\/wp-content\/uploads\/2020\/11\/maelledufour_forme_essentiel_fusee1-768x1152.jpg 768w, https:\/\/maelledufour.be\/wp-content\/uploads\/2020\/11\/maelledufour_forme_essentiel_fusee1-200x300.jpg 200w, https:\/\/maelledufour.be\/wp-content\/uploads\/2020\/11\/maelledufour_forme_essentiel_fusee1-683x1024.jpg 683w, https:\/\/maelledufour.be\/wp-content\/uploads\/2020\/11\/maelledufour_forme_essentiel_fusee1-1024x1536.jpg 1024w, https:\/\/maelledufour.be\/wp-content\/uploads\/2020\/11\/maelledufour_forme_essentiel_fusee1-1366x2048.jpg 1366w, https:\/\/maelledufour.be\/wp-content\/uploads\/2020\/11\/maelledufour_forme_essentiel_fusee1-8x12.jpg 8w, https:\/\/maelledufour.be\/wp-content\/uploads\/2020\/11\/maelledufour_forme_essentiel_fusee1.jpg 1575w\" sizes=\"(max-width: 768px) 100vw, 768px\" \/><\/a>\n\t\t\t<\/div><\/figure><figure class='gallery-item'>\n\t\t\t<div class='gallery-icon landscape'>\n\t\t\t\t<a data-elementor-open-lightbox=\"yes\" data-elementor-lightbox-slideshow=\"537991ba\" data-elementor-lightbox-title=\"Ma\u00eblle Dufour, Outre-tombe, 2020, \u00a9 Ithier Held\" data-e-action-hash=\"#elementor-action%3Aaction%3Dlightbox%26settings%3DeyJpZCI6MjI2LCJ1cmwiOiJodHRwczpcL1wvbWFlbGxlZHVmb3VyLmJlXC93cC1jb250ZW50XC91cGxvYWRzXC8yMDIwXC8xMVwvRW11bGF0aW9uX0Z1c2VlLTItc3VyLTMuanBnIiwic2xpZGVzaG93IjoiNTM3OTkxYmEifQ%3D%3D\" href='https:\/\/maelledufour.be\/wp-content\/uploads\/2020\/11\/Emulation_Fusee-2-sur-3.jpg'><img decoding=\"async\" width=\"768\" height=\"512\" src=\"https:\/\/maelledufour.be\/wp-content\/uploads\/2020\/11\/Emulation_Fusee-2-sur-3-768x512.jpg\" class=\"attachment-medium_large size-medium_large\" alt=\"\" srcset=\"https:\/\/maelledufour.be\/wp-content\/uploads\/2020\/11\/Emulation_Fusee-2-sur-3-768x512.jpg 768w, https:\/\/maelledufour.be\/wp-content\/uploads\/2020\/11\/Emulation_Fusee-2-sur-3-300x200.jpg 300w, https:\/\/maelledufour.be\/wp-content\/uploads\/2020\/11\/Emulation_Fusee-2-sur-3-1024x682.jpg 1024w, https:\/\/maelledufour.be\/wp-content\/uploads\/2020\/11\/Emulation_Fusee-2-sur-3-1536x1024.jpg 1536w, https:\/\/maelledufour.be\/wp-content\/uploads\/2020\/11\/Emulation_Fusee-2-sur-3-16x12.jpg 16w, https:\/\/maelledufour.be\/wp-content\/uploads\/2020\/11\/Emulation_Fusee-2-sur-3.jpg 2000w\" sizes=\"(max-width: 768px) 100vw, 768px\" \/><\/a>\n\t\t\t<\/div><\/figure><figure class='gallery-item'>\n\t\t\t<div class='gallery-icon landscape'>\n\t\t\t\t<a data-elementor-open-lightbox=\"yes\" data-elementor-lightbox-slideshow=\"537991ba\" data-elementor-lightbox-title=\"Ma\u00eblle Dufour, Outre-tombe, 2020, \u00a9 Ithier Held\" data-e-action-hash=\"#elementor-action%3Aaction%3Dlightbox%26settings%3DeyJpZCI6MjA4LCJ1cmwiOiJodHRwczpcL1wvbWFlbGxlZHVmb3VyLmJlXC93cC1jb250ZW50XC91cGxvYWRzXC8yMDIwXC8xMVwvYWRlbGVhcnRwdWJsaWMxMTEuanBnIiwic2xpZGVzaG93IjoiNTM3OTkxYmEifQ%3D%3D\" href='https:\/\/maelledufour.be\/wp-content\/uploads\/2020\/11\/adeleartpublic111.jpg'><img decoding=\"async\" width=\"768\" height=\"512\" src=\"https:\/\/maelledufour.be\/wp-content\/uploads\/2020\/11\/adeleartpublic111-768x512.jpg\" class=\"attachment-medium_large size-medium_large\" alt=\"\" srcset=\"https:\/\/maelledufour.be\/wp-content\/uploads\/2020\/11\/adeleartpublic111-768x512.jpg 768w, https:\/\/maelledufour.be\/wp-content\/uploads\/2020\/11\/adeleartpublic111-300x200.jpg 300w, https:\/\/maelledufour.be\/wp-content\/uploads\/2020\/11\/adeleartpublic111-1024x682.jpg 1024w, https:\/\/maelledufour.be\/wp-content\/uploads\/2020\/11\/adeleartpublic111-1536x1024.jpg 1536w, https:\/\/maelledufour.be\/wp-content\/uploads\/2020\/11\/adeleartpublic111-16x12.jpg 16w, https:\/\/maelledufour.be\/wp-content\/uploads\/2020\/11\/adeleartpublic111.jpg 2000w\" sizes=\"(max-width: 768px) 100vw, 768px\" \/><\/a>\n\t\t\t<\/div><\/figure>\n\t\t<\/div>\n\t\t<\/div>\n\t\t\t\t\t\t<\/div>\n\t\t\t\t<\/div>\n\t\t\t\t\t<\/div>\n\t\t<\/div>\n\t\t\t\t\t<\/div>\n\t\t<\/section>\n\t\t\t\t<div class=\"elementor-element elementor-element-e22bf77 elementor-arrows-position-outside elementor-hidden-desktop elementor-hidden-tablet elementor-pagination-position-outside elementor-widget elementor-widget-image-carousel\" data-id=\"e22bf77\" data-element_type=\"widget\" data-e-type=\"widget\" data-settings=\"{&quot;slides_to_show&quot;:&quot;1&quot;,&quot;autoplay&quot;:&quot;no&quot;,&quot;navigation&quot;:&quot;both&quot;,&quot;infinite&quot;:&quot;yes&quot;,&quot;effect&quot;:&quot;slide&quot;,&quot;speed&quot;:500}\" data-widget_type=\"image-carousel.default\">\n\t\t\t\t<div class=\"elementor-widget-container\">\n\t\t\t\t\t\t\t<div class=\"elementor-image-carousel-wrapper swiper\" role=\"region\" aria-roledescription=\"carousel\" aria-label=\"Carrousel d\u2019images\" dir=\"ltr\">\n\t\t\t<div class=\"elementor-image-carousel swiper-wrapper\" aria-live=\"polite\">\n\t\t\t\t\t\t\t\t<div class=\"swiper-slide\" role=\"group\" aria-roledescription=\"slide\" aria-label=\"1 sur 3\"><a data-elementor-open-lightbox=\"yes\" data-elementor-lightbox-slideshow=\"e22bf77\" data-e-action-hash=\"#elementor-action%3Aaction%3Dlightbox%26settings%3DeyJpZCI6NTIyLCJ1cmwiOiJodHRwczpcL1wvbWFlbGxlZHVmb3VyLmJlXC93cC1jb250ZW50XC91cGxvYWRzXC8yMDIwXC8xMlwvZmFpYnJlb3V0cmV0b21iZW5vdmVtYnJlMjAyMC03Njh4MTQyNi0xLmpwZyIsInNsaWRlc2hvdyI6ImUyMmJmNzcifQ%3D%3D\" href=\"https:\/\/maelledufour.be\/wp-content\/uploads\/2020\/12\/faibreoutretombenovembre2020-768x1426-1.jpg\"><figure class=\"swiper-slide-inner\"><img decoding=\"async\" class=\"swiper-slide-image\" src=\"https:\/\/maelledufour.be\/wp-content\/uploads\/2020\/12\/faibreoutretombenovembre2020-768x1426-1.jpg\" alt=\"\" \/><\/figure><\/a><\/div><div class=\"swiper-slide\" role=\"group\" aria-roledescription=\"slide\" aria-label=\"2 sur 3\"><a data-elementor-open-lightbox=\"yes\" data-elementor-lightbox-slideshow=\"e22bf77\" data-e-action-hash=\"#elementor-action%3Aaction%3Dlightbox%26settings%3DeyJpZCI6NTIzLCJ1cmwiOiJodHRwczpcL1wvbWFlbGxlZHVmb3VyLmJlXC93cC1jb250ZW50XC91cGxvYWRzXC8yMDIwXC8xMlwvZmFpYnJlb3V0cmV0b21iZW5vdmVtYnJlMjAyMC03Njh4MTQyNjEtMS5qcGciLCJzbGlkZXNob3ciOiJlMjJiZjc3In0%3D\" href=\"https:\/\/maelledufour.be\/wp-content\/uploads\/2020\/12\/faibreoutretombenovembre2020-768x14261-1.jpg\"><figure class=\"swiper-slide-inner\"><img decoding=\"async\" class=\"swiper-slide-image\" src=\"https:\/\/maelledufour.be\/wp-content\/uploads\/2020\/12\/faibreoutretombenovembre2020-768x14261-1.jpg\" alt=\"\" \/><\/figure><\/a><\/div><div class=\"swiper-slide\" role=\"group\" aria-roledescription=\"slide\" aria-label=\"3 sur 3\"><a data-elementor-open-lightbox=\"yes\" data-elementor-lightbox-slideshow=\"e22bf77\" data-e-action-hash=\"#elementor-action%3Aaction%3Dlightbox%26settings%3DeyJpZCI6NTI0LCJ1cmwiOiJodHRwczpcL1wvbWFlbGxlZHVmb3VyLmJlXC93cC1jb250ZW50XC91cGxvYWRzXC8yMDIwXC8xMlwvZmFpYnJlb3V0cmV0b21iZW5vdmVtYnJlMjAyMC03Njh4MTQyNjExLTEuanBnIiwic2xpZGVzaG93IjoiZTIyYmY3NyJ9\" href=\"https:\/\/maelledufour.be\/wp-content\/uploads\/2020\/12\/faibreoutretombenovembre2020-768x142611-1.jpg\"><figure class=\"swiper-slide-inner\"><img decoding=\"async\" class=\"swiper-slide-image\" src=\"https:\/\/maelledufour.be\/wp-content\/uploads\/2020\/12\/faibreoutretombenovembre2020-768x142611-1.jpg\" alt=\"\" \/><\/figure><\/a><\/div>\t\t\t<\/div>\n\t\t\t\t\t\t\t\t\t\t\t\t<div class=\"elementor-swiper-button elementor-swiper-button-prev\" role=\"button\" tabindex=\"0\">\n\t\t\t\t\t\t<i aria-hidden=\"true\" class=\"eicon-chevron-left\"><\/i>\t\t\t\t\t<\/div>\n\t\t\t\t\t<div class=\"elementor-swiper-button elementor-swiper-button-next\" role=\"button\" tabindex=\"0\">\n\t\t\t\t\t\t<i aria-hidden=\"true\" class=\"eicon-chevron-right\"><\/i>\t\t\t\t\t<\/div>\n\t\t\t\t\n\t\t\t\t\t\t\t\t\t<div class=\"swiper-pagination\"><\/div>\n\t\t\t\t\t\t\t\t\t<\/div>\n\t\t\t\t\t\t<\/div>\n\t\t\t\t<\/div>\n\t\t\t\t\t<\/div>\n\t\t<\/div>\n\t\t\t\t\t<\/div>\n\t\t<\/section>\n\t\t\t\t<section class=\"elementor-section elementor-top-section elementor-element elementor-element-9105607 elementor-section-boxed elementor-section-height-default elementor-section-height-default\" data-id=\"9105607\" data-element_type=\"section\" data-e-type=\"section\">\n\t\t\t\t\t\t<div class=\"elementor-container elementor-column-gap-default\">\n\t\t\t\t\t<div class=\"elementor-column elementor-col-100 elementor-top-column elementor-element elementor-element-c88da34\" data-id=\"c88da34\" data-element_type=\"column\" data-e-type=\"column\">\n\t\t\t<div class=\"elementor-widget-wrap elementor-element-populated\">\n\t\t\t\t\t\t<div class=\"elementor-element elementor-element-01a8eab elementor-widget elementor-widget-text-editor\" data-id=\"01a8eab\" data-element_type=\"widget\" data-e-type=\"widget\" data-widget_type=\"text-editor.default\">\n\t\t\t\t<div class=\"elementor-widget-container\">\n\t\t\t\t\t\t\t\t\t<p>\u2018Outre-tombe\u2019 explores the duality of progress through traces of decadence and signs of hope. The installation juxtaposes spacecraft, symbols of expansion, with missiles, bearers of destruction. It also pays homage to the awakeners who, through their acts of safeguarding, give meaning to human existence.<\/p>\t\t\t\t\t\t\t\t<\/div>\n\t\t\t\t<\/div>\n\t\t\t\t\t<\/div>\n\t\t<\/div>\n\t\t\t\t\t<\/div>\n\t\t<\/section>\n\t\t\t\t<section class=\"elementor-section elementor-top-section elementor-element elementor-element-7e681fb elementor-section-boxed elementor-section-height-default elementor-section-height-default\" data-id=\"7e681fb\" data-element_type=\"section\" data-e-type=\"section\">\n\t\t\t\t\t\t<div class=\"elementor-container elementor-column-gap-default\">\n\t\t\t\t\t<div class=\"elementor-column elementor-col-100 elementor-top-column elementor-element elementor-element-cff164d\" data-id=\"cff164d\" data-element_type=\"column\" data-e-type=\"column\">\n\t\t\t<div class=\"elementor-widget-wrap elementor-element-populated\">\n\t\t\t\t\t\t<div class=\"elementor-element elementor-element-debaaed elementor-widget elementor-widget-spacer\" data-id=\"debaaed\" data-element_type=\"widget\" data-e-type=\"widget\" data-widget_type=\"spacer.default\">\n\t\t\t\t<div class=\"elementor-widget-container\">\n\t\t\t\t\t\t\t<div class=\"elementor-spacer\">\n\t\t\t<div class=\"elementor-spacer-inner\"><\/div>\n\t\t<\/div>\n\t\t\t\t\t\t<\/div>\n\t\t\t\t<\/div>\n\t\t\t\t\t<\/div>\n\t\t<\/div>\n\t\t\t\t\t<\/div>\n\t\t<\/section>\n\t\t\t\t<section class=\"elementor-section elementor-top-section elementor-element elementor-element-be8e3e4 elementor-section-boxed elementor-section-height-default elementor-section-height-default\" data-id=\"be8e3e4\" data-element_type=\"section\" data-e-type=\"section\">\n\t\t\t\t\t\t<div class=\"elementor-container elementor-column-gap-default\">\n\t\t\t\t\t<div class=\"elementor-column elementor-col-100 elementor-top-column elementor-element elementor-element-82d2c97\" data-id=\"82d2c97\" data-element_type=\"column\" data-e-type=\"column\">\n\t\t\t<div class=\"elementor-widget-wrap elementor-element-populated\">\n\t\t\t\t\t\t<div class=\"elementor-element elementor-element-52ff34d9 elementor-arrows-position-outside elementor-hidden-phone elementor-pagination-position-outside elementor-widget elementor-widget-image-carousel\" data-id=\"52ff34d9\" data-element_type=\"widget\" data-e-type=\"widget\" data-settings=\"{&quot;slides_to_show&quot;:&quot;1&quot;,&quot;autoplay&quot;:&quot;no&quot;,&quot;navigation&quot;:&quot;both&quot;,&quot;infinite&quot;:&quot;yes&quot;,&quot;effect&quot;:&quot;slide&quot;,&quot;speed&quot;:500}\" data-widget_type=\"image-carousel.default\">\n\t\t\t\t<div class=\"elementor-widget-container\">\n\t\t\t\t\t\t\t<div class=\"elementor-image-carousel-wrapper swiper\" role=\"region\" aria-roledescription=\"carousel\" aria-label=\"Carrousel d\u2019images\" dir=\"ltr\">\n\t\t\t<div class=\"elementor-image-carousel swiper-wrapper\" aria-live=\"polite\">\n\t\t\t\t\t\t\t\t<div class=\"swiper-slide\" role=\"group\" aria-roledescription=\"slide\" aria-label=\"1 sur 3\"><a data-elementor-open-lightbox=\"yes\" data-elementor-lightbox-slideshow=\"52ff34d9\" data-e-action-hash=\"#elementor-action%3Aaction%3Dlightbox%26settings%3DeyJpZCI6NTIyLCJ1cmwiOiJodHRwczpcL1wvbWFlbGxlZHVmb3VyLmJlXC93cC1jb250ZW50XC91cGxvYWRzXC8yMDIwXC8xMlwvZmFpYnJlb3V0cmV0b21iZW5vdmVtYnJlMjAyMC03Njh4MTQyNi0xLmpwZyIsInNsaWRlc2hvdyI6IjUyZmYzNGQ5In0%3D\" href=\"https:\/\/maelledufour.be\/wp-content\/uploads\/2020\/12\/faibreoutretombenovembre2020-768x1426-1.jpg\"><figure class=\"swiper-slide-inner\"><img decoding=\"async\" class=\"swiper-slide-image\" src=\"https:\/\/maelledufour.be\/wp-content\/uploads\/2020\/12\/faibreoutretombenovembre2020-768x1426-1.jpg\" alt=\"\" \/><\/figure><\/a><\/div><div class=\"swiper-slide\" role=\"group\" aria-roledescription=\"slide\" aria-label=\"2 sur 3\"><a data-elementor-open-lightbox=\"yes\" data-elementor-lightbox-slideshow=\"52ff34d9\" data-e-action-hash=\"#elementor-action%3Aaction%3Dlightbox%26settings%3DeyJpZCI6NTIzLCJ1cmwiOiJodHRwczpcL1wvbWFlbGxlZHVmb3VyLmJlXC93cC1jb250ZW50XC91cGxvYWRzXC8yMDIwXC8xMlwvZmFpYnJlb3V0cmV0b21iZW5vdmVtYnJlMjAyMC03Njh4MTQyNjEtMS5qcGciLCJzbGlkZXNob3ciOiI1MmZmMzRkOSJ9\" href=\"https:\/\/maelledufour.be\/wp-content\/uploads\/2020\/12\/faibreoutretombenovembre2020-768x14261-1.jpg\"><figure class=\"swiper-slide-inner\"><img decoding=\"async\" class=\"swiper-slide-image\" src=\"https:\/\/maelledufour.be\/wp-content\/uploads\/2020\/12\/faibreoutretombenovembre2020-768x14261-1.jpg\" alt=\"\" \/><\/figure><\/a><\/div><div class=\"swiper-slide\" role=\"group\" aria-roledescription=\"slide\" aria-label=\"3 sur 3\"><a data-elementor-open-lightbox=\"yes\" data-elementor-lightbox-slideshow=\"52ff34d9\" data-e-action-hash=\"#elementor-action%3Aaction%3Dlightbox%26settings%3DeyJpZCI6NTI0LCJ1cmwiOiJodHRwczpcL1wvbWFlbGxlZHVmb3VyLmJlXC93cC1jb250ZW50XC91cGxvYWRzXC8yMDIwXC8xMlwvZmFpYnJlb3V0cmV0b21iZW5vdmVtYnJlMjAyMC03Njh4MTQyNjExLTEuanBnIiwic2xpZGVzaG93IjoiNTJmZjM0ZDkifQ%3D%3D\" href=\"https:\/\/maelledufour.be\/wp-content\/uploads\/2020\/12\/faibreoutretombenovembre2020-768x142611-1.jpg\"><figure class=\"swiper-slide-inner\"><img decoding=\"async\" class=\"swiper-slide-image\" src=\"https:\/\/maelledufour.be\/wp-content\/uploads\/2020\/12\/faibreoutretombenovembre2020-768x142611-1.jpg\" alt=\"\" \/><\/figure><\/a><\/div>\t\t\t<\/div>\n\t\t\t\t\t\t\t\t\t\t\t\t<div class=\"elementor-swiper-button elementor-swiper-button-prev\" role=\"button\" tabindex=\"0\">\n\t\t\t\t\t\t<i aria-hidden=\"true\" class=\"eicon-chevron-left\"><\/i>\t\t\t\t\t<\/div>\n\t\t\t\t\t<div class=\"elementor-swiper-button elementor-swiper-button-next\" role=\"button\" tabindex=\"0\">\n\t\t\t\t\t\t<i aria-hidden=\"true\" class=\"eicon-chevron-right\"><\/i>\t\t\t\t\t<\/div>\n\t\t\t\t\n\t\t\t\t\t\t\t\t\t<div class=\"swiper-pagination\"><\/div>\n\t\t\t\t\t\t\t\t\t<\/div>\n\t\t\t\t\t\t<\/div>\n\t\t\t\t<\/div>\n\t\t\t\t\t<\/div>\n\t\t<\/div>\n\t\t\t\t\t<\/div>\n\t\t<\/section>\n\t\t\t\t<\/div>","protected":false},"excerpt":{"rendered":"<p>Outre-tombe, 2020, installation, inox poli, acier, b\u00e9ton avec pigments noirs, 650 x 75 x 75 cm. 6 photographies en n\u00e9gatif, impression sur dibond, 120 x 60 cm et installation sonore. Triennale Art Public Li\u00e8ge, Cour de la Soci\u00e9t\u00e9 Libre d\u2019\u00c9mulation, Li\u00e8ge (BE), Ing\u00e9nieurs et Architectes \u2013 DELVAUX : Mateo Herinckx,\u00a0 Ithier Held https:\/\/vimeo.com\/493742030 Pr\u00e9c\u00e9dent Suivant&#8230;<\/p>","protected":false},"author":1,"featured_media":0,"parent":0,"menu_order":0,"comment_status":"closed","ping_status":"closed","template":"","meta":{"_monsterinsights_skip_tracking":false,"_monsterinsights_sitenote_active":false,"_monsterinsights_sitenote_note":"","_monsterinsights_sitenote_category":0,"_kadence_starter_templates_imported_post":false,"_kad_post_transparent":"","_kad_post_title":"","_kad_post_layout":"","_kad_post_sidebar_id":"","_kad_post_content_style":"","_kad_post_vertical_padding":"","_kad_post_feature":"","_kad_post_feature_position":"","_kad_post_header":false,"_kad_post_footer":false,"_kad_post_classname":"","footnotes":""},"class_list":["post-297","page","type-page","status-publish","hentry"],"aioseo_notices":[],"_links":{"self":[{"href":"https:\/\/maelledufour.be\/en\/wp-json\/wp\/v2\/pages\/297","targetHints":{"allow":["GET"]}}],"collection":[{"href":"https:\/\/maelledufour.be\/en\/wp-json\/wp\/v2\/pages"}],"about":[{"href":"https:\/\/maelledufour.be\/en\/wp-json\/wp\/v2\/types\/page"}],"author":[{"embeddable":true,"href":"https:\/\/maelledufour.be\/en\/wp-json\/wp\/v2\/users\/1"}],"replies":[{"embeddable":true,"href":"https:\/\/maelledufour.be\/en\/wp-json\/wp\/v2\/comments?post=297"}],"version-history":[{"count":152,"href":"https:\/\/maelledufour.be\/en\/wp-json\/wp\/v2\/pages\/297\/revisions"}],"predecessor-version":[{"id":2659,"href":"https:\/\/maelledufour.be\/en\/wp-json\/wp\/v2\/pages\/297\/revisions\/2659"}],"wp:attachment":[{"href":"https:\/\/maelledufour.be\/en\/wp-json\/wp\/v2\/media?parent=297"}],"curies":[{"name":"wp","href":"https:\/\/api.w.org\/{rel}","templated":true}]}}