{"id":2443,"date":"2024-08-27T11:52:58","date_gmt":"2024-08-27T09:52:58","guid":{"rendered":"https:\/\/maelledufour.be\/?page_id=2443"},"modified":"2024-08-27T13:42:01","modified_gmt":"2024-08-27T11:42:01","slug":"depend-ant-de-lextension","status":"publish","type":"page","link":"https:\/\/maelledufour.be\/en\/depend-ant-de-lextension\/","title":{"rendered":"Depend\/ant de l&rsquo;extension"},"content":{"rendered":"<div data-elementor-type=\"wp-page\" data-elementor-id=\"2443\" class=\"elementor elementor-2443\">\n\t\t\t\t\t\t<section class=\"elementor-section elementor-top-section elementor-element elementor-element-d377c58 elementor-section-boxed elementor-section-height-default elementor-section-height-default\" data-id=\"d377c58\" data-element_type=\"section\" data-e-type=\"section\">\n\t\t\t\t\t\t<div class=\"elementor-container elementor-column-gap-default\">\n\t\t\t\t\t<div class=\"elementor-column elementor-col-16 elementor-top-column elementor-element elementor-element-e7410e5\" data-id=\"e7410e5\" data-element_type=\"column\" data-e-type=\"column\">\n\t\t\t<div class=\"elementor-widget-wrap elementor-element-populated\">\n\t\t\t\t\t\t<div class=\"elementor-element elementor-element-da54041 elementor-view-default elementor-widget elementor-widget-icon\" data-id=\"da54041\" data-element_type=\"widget\" data-e-type=\"widget\" data-widget_type=\"icon.default\">\n\t\t\t\t<div class=\"elementor-widget-container\">\n\t\t\t\t\t\t\t<div class=\"elementor-icon-wrapper\">\n\t\t\t<a class=\"elementor-icon\" href=\"https:\/\/maelledufour.be\/en\/outre-tombe\/\">\n\t\t\t<i aria-hidden=\"true\" class=\"fas fa-chevron-left\"><\/i>\t\t\t<\/a>\n\t\t<\/div>\n\t\t\t\t\t\t<\/div>\n\t\t\t\t<\/div>\n\t\t\t\t\t<\/div>\n\t\t<\/div>\n\t\t\t\t<div class=\"elementor-column elementor-col-16 elementor-top-column elementor-element elementor-element-c13155f\" data-id=\"c13155f\" data-element_type=\"column\" data-e-type=\"column\">\n\t\t\t<div class=\"elementor-widget-wrap\">\n\t\t\t\t\t\t\t<\/div>\n\t\t<\/div>\n\t\t\t\t<div class=\"elementor-column elementor-col-16 elementor-top-column elementor-element elementor-element-0cbdfb5\" data-id=\"0cbdfb5\" data-element_type=\"column\" data-e-type=\"column\">\n\t\t\t<div class=\"elementor-widget-wrap\">\n\t\t\t\t\t\t\t<\/div>\n\t\t<\/div>\n\t\t\t\t<div class=\"elementor-column elementor-col-16 elementor-top-column elementor-element elementor-element-3538f5c\" data-id=\"3538f5c\" data-element_type=\"column\" data-e-type=\"column\">\n\t\t\t<div class=\"elementor-widget-wrap\">\n\t\t\t\t\t\t\t<\/div>\n\t\t<\/div>\n\t\t\t\t<div class=\"elementor-column elementor-col-16 elementor-top-column elementor-element elementor-element-9130a20\" data-id=\"9130a20\" data-element_type=\"column\" data-e-type=\"column\">\n\t\t\t<div class=\"elementor-widget-wrap\">\n\t\t\t\t\t\t\t<\/div>\n\t\t<\/div>\n\t\t\t\t<div class=\"elementor-column elementor-col-16 elementor-top-column elementor-element elementor-element-45296f1\" data-id=\"45296f1\" data-element_type=\"column\" data-e-type=\"column\">\n\t\t\t<div class=\"elementor-widget-wrap elementor-element-populated\">\n\t\t\t\t\t\t<div class=\"elementor-element elementor-element-bd2876d elementor-view-default elementor-widget elementor-widget-icon\" data-id=\"bd2876d\" data-element_type=\"widget\" data-e-type=\"widget\" data-widget_type=\"icon.default\">\n\t\t\t\t<div class=\"elementor-widget-container\">\n\t\t\t\t\t\t\t<div class=\"elementor-icon-wrapper\">\n\t\t\t<a class=\"elementor-icon\" href=\"https:\/\/maelledufour.be\/en\/entre-interets\/\">\n\t\t\t<i aria-hidden=\"true\" class=\"fas fa-chevron-right\"><\/i>\t\t\t<\/a>\n\t\t<\/div>\n\t\t\t\t\t\t<\/div>\n\t\t\t\t<\/div>\n\t\t\t\t\t<\/div>\n\t\t<\/div>\n\t\t\t\t\t<\/div>\n\t\t<\/section>\n\t\t\t\t<section class=\"elementor-section elementor-top-section elementor-element elementor-element-45b036b elementor-section-boxed elementor-section-height-default elementor-section-height-default\" data-id=\"45b036b\" data-element_type=\"section\" data-e-type=\"section\">\n\t\t\t\t\t\t<div class=\"elementor-container elementor-column-gap-default\">\n\t\t\t\t\t<div class=\"elementor-column elementor-col-50 elementor-top-column elementor-element elementor-element-87c4678\" data-id=\"87c4678\" data-element_type=\"column\" data-e-type=\"column\">\n\t\t\t<div class=\"elementor-widget-wrap elementor-element-populated\">\n\t\t\t\t\t\t<div class=\"elementor-element elementor-element-2d21286 elementor-widget elementor-widget-text-editor\" data-id=\"2d21286\" data-element_type=\"widget\" data-e-type=\"widget\" data-widget_type=\"text-editor.default\">\n\t\t\t\t<div class=\"elementor-widget-container\">\n\t\t\t\t\t\t\t\t\t<p><em>Depend\/ant de l&rsquo;extension<\/em>, 2022 - Reinforced concrete, white mortar and aluminium, 12x3.80x150 m,\npermanent work, Haren Prison, Brussels, BE<\/p>\t\t\t\t\t\t\t\t<\/div>\n\t\t\t\t<\/div>\n\t\t\t\t\t<\/div>\n\t\t<\/div>\n\t\t\t\t<div class=\"elementor-column elementor-col-50 elementor-top-column elementor-element elementor-element-f532ab2\" data-id=\"f532ab2\" data-element_type=\"column\" data-e-type=\"column\">\n\t\t\t<div class=\"elementor-widget-wrap\">\n\t\t\t\t\t\t\t<\/div>\n\t\t<\/div>\n\t\t\t\t\t<\/div>\n\t\t<\/section>\n\t\t\t\t<section class=\"elementor-section elementor-top-section elementor-element elementor-element-52ab826a elementor-section-boxed elementor-section-height-default elementor-section-height-default\" data-id=\"52ab826a\" data-element_type=\"section\" data-e-type=\"section\" data-settings=\"{&quot;background_background&quot;:&quot;classic&quot;}\">\n\t\t\t\t\t\t<div class=\"elementor-container elementor-column-gap-default\">\n\t\t\t\t\t<div class=\"elementor-column elementor-col-100 elementor-top-column elementor-element elementor-element-60e2d2d7\" data-id=\"60e2d2d7\" data-element_type=\"column\" data-e-type=\"column\">\n\t\t\t<div class=\"elementor-widget-wrap elementor-element-populated\">\n\t\t\t\t\t\t<section class=\"elementor-section elementor-inner-section elementor-element elementor-element-70f41ea8 elementor-section-boxed elementor-section-height-default elementor-section-height-default\" data-id=\"70f41ea8\" data-element_type=\"section\" data-e-type=\"section\">\n\t\t\t\t\t\t<div class=\"elementor-container elementor-column-gap-default\">\n\t\t\t\t\t<div class=\"elementor-column elementor-col-100 elementor-inner-column elementor-element elementor-element-496f72bd\" data-id=\"496f72bd\" data-element_type=\"column\" data-e-type=\"column\">\n\t\t\t<div class=\"elementor-widget-wrap elementor-element-populated\">\n\t\t\t\t\t\t<div class=\"elementor-element elementor-element-5e71d32 gallery-spacing-custom elementor-widget elementor-widget-image-gallery\" data-id=\"5e71d32\" data-element_type=\"widget\" data-e-type=\"widget\" data-widget_type=\"image-gallery.default\">\n\t\t\t\t<div class=\"elementor-widget-container\">\n\t\t\t\t\t\t\t<div class=\"elementor-image-gallery\">\n\t\t\t<div id='gallery-15' class='gallery galleryid-2443 gallery-columns-1 gallery-size-full'><figure class='gallery-item'>\n\t\t\t<div class='gallery-icon landscape'>\n\t\t\t\t<a data-elementor-open-lightbox=\"yes\" data-elementor-lightbox-slideshow=\"5e71d32\" data-elementor-lightbox-title=\"1-3\" data-e-action-hash=\"#elementor-action%3Aaction%3Dlightbox%26settings%3DeyJpZCI6MjIyNSwidXJsIjoiaHR0cHM6XC9cL21hZWxsZWR1Zm91ci5iZVwvd3AtY29udGVudFwvdXBsb2Fkc1wvMjAyM1wvMDFcLzEtMy5qcGciLCJzbGlkZXNob3ciOiI1ZTcxZDMyIn0%3D\" href='https:\/\/maelledufour.be\/wp-content\/uploads\/2023\/01\/1-3.jpg'><img fetchpriority=\"high\" decoding=\"async\" width=\"1200\" height=\"800\" src=\"https:\/\/maelledufour.be\/wp-content\/uploads\/2023\/01\/1-3.jpg\" class=\"attachment-full size-full\" alt=\"\" srcset=\"https:\/\/maelledufour.be\/wp-content\/uploads\/2023\/01\/1-3.jpg 1200w, https:\/\/maelledufour.be\/wp-content\/uploads\/2023\/01\/1-3-300x200.jpg 300w, https:\/\/maelledufour.be\/wp-content\/uploads\/2023\/01\/1-3-1024x683.jpg 1024w, https:\/\/maelledufour.be\/wp-content\/uploads\/2023\/01\/1-3-768x512.jpg 768w, https:\/\/maelledufour.be\/wp-content\/uploads\/2023\/01\/1-3-16x12.jpg 16w, https:\/\/maelledufour.be\/wp-content\/uploads\/2023\/01\/1-3-350x233.jpg 350w\" sizes=\"(max-width: 1200px) 100vw, 1200px\" \/><\/a>\n\t\t\t<\/div><\/figure><figure class='gallery-item'>\n\t\t\t<div class='gallery-icon landscape'>\n\t\t\t\t<a data-elementor-open-lightbox=\"yes\" data-elementor-lightbox-slideshow=\"5e71d32\" data-elementor-lightbox-title=\"maelle1\" data-e-action-hash=\"#elementor-action%3Aaction%3Dlightbox%26settings%3DeyJpZCI6MjIyNiwidXJsIjoiaHR0cHM6XC9cL21hZWxsZWR1Zm91ci5iZVwvd3AtY29udGVudFwvdXBsb2Fkc1wvMjAyM1wvMDFcL21hZWxsZTEuanBnIiwic2xpZGVzaG93IjoiNWU3MWQzMiJ9\" href='https:\/\/maelledufour.be\/wp-content\/uploads\/2023\/01\/maelle1.jpg'><img decoding=\"async\" width=\"1140\" height=\"798\" src=\"https:\/\/maelledufour.be\/wp-content\/uploads\/2023\/01\/maelle1.jpg\" class=\"attachment-full size-full\" alt=\"\" srcset=\"https:\/\/maelledufour.be\/wp-content\/uploads\/2023\/01\/maelle1.jpg 1140w, https:\/\/maelledufour.be\/wp-content\/uploads\/2023\/01\/maelle1-300x210.jpg 300w, https:\/\/maelledufour.be\/wp-content\/uploads\/2023\/01\/maelle1-1024x717.jpg 1024w, https:\/\/maelledufour.be\/wp-content\/uploads\/2023\/01\/maelle1-768x538.jpg 768w, https:\/\/maelledufour.be\/wp-content\/uploads\/2023\/01\/maelle1-16x12.jpg 16w, https:\/\/maelledufour.be\/wp-content\/uploads\/2023\/01\/maelle1-350x245.jpg 350w\" sizes=\"(max-width: 1140px) 100vw, 1140px\" \/><\/a>\n\t\t\t<\/div><\/figure>\n\t\t<\/div>\n\t\t<\/div>\n\t\t\t\t\t\t<\/div>\n\t\t\t\t<\/div>\n\t\t\t\t\t<\/div>\n\t\t<\/div>\n\t\t\t\t\t<\/div>\n\t\t<\/section>\n\t\t\t\t\t<\/div>\n\t\t<\/div>\n\t\t\t\t\t<\/div>\n\t\t<\/section>\n\t\t\t\t<section class=\"elementor-section elementor-top-section elementor-element elementor-element-4c08b2c elementor-section-boxed elementor-section-height-default elementor-section-height-default\" data-id=\"4c08b2c\" data-element_type=\"section\" data-e-type=\"section\">\n\t\t\t\t\t\t<div class=\"elementor-container elementor-column-gap-default\">\n\t\t\t\t\t<div class=\"elementor-column elementor-col-100 elementor-top-column elementor-element elementor-element-cd4542f\" data-id=\"cd4542f\" data-element_type=\"column\" data-e-type=\"column\">\n\t\t\t<div class=\"elementor-widget-wrap elementor-element-populated\">\n\t\t\t\t\t\t<div class=\"elementor-element elementor-element-01c1dce elementor-arrows-position-outside elementor-hidden-desktop elementor-hidden-tablet elementor-widget elementor-widget-image-carousel\" data-id=\"01c1dce\" data-element_type=\"widget\" data-e-type=\"widget\" data-settings=\"{&quot;slides_to_show&quot;:&quot;1&quot;,&quot;autoplay&quot;:&quot;no&quot;,&quot;navigation&quot;:&quot;arrows&quot;,&quot;infinite&quot;:&quot;yes&quot;,&quot;effect&quot;:&quot;slide&quot;,&quot;speed&quot;:500}\" data-widget_type=\"image-carousel.default\">\n\t\t\t\t<div class=\"elementor-widget-container\">\n\t\t\t\t\t\t\t<div class=\"elementor-image-carousel-wrapper swiper\" role=\"region\" aria-roledescription=\"carousel\" aria-label=\"Carrousel d\u2019images\" dir=\"ltr\">\n\t\t\t<div class=\"elementor-image-carousel swiper-wrapper\" aria-live=\"polite\">\n\t\t\t\t\t\t\t\t<div class=\"swiper-slide\" role=\"group\" aria-roledescription=\"slide\" aria-label=\"1 sur 2\"><a data-elementor-open-lightbox=\"yes\" data-elementor-lightbox-slideshow=\"01c1dce\" data-elementor-lightbox-title=\"1-3\" data-e-action-hash=\"#elementor-action%3Aaction%3Dlightbox%26settings%3DeyJpZCI6MjIyNSwidXJsIjoiaHR0cHM6XC9cL21hZWxsZWR1Zm91ci5iZVwvd3AtY29udGVudFwvdXBsb2Fkc1wvMjAyM1wvMDFcLzEtMy5qcGciLCJzbGlkZXNob3ciOiIwMWMxZGNlIn0%3D\" href=\"https:\/\/maelledufour.be\/wp-content\/uploads\/2023\/01\/1-3.jpg\"><figure class=\"swiper-slide-inner\"><img decoding=\"async\" class=\"swiper-slide-image\" src=\"https:\/\/maelledufour.be\/wp-content\/uploads\/2023\/01\/1-3.jpg\" alt=\"1-3\" \/><\/figure><\/a><\/div><div class=\"swiper-slide\" role=\"group\" aria-roledescription=\"slide\" aria-label=\"2 sur 2\"><a data-elementor-open-lightbox=\"yes\" data-elementor-lightbox-slideshow=\"01c1dce\" data-elementor-lightbox-title=\"maelle1\" data-e-action-hash=\"#elementor-action%3Aaction%3Dlightbox%26settings%3DeyJpZCI6MjIyNiwidXJsIjoiaHR0cHM6XC9cL21hZWxsZWR1Zm91ci5iZVwvd3AtY29udGVudFwvdXBsb2Fkc1wvMjAyM1wvMDFcL21hZWxsZTEuanBnIiwic2xpZGVzaG93IjoiMDFjMWRjZSJ9\" href=\"https:\/\/maelledufour.be\/wp-content\/uploads\/2023\/01\/maelle1.jpg\"><figure class=\"swiper-slide-inner\"><img decoding=\"async\" class=\"swiper-slide-image\" src=\"https:\/\/maelledufour.be\/wp-content\/uploads\/2023\/01\/maelle1.jpg\" alt=\"maelle1\" \/><\/figure><\/a><\/div>\t\t\t<\/div>\n\t\t\t\t\t\t\t\t\t\t\t\t<div class=\"elementor-swiper-button elementor-swiper-button-prev\" role=\"button\" tabindex=\"0\">\n\t\t\t\t\t\t<i aria-hidden=\"true\" class=\"eicon-chevron-left\"><\/i>\t\t\t\t\t<\/div>\n\t\t\t\t\t<div class=\"elementor-swiper-button elementor-swiper-button-next\" role=\"button\" tabindex=\"0\">\n\t\t\t\t\t\t<i aria-hidden=\"true\" class=\"eicon-chevron-right\"><\/i>\t\t\t\t\t<\/div>\n\t\t\t\t\n\t\t\t\t\t\t\t\t\t<\/div>\n\t\t\t\t\t\t<\/div>\n\t\t\t\t<\/div>\n\t\t\t\t\t<\/div>\n\t\t<\/div>\n\t\t\t\t\t<\/div>\n\t\t<\/section>\n\t\t\t\t<section class=\"elementor-section elementor-top-section elementor-element elementor-element-c4c464c elementor-section-boxed elementor-section-height-default elementor-section-height-default\" data-id=\"c4c464c\" data-element_type=\"section\" data-e-type=\"section\">\n\t\t\t\t\t\t<div class=\"elementor-container elementor-column-gap-default\">\n\t\t\t\t\t<div class=\"elementor-column elementor-col-100 elementor-top-column elementor-element elementor-element-c579605\" data-id=\"c579605\" data-element_type=\"column\" data-e-type=\"column\">\n\t\t\t<div class=\"elementor-widget-wrap\">\n\t\t\t\t\t\t\t<\/div>\n\t\t<\/div>\n\t\t\t\t\t<\/div>\n\t\t<\/section>\n\t\t\t\t<section class=\"elementor-section elementor-top-section elementor-element elementor-element-8ec807a elementor-section-boxed elementor-section-height-default elementor-section-height-default\" data-id=\"8ec807a\" data-element_type=\"section\" data-e-type=\"section\">\n\t\t\t\t\t\t<div class=\"elementor-container elementor-column-gap-default\">\n\t\t\t\t\t<div class=\"elementor-column elementor-col-100 elementor-top-column elementor-element elementor-element-2c43dfa\" data-id=\"2c43dfa\" data-element_type=\"column\" data-e-type=\"column\">\n\t\t\t<div class=\"elementor-widget-wrap elementor-element-populated\">\n\t\t\t\t\t\t<div class=\"elementor-element elementor-element-4945749 elementor-widget elementor-widget-text-editor\" data-id=\"4945749\" data-element_type=\"widget\" data-e-type=\"widget\" data-widget_type=\"text-editor.default\">\n\t\t\t\t<div class=\"elementor-widget-container\">\n\t\t\t\t\t\t\t\t\t<p>At the foot of the \u2018prison village\u2019 in Haren, a huge projected concrete satellite dish emerges near the airport. Passers-by can sit on it, symbolising an attempt to communicate with the outside world. Over time, the vegetation will gradually cover the sculpture, until it disappears.<\/p>\t\t\t\t\t\t\t\t<\/div>\n\t\t\t\t<\/div>\n\t\t\t\t\t<\/div>\n\t\t<\/div>\n\t\t\t\t\t<\/div>\n\t\t<\/section>\n\t\t\t\t<\/div>","protected":false},"excerpt":{"rendered":"<p>Depend\/ant de l&rsquo;extension, 2022 &#8211; b\u00e9ton arm\u00e9 , mortier blanc et aluminium, 12&#215;3,80&#215;150 m, oeuvre p\u00e9renne, Prison Haren, Bruxelles, BE Pr\u00e9c\u00e9dent Suivant Au pied du \u00ab\u00a0village p\u00e9nitentiaire\u00a0\u00bb d&rsquo;Haren, une immense parabole en b\u00e9ton projet\u00e9e \u00e9merge pr\u00e8s de l&rsquo;a\u00e9roport. Les passants peuvent s&rsquo;y asseoir, symbolisant une tentative de communication avec l&rsquo;ext\u00e9rieur. Au fil du temps, la&#8230;<\/p>","protected":false},"author":1,"featured_media":0,"parent":0,"menu_order":0,"comment_status":"closed","ping_status":"closed","template":"","meta":{"_monsterinsights_skip_tracking":false,"_monsterinsights_sitenote_active":false,"_monsterinsights_sitenote_note":"","_monsterinsights_sitenote_category":0,"_kadence_starter_templates_imported_post":false,"_kad_post_transparent":"","_kad_post_title":"","_kad_post_layout":"","_kad_post_sidebar_id":"","_kad_post_content_style":"","_kad_post_vertical_padding":"","_kad_post_feature":"","_kad_post_feature_position":"","_kad_post_header":false,"_kad_post_footer":false,"_kad_post_classname":"","footnotes":""},"class_list":["post-2443","page","type-page","status-publish","hentry"],"aioseo_notices":[],"_links":{"self":[{"href":"https:\/\/maelledufour.be\/en\/wp-json\/wp\/v2\/pages\/2443","targetHints":{"allow":["GET"]}}],"collection":[{"href":"https:\/\/maelledufour.be\/en\/wp-json\/wp\/v2\/pages"}],"about":[{"href":"https:\/\/maelledufour.be\/en\/wp-json\/wp\/v2\/types\/page"}],"author":[{"embeddable":true,"href":"https:\/\/maelledufour.be\/en\/wp-json\/wp\/v2\/users\/1"}],"replies":[{"embeddable":true,"href":"https:\/\/maelledufour.be\/en\/wp-json\/wp\/v2\/comments?post=2443"}],"version-history":[{"count":10,"href":"https:\/\/maelledufour.be\/en\/wp-json\/wp\/v2\/pages\/2443\/revisions"}],"predecessor-version":[{"id":2662,"href":"https:\/\/maelledufour.be\/en\/wp-json\/wp\/v2\/pages\/2443\/revisions\/2662"}],"wp:attachment":[{"href":"https:\/\/maelledufour.be\/en\/wp-json\/wp\/v2\/media?parent=2443"}],"curies":[{"name":"wp","href":"https:\/\/api.w.org\/{rel}","templated":true}]}}