{"id":2381,"date":"2024-08-27T11:18:46","date_gmt":"2024-08-27T09:18:46","guid":{"rendered":"https:\/\/maelledufour.be\/?page_id=2381"},"modified":"2026-02-20T16:48:20","modified_gmt":"2026-02-20T15:48:20","slug":"capsule","status":"publish","type":"page","link":"https:\/\/maelledufour.be\/en\/capsule\/","title":{"rendered":"Capsule"},"content":{"rendered":"<div data-elementor-type=\"wp-page\" data-elementor-id=\"2381\" class=\"elementor elementor-2381\">\n\t\t\t\t\t\t<section class=\"elementor-section elementor-top-section elementor-element elementor-element-d377c58 elementor-section-boxed elementor-section-height-default elementor-section-height-default\" data-id=\"d377c58\" data-element_type=\"section\" data-e-type=\"section\">\n\t\t\t\t\t\t<div class=\"elementor-container elementor-column-gap-default\">\n\t\t\t\t\t<div class=\"elementor-column elementor-col-16 elementor-top-column elementor-element elementor-element-e7410e5\" data-id=\"e7410e5\" data-element_type=\"column\" data-e-type=\"column\">\n\t\t\t<div class=\"elementor-widget-wrap\">\n\t\t\t\t\t\t\t<\/div>\n\t\t<\/div>\n\t\t\t\t<div class=\"elementor-column elementor-col-16 elementor-top-column elementor-element elementor-element-c13155f\" data-id=\"c13155f\" data-element_type=\"column\" data-e-type=\"column\">\n\t\t\t<div class=\"elementor-widget-wrap\">\n\t\t\t\t\t\t\t<\/div>\n\t\t<\/div>\n\t\t\t\t<div class=\"elementor-column elementor-col-16 elementor-top-column elementor-element elementor-element-0cbdfb5\" data-id=\"0cbdfb5\" data-element_type=\"column\" data-e-type=\"column\">\n\t\t\t<div class=\"elementor-widget-wrap\">\n\t\t\t\t\t\t\t<\/div>\n\t\t<\/div>\n\t\t\t\t<div class=\"elementor-column elementor-col-16 elementor-top-column elementor-element elementor-element-3538f5c\" data-id=\"3538f5c\" data-element_type=\"column\" data-e-type=\"column\">\n\t\t\t<div class=\"elementor-widget-wrap\">\n\t\t\t\t\t\t\t<\/div>\n\t\t<\/div>\n\t\t\t\t<div class=\"elementor-column elementor-col-16 elementor-top-column elementor-element elementor-element-9130a20\" data-id=\"9130a20\" data-element_type=\"column\" data-e-type=\"column\">\n\t\t\t<div class=\"elementor-widget-wrap\">\n\t\t\t\t\t\t\t<\/div>\n\t\t<\/div>\n\t\t\t\t<div class=\"elementor-column elementor-col-16 elementor-top-column elementor-element elementor-element-45296f1\" data-id=\"45296f1\" data-element_type=\"column\" data-e-type=\"column\">\n\t\t\t<div class=\"elementor-widget-wrap elementor-element-populated\">\n\t\t\t\t\t\t<div class=\"elementor-element elementor-element-bd2876d elementor-view-default elementor-widget elementor-widget-icon\" data-id=\"bd2876d\" data-element_type=\"widget\" data-e-type=\"widget\" data-widget_type=\"icon.default\">\n\t\t\t\t<div class=\"elementor-widget-container\">\n\t\t\t\t\t\t\t<div class=\"elementor-icon-wrapper\">\n\t\t\t<a class=\"elementor-icon\" href=\"https:\/\/maelledufour.be\/en\/porteuses\/\">\n\t\t\t<i aria-hidden=\"true\" class=\"fas fa-chevron-right\"><\/i>\t\t\t<\/a>\n\t\t<\/div>\n\t\t\t\t\t\t<\/div>\n\t\t\t\t<\/div>\n\t\t\t\t\t<\/div>\n\t\t<\/div>\n\t\t\t\t\t<\/div>\n\t\t<\/section>\n\t\t\t\t<section class=\"elementor-section elementor-top-section elementor-element elementor-element-45b036b elementor-section-boxed elementor-section-height-default elementor-section-height-default\" data-id=\"45b036b\" data-element_type=\"section\" data-e-type=\"section\">\n\t\t\t\t\t\t<div class=\"elementor-container elementor-column-gap-default\">\n\t\t\t\t\t<div class=\"elementor-column elementor-col-50 elementor-top-column elementor-element elementor-element-87c4678\" data-id=\"87c4678\" data-element_type=\"column\" data-e-type=\"column\">\n\t\t\t<div class=\"elementor-widget-wrap elementor-element-populated\">\n\t\t\t\t\t\t<div class=\"elementor-element elementor-element-2d21286 elementor-widget elementor-widget-text-editor\" data-id=\"2d21286\" data-element_type=\"widget\" data-e-type=\"widget\" data-widget_type=\"text-editor.default\">\n\t\t\t\t<div class=\"elementor-widget-container\">\n\t\t\t\t\t\t\t\t\t<p><em>CAPSULE<\/em>, 2023 - mirrors, transparent steel glass, foundation screws - 157 \u00d8 x 500cm - \u00a9 Ithier Held and Ann Sophie Deldycke<\/p>\t\t\t\t\t\t\t\t<\/div>\n\t\t\t\t<\/div>\n\t\t\t\t\t<\/div>\n\t\t<\/div>\n\t\t\t\t<div class=\"elementor-column elementor-col-50 elementor-top-column elementor-element elementor-element-f532ab2\" data-id=\"f532ab2\" data-element_type=\"column\" data-e-type=\"column\">\n\t\t\t<div class=\"elementor-widget-wrap\">\n\t\t\t\t\t\t\t<\/div>\n\t\t<\/div>\n\t\t\t\t\t<\/div>\n\t\t<\/section>\n\t\t\t\t<section class=\"elementor-section elementor-top-section elementor-element elementor-element-52ab826a elementor-section-boxed elementor-section-height-default elementor-section-height-default\" data-id=\"52ab826a\" data-element_type=\"section\" data-e-type=\"section\" data-settings=\"{&quot;background_background&quot;:&quot;classic&quot;}\">\n\t\t\t\t\t\t<div class=\"elementor-container elementor-column-gap-default\">\n\t\t\t\t\t<div class=\"elementor-column elementor-col-100 elementor-top-column elementor-element elementor-element-60e2d2d7\" data-id=\"60e2d2d7\" data-element_type=\"column\" data-e-type=\"column\">\n\t\t\t<div class=\"elementor-widget-wrap elementor-element-populated\">\n\t\t\t\t\t\t<section class=\"elementor-section elementor-inner-section elementor-element elementor-element-70f41ea8 elementor-section-boxed elementor-section-height-default elementor-section-height-default\" data-id=\"70f41ea8\" data-element_type=\"section\" data-e-type=\"section\">\n\t\t\t\t\t\t<div class=\"elementor-container elementor-column-gap-default\">\n\t\t\t\t\t<div class=\"elementor-column elementor-col-100 elementor-inner-column elementor-element elementor-element-496f72bd\" data-id=\"496f72bd\" data-element_type=\"column\" data-e-type=\"column\">\n\t\t\t<div class=\"elementor-widget-wrap elementor-element-populated\">\n\t\t\t\t\t\t<div class=\"elementor-element elementor-element-5e71d32 gallery-spacing-custom elementor-widget elementor-widget-image-gallery\" data-id=\"5e71d32\" data-element_type=\"widget\" data-e-type=\"widget\" data-widget_type=\"image-gallery.default\">\n\t\t\t\t<div class=\"elementor-widget-container\">\n\t\t\t\t\t\t\t<div class=\"elementor-image-gallery\">\n\t\t\t<div id='gallery-5' class='gallery galleryid-2381 gallery-columns-1 gallery-size-full'><figure class='gallery-item'>\n\t\t\t<div class='gallery-icon landscape'>\n\t\t\t\t<a data-elementor-open-lightbox=\"yes\" data-elementor-lightbox-slideshow=\"5e71d32\" data-elementor-lightbox-title=\"Ma\u00eblle Dufour, Capsule, 2023, \u00a9 Ithier Held\" data-e-action-hash=\"#elementor-action%3Aaction%3Dlightbox%26settings%3DeyJpZCI6MjkzOSwidXJsIjoiaHR0cHM6XC9cL21hZWxsZWR1Zm91ci5iZVwvd3AtY29udGVudFwvdXBsb2Fkc1wvMjAyNlwvMDJcL0RTQzA5ODE4X21vZDFhMTEuanBnIiwic2xpZGVzaG93IjoiNWU3MWQzMiJ9\" href='https:\/\/maelledufour.be\/wp-content\/uploads\/2026\/02\/DSC09818_mod1a11.jpg'><img fetchpriority=\"high\" decoding=\"async\" width=\"2000\" height=\"1311\" src=\"https:\/\/maelledufour.be\/wp-content\/uploads\/2026\/02\/DSC09818_mod1a11.jpg\" class=\"attachment-full size-full\" alt=\"\" srcset=\"https:\/\/maelledufour.be\/wp-content\/uploads\/2026\/02\/DSC09818_mod1a11.jpg 2000w, https:\/\/maelledufour.be\/wp-content\/uploads\/2026\/02\/DSC09818_mod1a11-300x197.jpg 300w, https:\/\/maelledufour.be\/wp-content\/uploads\/2026\/02\/DSC09818_mod1a11-1024x671.jpg 1024w, https:\/\/maelledufour.be\/wp-content\/uploads\/2026\/02\/DSC09818_mod1a11-768x503.jpg 768w, https:\/\/maelledufour.be\/wp-content\/uploads\/2026\/02\/DSC09818_mod1a11-1536x1007.jpg 1536w, https:\/\/maelledufour.be\/wp-content\/uploads\/2026\/02\/DSC09818_mod1a11-18x12.jpg 18w, https:\/\/maelledufour.be\/wp-content\/uploads\/2026\/02\/DSC09818_mod1a11-350x229.jpg 350w\" sizes=\"(max-width: 2000px) 100vw, 2000px\" \/><\/a>\n\t\t\t<\/div><\/figure><figure class='gallery-item'>\n\t\t\t<div class='gallery-icon portrait'>\n\t\t\t\t<a data-elementor-open-lightbox=\"yes\" data-elementor-lightbox-slideshow=\"5e71d32\" data-elementor-lightbox-title=\"Ma\u00eblle Dufour, Capsule, 2023, \u00a9 Ann Sophie Deldyck\" data-e-action-hash=\"#elementor-action%3Aaction%3Dlightbox%26settings%3DeyJpZCI6MjQwMCwidXJsIjoiaHR0cHM6XC9cL21hZWxsZWR1Zm91ci5iZVwvd3AtY29udGVudFwvdXBsb2Fkc1wvMjAyNFwvMDhcL3FzZnFzZi1zY2FsZWQuanBnIiwic2xpZGVzaG93IjoiNWU3MWQzMiJ9\" href='https:\/\/maelledufour.be\/wp-content\/uploads\/2024\/08\/qsfqsf-scaled.jpg'><img decoding=\"async\" width=\"1707\" height=\"2560\" src=\"https:\/\/maelledufour.be\/wp-content\/uploads\/2024\/08\/qsfqsf-scaled.jpg\" class=\"attachment-full size-full\" alt=\"\" srcset=\"https:\/\/maelledufour.be\/wp-content\/uploads\/2024\/08\/qsfqsf-scaled.jpg 1707w, https:\/\/maelledufour.be\/wp-content\/uploads\/2024\/08\/qsfqsf-200x300.jpg 200w, https:\/\/maelledufour.be\/wp-content\/uploads\/2024\/08\/qsfqsf-683x1024.jpg 683w, https:\/\/maelledufour.be\/wp-content\/uploads\/2024\/08\/qsfqsf-768x1152.jpg 768w, https:\/\/maelledufour.be\/wp-content\/uploads\/2024\/08\/qsfqsf-1024x1536.jpg 1024w, https:\/\/maelledufour.be\/wp-content\/uploads\/2024\/08\/qsfqsf-1365x2048.jpg 1365w, https:\/\/maelledufour.be\/wp-content\/uploads\/2024\/08\/qsfqsf-8x12.jpg 8w, https:\/\/maelledufour.be\/wp-content\/uploads\/2024\/08\/qsfqsf-350x525.jpg 350w\" sizes=\"(max-width: 1707px) 100vw, 1707px\" \/><\/a>\n\t\t\t<\/div><\/figure><figure class='gallery-item'>\n\t\t\t<div class='gallery-icon portrait'>\n\t\t\t\t<a data-elementor-open-lightbox=\"yes\" data-elementor-lightbox-slideshow=\"5e71d32\" data-elementor-lightbox-title=\"Ma\u00eblle Dufour, Capsule, 2023, \u00a9 Ann Sophie Deldyck\" data-e-action-hash=\"#elementor-action%3Aaction%3Dlightbox%26settings%3DeyJpZCI6MjM5NiwidXJsIjoiaHR0cHM6XC9cL21hZWxsZWR1Zm91ci5iZVwvd3AtY29udGVudFwvdXBsb2Fkc1wvMjAyNFwvMDhcL01hZWxsZS1EdWZvdXItYnktQVMtRGVsZHlja2UtMDgtc2NhbGVkLmpwZyIsInNsaWRlc2hvdyI6IjVlNzFkMzIifQ%3D%3D\" href='https:\/\/maelledufour.be\/wp-content\/uploads\/2024\/08\/Maelle-Dufour-by-AS-Deldycke-08-scaled.jpg'><img decoding=\"async\" width=\"1707\" height=\"2560\" src=\"https:\/\/maelledufour.be\/wp-content\/uploads\/2024\/08\/Maelle-Dufour-by-AS-Deldycke-08-scaled.jpg\" class=\"attachment-full size-full\" alt=\"\" srcset=\"https:\/\/maelledufour.be\/wp-content\/uploads\/2024\/08\/Maelle-Dufour-by-AS-Deldycke-08-scaled.jpg 1707w, https:\/\/maelledufour.be\/wp-content\/uploads\/2024\/08\/Maelle-Dufour-by-AS-Deldycke-08-200x300.jpg 200w, https:\/\/maelledufour.be\/wp-content\/uploads\/2024\/08\/Maelle-Dufour-by-AS-Deldycke-08-683x1024.jpg 683w, https:\/\/maelledufour.be\/wp-content\/uploads\/2024\/08\/Maelle-Dufour-by-AS-Deldycke-08-768x1152.jpg 768w, https:\/\/maelledufour.be\/wp-content\/uploads\/2024\/08\/Maelle-Dufour-by-AS-Deldycke-08-1024x1536.jpg 1024w, https:\/\/maelledufour.be\/wp-content\/uploads\/2024\/08\/Maelle-Dufour-by-AS-Deldycke-08-1365x2048.jpg 1365w, https:\/\/maelledufour.be\/wp-content\/uploads\/2024\/08\/Maelle-Dufour-by-AS-Deldycke-08-8x12.jpg 8w, https:\/\/maelledufour.be\/wp-content\/uploads\/2024\/08\/Maelle-Dufour-by-AS-Deldycke-08-350x525.jpg 350w\" sizes=\"(max-width: 1707px) 100vw, 1707px\" \/><\/a>\n\t\t\t<\/div><\/figure><figure class='gallery-item'>\n\t\t\t<div class='gallery-icon portrait'>\n\t\t\t\t<a data-elementor-open-lightbox=\"yes\" data-elementor-lightbox-slideshow=\"5e71d32\" data-elementor-lightbox-title=\"Ma\u00eblle Dufour, Capsule, 2023, \u00a9 Ann Sophie Deldyck\" data-e-action-hash=\"#elementor-action%3Aaction%3Dlightbox%26settings%3DeyJpZCI6MjM5MywidXJsIjoiaHR0cHM6XC9cL21hZWxsZWR1Zm91ci5iZVwvd3AtY29udGVudFwvdXBsb2Fkc1wvMjAyNFwvMDhcL21hLXNjYWxlZC5qcGciLCJzbGlkZXNob3ciOiI1ZTcxZDMyIn0%3D\" href='https:\/\/maelledufour.be\/wp-content\/uploads\/2024\/08\/ma-scaled.jpg'><img loading=\"lazy\" decoding=\"async\" width=\"1707\" height=\"2560\" src=\"https:\/\/maelledufour.be\/wp-content\/uploads\/2024\/08\/ma-scaled.jpg\" class=\"attachment-full size-full\" alt=\"\" srcset=\"https:\/\/maelledufour.be\/wp-content\/uploads\/2024\/08\/ma-scaled.jpg 1707w, https:\/\/maelledufour.be\/wp-content\/uploads\/2024\/08\/ma-200x300.jpg 200w, https:\/\/maelledufour.be\/wp-content\/uploads\/2024\/08\/ma-683x1024.jpg 683w, https:\/\/maelledufour.be\/wp-content\/uploads\/2024\/08\/ma-768x1152.jpg 768w, https:\/\/maelledufour.be\/wp-content\/uploads\/2024\/08\/ma-1024x1536.jpg 1024w, https:\/\/maelledufour.be\/wp-content\/uploads\/2024\/08\/ma-1365x2048.jpg 1365w, https:\/\/maelledufour.be\/wp-content\/uploads\/2024\/08\/ma-8x12.jpg 8w, https:\/\/maelledufour.be\/wp-content\/uploads\/2024\/08\/ma-350x525.jpg 350w\" sizes=\"(max-width: 1707px) 100vw, 1707px\" \/><\/a>\n\t\t\t<\/div><\/figure><figure class='gallery-item'>\n\t\t\t<div class='gallery-icon portrait'>\n\t\t\t\t<a data-elementor-open-lightbox=\"yes\" data-elementor-lightbox-slideshow=\"5e71d32\" data-elementor-lightbox-title=\"Ma\u00eblle Dufour, Capsule, 2023, \u00a9 Ithier Held\" data-e-action-hash=\"#elementor-action%3Aaction%3Dlightbox%26settings%3DeyJpZCI6MjM5NCwidXJsIjoiaHR0cHM6XC9cL21hZWxsZWR1Zm91ci5iZVwvd3AtY29udGVudFwvdXBsb2Fkc1wvMjAyNFwvMDhcL21hZWxsZV9kdWZvdXItc2NhbGVkLmpwZyIsInNsaWRlc2hvdyI6IjVlNzFkMzIifQ%3D%3D\" href='https:\/\/maelledufour.be\/wp-content\/uploads\/2024\/08\/maelle_dufour-scaled.jpg'><img loading=\"lazy\" decoding=\"async\" width=\"1707\" height=\"2560\" src=\"https:\/\/maelledufour.be\/wp-content\/uploads\/2024\/08\/maelle_dufour-scaled.jpg\" class=\"attachment-full size-full\" alt=\"\" srcset=\"https:\/\/maelledufour.be\/wp-content\/uploads\/2024\/08\/maelle_dufour-scaled.jpg 1707w, https:\/\/maelledufour.be\/wp-content\/uploads\/2024\/08\/maelle_dufour-200x300.jpg 200w, https:\/\/maelledufour.be\/wp-content\/uploads\/2024\/08\/maelle_dufour-683x1024.jpg 683w, https:\/\/maelledufour.be\/wp-content\/uploads\/2024\/08\/maelle_dufour-768x1152.jpg 768w, https:\/\/maelledufour.be\/wp-content\/uploads\/2024\/08\/maelle_dufour-1024x1536.jpg 1024w, https:\/\/maelledufour.be\/wp-content\/uploads\/2024\/08\/maelle_dufour-1365x2048.jpg 1365w, https:\/\/maelledufour.be\/wp-content\/uploads\/2024\/08\/maelle_dufour-8x12.jpg 8w, https:\/\/maelledufour.be\/wp-content\/uploads\/2024\/08\/maelle_dufour-350x525.jpg 350w\" sizes=\"(max-width: 1707px) 100vw, 1707px\" \/><\/a>\n\t\t\t<\/div><\/figure>\n\t\t<\/div>\n\t\t<\/div>\n\t\t\t\t\t\t<\/div>\n\t\t\t\t<\/div>\n\t\t\t\t\t<\/div>\n\t\t<\/div>\n\t\t\t\t\t<\/div>\n\t\t<\/section>\n\t\t\t\t\t<\/div>\n\t\t<\/div>\n\t\t\t\t\t<\/div>\n\t\t<\/section>\n\t\t\t\t<section class=\"elementor-section elementor-top-section elementor-element elementor-element-be8e3e4 elementor-section-boxed elementor-section-height-default elementor-section-height-default\" data-id=\"be8e3e4\" data-element_type=\"section\" data-e-type=\"section\">\n\t\t\t\t\t\t<div class=\"elementor-container elementor-column-gap-default\">\n\t\t\t\t\t<div class=\"elementor-column elementor-col-100 elementor-top-column elementor-element elementor-element-82d2c97\" data-id=\"82d2c97\" data-element_type=\"column\" data-e-type=\"column\">\n\t\t\t<div class=\"elementor-widget-wrap elementor-element-populated\">\n\t\t\t\t\t\t\t<\/div>\n\t\t<\/div>\n\t\t\t\t\t<\/div>\n\t\t<\/section>\n\t\t\t\t<section class=\"elementor-section elementor-top-section elementor-element elementor-element-4c08b2c elementor-section-boxed elementor-section-height-default elementor-section-height-default\" data-id=\"4c08b2c\" data-element_type=\"section\" data-e-type=\"section\">\n\t\t\t\t\t\t<div class=\"elementor-container elementor-column-gap-default\">\n\t\t\t\t\t<div class=\"elementor-column elementor-col-100 elementor-top-column elementor-element elementor-element-cd4542f\" data-id=\"cd4542f\" data-element_type=\"column\" data-e-type=\"column\">\n\t\t\t<div class=\"elementor-widget-wrap elementor-element-populated\">\n\t\t\t\t\t\t<div class=\"elementor-element elementor-element-01c1dce elementor-arrows-position-outside elementor-hidden-desktop elementor-hidden-tablet elementor-widget elementor-widget-image-carousel\" data-id=\"01c1dce\" data-element_type=\"widget\" data-e-type=\"widget\" data-settings=\"{&quot;slides_to_show&quot;:&quot;1&quot;,&quot;autoplay&quot;:&quot;no&quot;,&quot;navigation&quot;:&quot;arrows&quot;,&quot;infinite&quot;:&quot;yes&quot;,&quot;effect&quot;:&quot;slide&quot;,&quot;speed&quot;:500}\" data-widget_type=\"image-carousel.default\">\n\t\t\t\t<div class=\"elementor-widget-container\">\n\t\t\t\t\t\t\t<div class=\"elementor-image-carousel-wrapper swiper\" role=\"region\" aria-roledescription=\"carousel\" aria-label=\"Carrousel d\u2019images\" dir=\"ltr\">\n\t\t\t<div class=\"elementor-image-carousel swiper-wrapper\" aria-live=\"polite\">\n\t\t\t\t\t\t\t\t<div class=\"swiper-slide\" role=\"group\" aria-roledescription=\"slide\" aria-label=\"1 sur 4\"><a data-elementor-open-lightbox=\"yes\" data-elementor-lightbox-slideshow=\"01c1dce\" data-elementor-lightbox-title=\"Ma\u00eblle Dufour, Capsule, 2023, \u00a9 Ithier Held\" data-e-action-hash=\"#elementor-action%3Aaction%3Dlightbox%26settings%3DeyJpZCI6MjM3NywidXJsIjoiaHR0cHM6XC9cL21hZWxsZWR1Zm91ci5iZVwvd3AtY29udGVudFwvdXBsb2Fkc1wvMjAyNFwvMDhcL0RTQzA5ODE4X21vZDFhLXNjYWxlZC5qcGciLCJzbGlkZXNob3ciOiIwMWMxZGNlIn0%3D\" href=\"https:\/\/maelledufour.be\/wp-content\/uploads\/2024\/08\/DSC09818_mod1a-scaled.jpg\"><figure class=\"swiper-slide-inner\"><img decoding=\"async\" class=\"swiper-slide-image\" src=\"https:\/\/maelledufour.be\/wp-content\/uploads\/2024\/08\/DSC09818_mod1a-scaled.jpg\" alt=\"Ma\u00eblle Dufour, Capsule, 2023, \u00a9 Ithier Held\" \/><\/figure><\/a><\/div><div class=\"swiper-slide\" role=\"group\" aria-roledescription=\"slide\" aria-label=\"2 sur 4\"><a data-elementor-open-lightbox=\"yes\" data-elementor-lightbox-slideshow=\"01c1dce\" data-elementor-lightbox-title=\"Ma\u00eblle Dufour, Capsule, 2023, \u00a9 Ann Sophie Deldyck\" data-e-action-hash=\"#elementor-action%3Aaction%3Dlightbox%26settings%3DeyJpZCI6MjQwMCwidXJsIjoiaHR0cHM6XC9cL21hZWxsZWR1Zm91ci5iZVwvd3AtY29udGVudFwvdXBsb2Fkc1wvMjAyNFwvMDhcL3FzZnFzZi1zY2FsZWQuanBnIiwic2xpZGVzaG93IjoiMDFjMWRjZSJ9\" href=\"https:\/\/maelledufour.be\/wp-content\/uploads\/2024\/08\/qsfqsf-scaled.jpg\"><figure class=\"swiper-slide-inner\"><img decoding=\"async\" class=\"swiper-slide-image\" src=\"https:\/\/maelledufour.be\/wp-content\/uploads\/2024\/08\/qsfqsf-scaled.jpg\" alt=\"Ma\u00eblle Dufour, Capsule, 2023, \u00a9 Ann Sophie Deldyck\" \/><\/figure><\/a><\/div><div class=\"swiper-slide\" role=\"group\" aria-roledescription=\"slide\" aria-label=\"3 sur 4\"><a data-elementor-open-lightbox=\"yes\" data-elementor-lightbox-slideshow=\"01c1dce\" data-elementor-lightbox-title=\"Ma\u00eblle Dufour, Capsule, 2023, \u00a9 Ann Sophie Deldyck\" data-e-action-hash=\"#elementor-action%3Aaction%3Dlightbox%26settings%3DeyJpZCI6MjM5NiwidXJsIjoiaHR0cHM6XC9cL21hZWxsZWR1Zm91ci5iZVwvd3AtY29udGVudFwvdXBsb2Fkc1wvMjAyNFwvMDhcL01hZWxsZS1EdWZvdXItYnktQVMtRGVsZHlja2UtMDgtc2NhbGVkLmpwZyIsInNsaWRlc2hvdyI6IjAxYzFkY2UifQ%3D%3D\" href=\"https:\/\/maelledufour.be\/wp-content\/uploads\/2024\/08\/Maelle-Dufour-by-AS-Deldycke-08-scaled.jpg\"><figure class=\"swiper-slide-inner\"><img decoding=\"async\" class=\"swiper-slide-image\" src=\"https:\/\/maelledufour.be\/wp-content\/uploads\/2024\/08\/Maelle-Dufour-by-AS-Deldycke-08-scaled.jpg\" alt=\"Ma\u00eblle Dufour, Capsule, 2023, \u00a9 Ann Sophie Deldyck\" \/><\/figure><\/a><\/div><div class=\"swiper-slide\" role=\"group\" aria-roledescription=\"slide\" aria-label=\"4 sur 4\"><a data-elementor-open-lightbox=\"yes\" data-elementor-lightbox-slideshow=\"01c1dce\" data-elementor-lightbox-title=\"Ma\u00eblle Dufour, Capsule, 2023, \u00a9 Ann Sophie Deldyck\" data-e-action-hash=\"#elementor-action%3Aaction%3Dlightbox%26settings%3DeyJpZCI6MjM5MywidXJsIjoiaHR0cHM6XC9cL21hZWxsZWR1Zm91ci5iZVwvd3AtY29udGVudFwvdXBsb2Fkc1wvMjAyNFwvMDhcL21hLXNjYWxlZC5qcGciLCJzbGlkZXNob3ciOiIwMWMxZGNlIn0%3D\" href=\"https:\/\/maelledufour.be\/wp-content\/uploads\/2024\/08\/ma-scaled.jpg\"><figure class=\"swiper-slide-inner\"><img decoding=\"async\" class=\"swiper-slide-image\" src=\"https:\/\/maelledufour.be\/wp-content\/uploads\/2024\/08\/ma-scaled.jpg\" alt=\"Ma\u00eblle Dufour, Capsule, 2023, \u00a9 Ann Sophie Deldyck\" \/><\/figure><\/a><\/div>\t\t\t<\/div>\n\t\t\t\t\t\t\t\t\t\t\t\t<div class=\"elementor-swiper-button elementor-swiper-button-prev\" role=\"button\" tabindex=\"0\">\n\t\t\t\t\t\t<i aria-hidden=\"true\" class=\"eicon-chevron-left\"><\/i>\t\t\t\t\t<\/div>\n\t\t\t\t\t<div class=\"elementor-swiper-button elementor-swiper-button-next\" role=\"button\" tabindex=\"0\">\n\t\t\t\t\t\t<i aria-hidden=\"true\" class=\"eicon-chevron-right\"><\/i>\t\t\t\t\t<\/div>\n\t\t\t\t\n\t\t\t\t\t\t\t\t\t<\/div>\n\t\t\t\t\t\t<\/div>\n\t\t\t\t<\/div>\n\t\t\t\t\t<\/div>\n\t\t<\/div>\n\t\t\t\t\t<\/div>\n\t\t<\/section>\n\t\t\t\t<section class=\"elementor-section elementor-top-section elementor-element elementor-element-49bf923 elementor-section-boxed elementor-section-height-default elementor-section-height-default\" data-id=\"49bf923\" data-element_type=\"section\" data-e-type=\"section\">\n\t\t\t\t\t\t<div class=\"elementor-container elementor-column-gap-default\">\n\t\t\t\t\t<div class=\"elementor-column elementor-col-33 elementor-top-column elementor-element elementor-element-09f77a0\" data-id=\"09f77a0\" data-element_type=\"column\" data-e-type=\"column\">\n\t\t\t<div class=\"elementor-widget-wrap\">\n\t\t\t\t\t\t\t<\/div>\n\t\t<\/div>\n\t\t\t\t<div class=\"elementor-column elementor-col-33 elementor-top-column elementor-element elementor-element-05dc648\" data-id=\"05dc648\" data-element_type=\"column\" data-e-type=\"column\">\n\t\t\t<div class=\"elementor-widget-wrap elementor-element-populated\">\n\t\t\t\t\t\t\t<\/div>\n\t\t<\/div>\n\t\t\t\t<div class=\"elementor-column elementor-col-33 elementor-top-column elementor-element elementor-element-78b596e\" data-id=\"78b596e\" data-element_type=\"column\" data-e-type=\"column\">\n\t\t\t<div class=\"elementor-widget-wrap\">\n\t\t\t\t\t\t\t<\/div>\n\t\t<\/div>\n\t\t\t\t\t<\/div>\n\t\t<\/section>\n\t\t\t\t<section class=\"elementor-section elementor-top-section elementor-element elementor-element-c6a52b4 elementor-section-boxed elementor-section-height-default elementor-section-height-default\" data-id=\"c6a52b4\" data-element_type=\"section\" data-e-type=\"section\">\n\t\t\t\t\t\t<div class=\"elementor-container elementor-column-gap-default\">\n\t\t\t\t\t<div class=\"elementor-column elementor-col-100 elementor-top-column elementor-element elementor-element-83ac786\" data-id=\"83ac786\" data-element_type=\"column\" data-e-type=\"column\">\n\t\t\t<div class=\"elementor-widget-wrap elementor-element-populated\">\n\t\t\t\t\t\t<div class=\"elementor-element elementor-element-68a5613 elementor-widget elementor-widget-text-editor\" data-id=\"68a5613\" data-element_type=\"widget\" data-e-type=\"widget\" data-widget_type=\"text-editor.default\">\n\t\t\t\t<div class=\"elementor-widget-container\">\n\t\t\t\t\t\t\t\t\t<p>\"Capsule\" evokes the image of a silo or a bioreactor, questioning the role of biotechnological intervention in agriculture. The shimmering glass sculpture encourages reflection on progress and ecology, like a kaleidoscope that changes according to the angle from which it is viewed.  The work also symbolizes a time capsule, which can be sent into space or buried for future generations.<\/p>\t\t\t\t\t\t\t\t<\/div>\n\t\t\t\t<\/div>\n\t\t\t\t\t<\/div>\n\t\t<\/div>\n\t\t\t\t\t<\/div>\n\t\t<\/section>\n\t\t\t\t<\/div>","protected":false},"excerpt":{"rendered":"<p>CAPSULE, 2023 &#8211; Miroirs, verre d\u2019acier transparent, vis de fondation &#8211; 157 \u00d8 x 500cm &#8211; \u00a9 Ithier Held et Ann Sophie Deldycke, \u00ab Capsule \u00bb \u00e9voque un silo ou un bior\u00e9acteur, interrogeant l\u2019intervention biotechnologique en agriculture. La sculpture miroitante en verre incite \u00e0 r\u00e9fl\u00e9chir sur le progr\u00e8s et l\u2019\u00e9cologie, tel un kal\u00e9idoscope changeant selon&#8230;<\/p>","protected":false},"author":1,"featured_media":0,"parent":0,"menu_order":0,"comment_status":"closed","ping_status":"closed","template":"","meta":{"_monsterinsights_skip_tracking":false,"_monsterinsights_sitenote_active":false,"_monsterinsights_sitenote_note":"","_monsterinsights_sitenote_category":0,"_kadence_starter_templates_imported_post":false,"_kad_post_transparent":"","_kad_post_title":"","_kad_post_layout":"","_kad_post_sidebar_id":"","_kad_post_content_style":"","_kad_post_vertical_padding":"","_kad_post_feature":"","_kad_post_feature_position":"","_kad_post_header":false,"_kad_post_footer":false,"_kad_post_classname":"","footnotes":""},"class_list":["post-2381","page","type-page","status-publish","hentry"],"aioseo_notices":[],"_links":{"self":[{"href":"https:\/\/maelledufour.be\/en\/wp-json\/wp\/v2\/pages\/2381","targetHints":{"allow":["GET"]}}],"collection":[{"href":"https:\/\/maelledufour.be\/en\/wp-json\/wp\/v2\/pages"}],"about":[{"href":"https:\/\/maelledufour.be\/en\/wp-json\/wp\/v2\/types\/page"}],"author":[{"embeddable":true,"href":"https:\/\/maelledufour.be\/en\/wp-json\/wp\/v2\/users\/1"}],"replies":[{"embeddable":true,"href":"https:\/\/maelledufour.be\/en\/wp-json\/wp\/v2\/comments?post=2381"}],"version-history":[{"count":35,"href":"https:\/\/maelledufour.be\/en\/wp-json\/wp\/v2\/pages\/2381\/revisions"}],"predecessor-version":[{"id":2942,"href":"https:\/\/maelledufour.be\/en\/wp-json\/wp\/v2\/pages\/2381\/revisions\/2942"}],"wp:attachment":[{"href":"https:\/\/maelledufour.be\/en\/wp-json\/wp\/v2\/media?parent=2381"}],"curies":[{"name":"wp","href":"https:\/\/api.w.org\/{rel}","templated":true}]}}